{"id":243811,"date":"2025-11-21T18:37:13","date_gmt":"2025-11-21T16:37:13","guid":{"rendered":"https:\/\/www.budream.com\/shop\/vents-aspirator-ttpro315-bipotenz-mit-drahtschalter-o-315mm-1570-2050mc-h\/"},"modified":"2026-01-22T16:37:12","modified_gmt":"2026-01-22T14:37:12","slug":"vents-aspirator-ttpro315-bipotenz-mit-drahtschalter-o-315mm-1570-2050mc-h","status":"publish","type":"product","link":"https:\/\/www.budream.com\/de\/shop\/vents-aspirator-ttpro315-bipotenz-mit-drahtschalter-o-315mm-1570-2050mc-h\/","title":{"rendered":"VENTS &#8211; ASPIRATOR TTPRO315 BIPOTENZ MIT DRAHTSCHALTER | \u00d8 315mm &#8211; 1570\/2050mc\/h"},"content":{"rendered":"<p>Die TT PRO Staubsauger sind die Weiterentwicklung der TT-Linie.<\/p>\n<p><strong>Die Motoren mit zwei Geschwindigkeiten werden \u00fcber einen integrierten Schalter gesteuert.<\/strong><\/p>\n<p><b>VENTS TT PRO<\/b> Staubsauger verf\u00fcgen \u00fcber die gro\u00dfe Kapazit\u00e4t und hohe Leistung von Axial- und Zentrifugalventilatoren und sind speziell f\u00fcr die Be- und Entl\u00fcftung von R\u00e4umen konzipiert, die einen hohen Druck, einen starken Luftstrom und einen niedrigen Ger\u00e4uschpegel erfordern.<\/p>\n<p><strong>ROBUSTER, EFFIZIENTER, LEISTUNGSF\u00c4HIGER.<\/strong><\/p>\n<p>Die Linie TT PRO entstand aus der Notwendigkeit, die neuen europ\u00e4ischen Vorschriften zur Optimierung der Leistung und zur Reduzierung des Energieverbrauchs zu erf\u00fcllen.<\/p>\n<p>Dank eines innovativen Designs der aerodynamischeren Innenteile und der neuen Motoren ist es den VENTS-Labors gelungen, den Luftdurchsatz zu erh\u00f6hen und gleichzeitig den Stromverbrauch und die Ger\u00e4uschentwicklung im Vergleich zur vorherigen Serie* proportional zu senken.<\/p>\n<p>Das abnehmbare Laufrad und der Motorblock mit Klemmenkasten sind mit Hilfe spezieller Klemmen mit Sperrklinken am Geh\u00e4use befestigt, das mit den Zapfen zusammengebaut ist. Dies erm\u00f6glicht eine schnelle und einfache Wartung des Ventilators. Die Wartung des Ventilators erfordert keine vollst\u00e4ndige Demontage. Es gen\u00fcgt, den zentralen Block aus dem Geh\u00e4use zu entfernen und die erforderliche Wartung durchzuf\u00fchren.<\/p>\n<p><strong>Achtung:<\/strong> <span style=\"text-decoration: underline\">Der Ventilator ist bereits verkabelt<\/span>, einfach einstecken. KEINE ANSCHL\u00dcSSE ZU MACHEN!!!<\/p>\n<h2><span style=\"text-decoration: underline\"><strong>TT PRO Vents Merkmale:<\/strong><\/span><\/h2>\n<ul style=\"list-style-type: disc\">\n<li><strong>Die Motoren mit zwei Leistungen und zwei Geschwindigkeiten werden \u00fcber einen integrierten Schalter gesteuert.<\/strong><\/li>\n<li>Das Geh\u00e4use ist aus hochwertigem, langlebigem Kunststoff gefertigt.<\/li>\n<li>Alle Modelle k\u00f6nnen mit einer programmierbaren Zeitschaltuhr mit einstellbarer Abschaltverz\u00f6gerung von 2 bis 30 Minuten ausgestattet werden.<\/li>\n<li>Das Geh\u00e4use des <strong>VENTS TT PRO<\/strong> Ventilators ist aus schwer entflammbarem Polypropylen gefertigt.<\/li>\n<li>Die halbkugelf\u00f6rmige Form des Laufrads und die speziell profilierten Schaufeln erh\u00f6hen die Kreisgeschwindigkeit des Luftstroms.<\/li>\n<li>Der Motor hat die Schutzart IP X4.<\/li>\n<li>Die Ventilatoren sind f\u00fcr den Einbau in jedem Winkel und an jeder Stelle der Anlage geeignet. Es k\u00f6nnen mehrere Ventilatoren in einer Anlage installiert werden.<\/li>\n<li>Ger\u00e4uscharm = 49\/58dbA in 3m Entfernung<\/li>\n<\/ul>\n","protected":false},"excerpt":{"rendered":"<p>Die TT PRO Staubsauger sind die Weiterentwicklung der TT-Linie. Die Motoren mit zwei Geschwindigkeiten werden \u00fcber einen integrierten Schalter gesteuert.<\/p>\n","protected":false},"featured_media":135715,"comment_status":"open","ping_status":"closed","template":"","meta":[],"product_brand":[],"product_cat":[7943],"product_tag":[],"class_list":{"0":"post-243811","1":"product","2":"type-product","3":"status-publish","4":"has-post-thumbnail","6":"product_cat-ventilatoren-und-absauger","8":"first","9":"instock","10":"taxable","11":"shipping-taxable","12":"purchasable","13":"product-type-simple"},"aioseo_notices":[],"_links":{"self":[{"href":"https:\/\/www.budream.com\/de\/wp-json\/wp\/v2\/product\/243811","targetHints":{"allow":["GET"]}}],"collection":[{"href":"https:\/\/www.budream.com\/de\/wp-json\/wp\/v2\/product"}],"about":[{"href":"https:\/\/www.budream.com\/de\/wp-json\/wp\/v2\/types\/product"}],"replies":[{"embeddable":true,"href":"https:\/\/www.budream.com\/de\/wp-json\/wp\/v2\/comments?post=243811"}],"version-history":[{"count":0,"href":"https:\/\/www.budream.com\/de\/wp-json\/wp\/v2\/product\/243811\/revisions"}],"wp:featuredmedia":[{"embeddable":true,"href":"https:\/\/www.budream.com\/de\/wp-json\/wp\/v2\/media\/135715"}],"wp:attachment":[{"href":"https:\/\/www.budream.com\/de\/wp-json\/wp\/v2\/media?parent=243811"}],"wp:term":[{"taxonomy":"product_brand","embeddable":true,"href":"https:\/\/www.budream.com\/de\/wp-json\/wp\/v2\/product_brand?post=243811"},{"taxonomy":"product_cat","embeddable":true,"href":"https:\/\/www.budream.com\/de\/wp-json\/wp\/v2\/product_cat?post=243811"},{"taxonomy":"product_tag","embeddable":true,"href":"https:\/\/www.budream.com\/de\/wp-json\/wp\/v2\/product_tag?post=243811"}],"curies":[{"name":"wp","href":"https:\/\/api.w.org\/{rel}","templated":true}]}}