{"id":243821,"date":"2025-11-21T18:38:14","date_gmt":"2025-11-21T16:38:14","guid":{"rendered":"https:\/\/www.budream.com\/shop\/sweet-seeds-jack-47-auto-fem-sws31-52-seeds-verfuegbar-solange-der-vorrat-reicht\/"},"modified":"2026-03-22T08:59:54","modified_gmt":"2026-03-22T06:59:54","slug":"sweet-seeds-jack-47-auto-fem-sws31-52-seeds-verfuegbar-solange-der-vorrat-reicht","status":"publish","type":"product","link":"https:\/\/www.budream.com\/de\/shop\/sweet-seeds-jack-47-auto-fem-sws31-52-seeds-verfuegbar-solange-der-vorrat-reicht\/","title":{"rendered":"SWEET SEEDS &#8211; JACK 47 AUTO\u00ae FEM (SWS31) | 5+2 SEEDS Verf\u00fcgbar solange der Vorrat reicht"},"content":{"rendered":"<p><strong>JACK 47 AUTO\u00ae FEM (SWS31) | 5+2 SEEDS<\/strong> ist ein Sativa-dominanter Hybrid, ideal f\u00fcr diejenigen, die Klarheit und Kreativit\u00e4t suchen von SWEET SEEDS. Verf\u00fcgbar in Packungen mit 5 Samen feminisiert. Mit gutem THC-Gehalt (Hoch (15\u201319\u202f%)), diese Pflanze richtet sich an diejenigen, die Potenz und Qualit\u00e4t suchen. Im Anbau, bl\u00fcht schnell in 7-9 Wochen und produziert gro\u00dfz\u00fcgige Ertr\u00e4ge. In der Nase und am Gaumen zeichnet sich sein \ud83c\udf4b Zitrusartig-Aroma aus.<\/p>\n","protected":false},"excerpt":{"rendered":"<p>\ud83c\udf3f JACK 47 AUTO\u00ae FEM (SWS31) | 5+2 SEEDS von SWEET SEEDS \u00b7 \ud83e\uddec Sativa Dominant (60%+) \u00b7 \ud83d\udcaa THC hoch (Hoch (15\u201319\u202f%)).<\/p>\n","protected":false},"featured_media":135810,"comment_status":"open","ping_status":"closed","template":"","meta":[],"product_brand":[],"product_cat":[7952],"product_tag":[10126,10128,10484,8511,8543,10140,10150],"class_list":{"0":"post-243821","1":"product","2":"type-product","3":"status-publish","4":"has-post-thumbnail","6":"product_cat-seedshop-de","7":"product_tag-cannabis-samen","8":"product_tag-feminisierte-samen","9":"product_tag-jack-47-auto-fem-sws31-52-seeds-verfuegbar-solange-der-vorrat-reicht","10":"product_tag-sativa","11":"product_tag-sweet-seeds","12":"product_tag-thc-hoch","13":"product_tag-zitrusartig","15":"first","16":"instock","17":"taxable","18":"shipping-taxable","19":"purchasable","20":"product-type-simple"},"aioseo_notices":[],"_links":{"self":[{"href":"https:\/\/www.budream.com\/de\/wp-json\/wp\/v2\/product\/243821","targetHints":{"allow":["GET"]}}],"collection":[{"href":"https:\/\/www.budream.com\/de\/wp-json\/wp\/v2\/product"}],"about":[{"href":"https:\/\/www.budream.com\/de\/wp-json\/wp\/v2\/types\/product"}],"replies":[{"embeddable":true,"href":"https:\/\/www.budream.com\/de\/wp-json\/wp\/v2\/comments?post=243821"}],"version-history":[{"count":1,"href":"https:\/\/www.budream.com\/de\/wp-json\/wp\/v2\/product\/243821\/revisions"}],"predecessor-version":[{"id":259496,"href":"https:\/\/www.budream.com\/de\/wp-json\/wp\/v2\/product\/243821\/revisions\/259496"}],"wp:featuredmedia":[{"embeddable":true,"href":"https:\/\/www.budream.com\/de\/wp-json\/wp\/v2\/media\/135810"}],"wp:attachment":[{"href":"https:\/\/www.budream.com\/de\/wp-json\/wp\/v2\/media?parent=243821"}],"wp:term":[{"taxonomy":"product_brand","embeddable":true,"href":"https:\/\/www.budream.com\/de\/wp-json\/wp\/v2\/product_brand?post=243821"},{"taxonomy":"product_cat","embeddable":true,"href":"https:\/\/www.budream.com\/de\/wp-json\/wp\/v2\/product_cat?post=243821"},{"taxonomy":"product_tag","embeddable":true,"href":"https:\/\/www.budream.com\/de\/wp-json\/wp\/v2\/product_tag?post=243821"}],"curies":[{"name":"wp","href":"https:\/\/api.w.org\/{rel}","templated":true}]}}