{"id":243826,"date":"2025-11-21T18:38:44","date_gmt":"2025-11-21T16:38:44","guid":{"rendered":"https:\/\/www.budream.com\/shop\/sweet-seeds-cream-47-fem-sws26-52-seeds-verfuegbar-solange-der-vorrat-reicht\/"},"modified":"2026-03-22T08:59:59","modified_gmt":"2026-03-22T06:59:59","slug":"sweet-seeds-cream-47-fem-sws26-52-seeds-verfuegbar-solange-der-vorrat-reicht","status":"publish","type":"product","link":"https:\/\/www.budream.com\/de\/shop\/sweet-seeds-cream-47-fem-sws26-52-seeds-verfuegbar-solange-der-vorrat-reicht\/","title":{"rendered":"SWEET SEEDS &#8211; CREAM 47\u00ae FEM (SWS26) 5+2 SEEDS Verf\u00fcgbar solange der Vorrat reicht"},"content":{"rendered":"<p><strong>CREAM 47\u00ae FEM (SWS26) 5+2 SEEDS<\/strong> ist ein ausgewogener Hybrid zwischen Indica und Sativa, vielseitig und f\u00fcr jede Gelegenheit geeignet von SWEET SEEDS. Verf\u00fcgbar in Packungen mit 5 Samen feminisiert. Mit sehr hohem THC-Gehalt (Sehr hoch (20\u202f%+)), diese Pflanze richtet sich an erfahrene Z\u00fcchter. Im Anbau, bl\u00fcht schnell in 7-9 Wochen und produziert gro\u00dfz\u00fcgige Ertr\u00e4ge. In der Nase und am Gaumen zeichnet sich sein \ud83c\udf3f Erdiger-Aroma aus.<\/p>\n","protected":false},"excerpt":{"rendered":"<p>\ud83c\udf3f CREAM 47\u00ae FEM (SWS26) 5+2 SEEDS von SWEET SEEDS \u00b7 \ud83e\uddec Indica \/ Sativa \u00b7 \ud83d\udd25 THC sehr hoch (Sehr hoch (20\u202f%+)).<\/p>\n","protected":false},"featured_media":135830,"comment_status":"open","ping_status":"closed","template":"","meta":[],"product_brand":[],"product_cat":[7952],"product_tag":[10126,10485,10147,10128,9931,8510,8511,8543,10124],"class_list":{"0":"post-243826","1":"product","2":"type-product","3":"status-publish","4":"has-post-thumbnail","6":"product_cat-seedshop-de","7":"product_tag-cannabis-samen","8":"product_tag-cream-47-fem-sws26-52-seeds-verfuegbar-solange-der-vorrat-reicht","9":"product_tag-erdiger","10":"product_tag-feminisierte-samen","11":"product_tag-hybrid","12":"product_tag-indica","13":"product_tag-sativa","14":"product_tag-sweet-seeds","15":"product_tag-thc-sehr-hoch","17":"first","18":"instock","19":"taxable","20":"shipping-taxable","21":"purchasable","22":"product-type-simple"},"aioseo_notices":[],"_links":{"self":[{"href":"https:\/\/www.budream.com\/de\/wp-json\/wp\/v2\/product\/243826","targetHints":{"allow":["GET"]}}],"collection":[{"href":"https:\/\/www.budream.com\/de\/wp-json\/wp\/v2\/product"}],"about":[{"href":"https:\/\/www.budream.com\/de\/wp-json\/wp\/v2\/types\/product"}],"replies":[{"embeddable":true,"href":"https:\/\/www.budream.com\/de\/wp-json\/wp\/v2\/comments?post=243826"}],"version-history":[{"count":1,"href":"https:\/\/www.budream.com\/de\/wp-json\/wp\/v2\/product\/243826\/revisions"}],"predecessor-version":[{"id":259497,"href":"https:\/\/www.budream.com\/de\/wp-json\/wp\/v2\/product\/243826\/revisions\/259497"}],"wp:featuredmedia":[{"embeddable":true,"href":"https:\/\/www.budream.com\/de\/wp-json\/wp\/v2\/media\/135830"}],"wp:attachment":[{"href":"https:\/\/www.budream.com\/de\/wp-json\/wp\/v2\/media?parent=243826"}],"wp:term":[{"taxonomy":"product_brand","embeddable":true,"href":"https:\/\/www.budream.com\/de\/wp-json\/wp\/v2\/product_brand?post=243826"},{"taxonomy":"product_cat","embeddable":true,"href":"https:\/\/www.budream.com\/de\/wp-json\/wp\/v2\/product_cat?post=243826"},{"taxonomy":"product_tag","embeddable":true,"href":"https:\/\/www.budream.com\/de\/wp-json\/wp\/v2\/product_tag?post=243826"}],"curies":[{"name":"wp","href":"https:\/\/api.w.org\/{rel}","templated":true}]}}