{"id":243841,"date":"2025-11-21T18:40:21","date_gmt":"2025-11-21T16:40:21","guid":{"rendered":"https:\/\/www.budream.com\/shop\/dutch-passion-auto-brooklyn-sunrise-fem-7-seeds-verfuegbar-solange-der-vorrat-reicht\/"},"modified":"2026-03-22T09:00:35","modified_gmt":"2026-03-22T07:00:35","slug":"dutch-passion-auto-brooklyn-sunrise-fem-7-seeds-verfuegbar-solange-der-vorrat-reicht","status":"publish","type":"product","link":"https:\/\/www.budream.com\/de\/shop\/dutch-passion-auto-brooklyn-sunrise-fem-7-seeds-verfuegbar-solange-der-vorrat-reicht\/","title":{"rendered":"DUTCH PASSION &#8211; AUTO BROOKLYN SUNRISE\u00ae FEM | 7 SEEDS Verf\u00fcgbar solange der Vorrat reicht"},"content":{"rendered":"<p><strong>AUTO BROOKLYN SUNRISE\u00ae FEM | 7 SEEDS<\/strong> ist ein ausgewogener Hybrid zwischen Indica und Sativa, vielseitig und f\u00fcr jede Gelegenheit geeignet von DUTCH PASSION. Verf\u00fcgbar in Packungen mit 7 Samen feminisiert. Mit gutem THC-Gehalt (Hoch (15\u201319\u202f%)), diese Pflanze richtet sich an diejenigen, die Potenz und Qualit\u00e4t suchen. Im Anbau, hat einen mittleren Bl\u00fctezyklus von 10-12 Wochen und garantiert reichlich Ertr\u00e4ge. In der Nase und am Gaumen zeichnet sich sein \ud83c\udf53 S\u00fc\u00df \/ Fruchtig-Aroma aus.<\/p>\n","protected":false},"excerpt":{"rendered":"<p>\ud83c\udf3f AUTO BROOKLYN SUNRISE\u00ae FEM | 7 SEEDS von DUTCH PASSION \u00b7 \ud83e\uddec Indica \/ Sativa \u00b7 \ud83d\udcaa THC hoch (Hoch (15\u201319\u202f%)) \u00b7 \ud83d\udce6 Ertrag XL.<\/p>\n","protected":false},"featured_media":137524,"comment_status":"open","ping_status":"closed","template":"","meta":[],"product_brand":[],"product_cat":[7952],"product_tag":[10487,10126,8508,10128,9931,8510,8511,10171,10140],"class_list":{"0":"post-243841","1":"product","2":"type-product","3":"status-publish","4":"has-post-thumbnail","6":"product_cat-seedshop-de","7":"product_tag-auto-brooklyn-sunrise-fem-7-seeds-verfuegbar-solange-der-vorrat-reicht","8":"product_tag-cannabis-samen","9":"product_tag-dutch-passion","10":"product_tag-feminisierte-samen","11":"product_tag-hybrid","12":"product_tag-indica","13":"product_tag-sativa","14":"product_tag-suess-fruchtig","15":"product_tag-thc-hoch","17":"first","18":"outofstock","19":"taxable","20":"shipping-taxable","21":"purchasable","22":"product-type-simple"},"aioseo_notices":[],"_links":{"self":[{"href":"https:\/\/www.budream.com\/de\/wp-json\/wp\/v2\/product\/243841","targetHints":{"allow":["GET"]}}],"collection":[{"href":"https:\/\/www.budream.com\/de\/wp-json\/wp\/v2\/product"}],"about":[{"href":"https:\/\/www.budream.com\/de\/wp-json\/wp\/v2\/types\/product"}],"replies":[{"embeddable":true,"href":"https:\/\/www.budream.com\/de\/wp-json\/wp\/v2\/comments?post=243841"}],"version-history":[{"count":1,"href":"https:\/\/www.budream.com\/de\/wp-json\/wp\/v2\/product\/243841\/revisions"}],"predecessor-version":[{"id":259500,"href":"https:\/\/www.budream.com\/de\/wp-json\/wp\/v2\/product\/243841\/revisions\/259500"}],"wp:featuredmedia":[{"embeddable":true,"href":"https:\/\/www.budream.com\/de\/wp-json\/wp\/v2\/media\/137524"}],"wp:attachment":[{"href":"https:\/\/www.budream.com\/de\/wp-json\/wp\/v2\/media?parent=243841"}],"wp:term":[{"taxonomy":"product_brand","embeddable":true,"href":"https:\/\/www.budream.com\/de\/wp-json\/wp\/v2\/product_brand?post=243841"},{"taxonomy":"product_cat","embeddable":true,"href":"https:\/\/www.budream.com\/de\/wp-json\/wp\/v2\/product_cat?post=243841"},{"taxonomy":"product_tag","embeddable":true,"href":"https:\/\/www.budream.com\/de\/wp-json\/wp\/v2\/product_tag?post=243841"}],"curies":[{"name":"wp","href":"https:\/\/api.w.org\/{rel}","templated":true}]}}