{"id":243846,"date":"2025-11-21T18:40:52","date_gmt":"2025-11-21T16:40:52","guid":{"rendered":"https:\/\/www.budream.com\/shop\/seedsalad-schnelle-linie-jack-herer-pipette-100-samen-femm\/"},"modified":"2026-03-22T09:00:40","modified_gmt":"2026-03-22T07:00:40","slug":"seedsalad-schnelle-linie-jack-herer-pipette-100-samen-femm","status":"publish","type":"product","link":"https:\/\/www.budream.com\/de\/shop\/seedsalad-schnelle-linie-jack-herer-pipette-100-samen-femm\/","title":{"rendered":"SEEDSALAD &#8211; SCHNELLE LINIE JACK HERER PIPETTE 100 SAMEN FEMM"},"content":{"rendered":"<p><strong>SCHNELLE LINIE JACK HERER PIPETTE 100 SAMEN FEMM<\/strong> ist eine \u00fcberwiegend Indica-Sorte mit tiefgreifenden und entspannenden Effekten von SEEDSALAD. Verf\u00fcgbar in Packungen mit 100 Samen feminisiert. Mit sehr hohem THC-Gehalt (Sehr hoch (20\u202f%+)), diese Pflanze richtet sich an erfahrene Z\u00fcchter. Im Anbau, bl\u00fcht schnell in 7-9 Wochen und produziert gro\u00dfz\u00fcgige Ertr\u00e4ge. In der Nase und am Gaumen zeichnet sich sein \ud83c\udf53 S\u00fc\u00df \/ Fruchtig-Aroma aus.<\/p>\n","protected":false},"excerpt":{"rendered":"<p>\ud83c\udf3f SCHNELLE LINIE JACK HERER PIPETTE 100 SAMEN FEMM von SEEDSALAD \u00b7 \ud83e\uddec Indica (90%+) \u00b7 \ud83d\udd25 THC sehr hoch (Sehr hoch (20\u202f%+)).<\/p>\n","protected":false},"featured_media":202290,"comment_status":"open","ping_status":"closed","template":"","meta":[],"product_brand":[],"product_cat":[7952],"product_tag":[10126,10128,8510,10488,8565,10171,10124],"class_list":{"0":"post-243846","1":"product","2":"type-product","3":"status-publish","4":"has-post-thumbnail","6":"product_cat-seedshop-de","7":"product_tag-cannabis-samen","8":"product_tag-feminisierte-samen","9":"product_tag-indica","10":"product_tag-schnelle-linie-jack-herer-pipette-100-samen-femm","11":"product_tag-seedsalad","12":"product_tag-suess-fruchtig","13":"product_tag-thc-sehr-hoch","15":"first","16":"outofstock","17":"taxable","18":"shipping-taxable","19":"purchasable","20":"product-type-simple"},"aioseo_notices":[],"_links":{"self":[{"href":"https:\/\/www.budream.com\/de\/wp-json\/wp\/v2\/product\/243846","targetHints":{"allow":["GET"]}}],"collection":[{"href":"https:\/\/www.budream.com\/de\/wp-json\/wp\/v2\/product"}],"about":[{"href":"https:\/\/www.budream.com\/de\/wp-json\/wp\/v2\/types\/product"}],"replies":[{"embeddable":true,"href":"https:\/\/www.budream.com\/de\/wp-json\/wp\/v2\/comments?post=243846"}],"version-history":[{"count":1,"href":"https:\/\/www.budream.com\/de\/wp-json\/wp\/v2\/product\/243846\/revisions"}],"predecessor-version":[{"id":259501,"href":"https:\/\/www.budream.com\/de\/wp-json\/wp\/v2\/product\/243846\/revisions\/259501"}],"wp:featuredmedia":[{"embeddable":true,"href":"https:\/\/www.budream.com\/de\/wp-json\/wp\/v2\/media\/202290"}],"wp:attachment":[{"href":"https:\/\/www.budream.com\/de\/wp-json\/wp\/v2\/media?parent=243846"}],"wp:term":[{"taxonomy":"product_brand","embeddable":true,"href":"https:\/\/www.budream.com\/de\/wp-json\/wp\/v2\/product_brand?post=243846"},{"taxonomy":"product_cat","embeddable":true,"href":"https:\/\/www.budream.com\/de\/wp-json\/wp\/v2\/product_cat?post=243846"},{"taxonomy":"product_tag","embeddable":true,"href":"https:\/\/www.budream.com\/de\/wp-json\/wp\/v2\/product_tag?post=243846"}],"curies":[{"name":"wp","href":"https:\/\/api.w.org\/{rel}","templated":true}]}}