{"id":243856,"date":"2025-11-21T18:41:55","date_gmt":"2025-11-21T16:41:55","guid":{"rendered":"https:\/\/www.budream.com\/shop\/seedsalad-reina-madre-pipette-100-samen-femm\/"},"modified":"2026-03-22T09:00:50","modified_gmt":"2026-03-22T07:00:50","slug":"seedsalad-reina-madre-pipette-100-samen-femm","status":"publish","type":"product","link":"https:\/\/www.budream.com\/de\/shop\/seedsalad-reina-madre-pipette-100-samen-femm\/","title":{"rendered":"SEEDSALAD &#8211; REINA MADRE PIPETTE 100 SAMEN FEMM"},"content":{"rendered":"<p><strong>REINA MADRE PIPETTE 100 SAMEN FEMM<\/strong> ist ein ausgewogener Hybrid zwischen Indica und Sativa, vielseitig und f\u00fcr jede Gelegenheit geeignet von SEEDSALAD. Verf\u00fcgbar in Packungen mit 100 Samen feminisiert. Mit sehr hohem THC-Gehalt (Sehr hoch (20\u202f%+)), diese Pflanze richtet sich an erfahrene Z\u00fcchter. Im Anbau, hat einen mittleren Bl\u00fctezyklus von 10-12 Wochen und produziert gro\u00dfz\u00fcgige Ertr\u00e4ge. In der Nase und am Gaumen zeichnet sich sein \ud83c\udf53 S\u00fc\u00df \/ Fruchtig-Aroma aus.<\/p>\n","protected":false},"excerpt":{"rendered":"<p>\ud83c\udf3f REINA MADRE PIPETTE 100 SAMEN FEMM von SEEDSALAD \u00b7 \ud83e\uddec Indica \/ Sativa \u00b7 \ud83d\udd25 THC sehr hoch (Sehr hoch (20\u202f%+)).<\/p>\n","protected":false},"featured_media":202345,"comment_status":"open","ping_status":"closed","template":"","meta":[],"product_brand":[],"product_cat":[7952],"product_tag":[10126,10128,9931,8510,10490,8511,8565,10171,10124],"class_list":{"0":"post-243856","1":"product","2":"type-product","3":"status-publish","4":"has-post-thumbnail","6":"product_cat-seedshop-de","7":"product_tag-cannabis-samen","8":"product_tag-feminisierte-samen","9":"product_tag-hybrid","10":"product_tag-indica","11":"product_tag-reina-madre-pipette-100-samen-femm","12":"product_tag-sativa","13":"product_tag-seedsalad","14":"product_tag-suess-fruchtig","15":"product_tag-thc-sehr-hoch","17":"first","18":"instock","19":"taxable","20":"shipping-taxable","21":"purchasable","22":"product-type-simple"},"aioseo_notices":[],"_links":{"self":[{"href":"https:\/\/www.budream.com\/de\/wp-json\/wp\/v2\/product\/243856","targetHints":{"allow":["GET"]}}],"collection":[{"href":"https:\/\/www.budream.com\/de\/wp-json\/wp\/v2\/product"}],"about":[{"href":"https:\/\/www.budream.com\/de\/wp-json\/wp\/v2\/types\/product"}],"replies":[{"embeddable":true,"href":"https:\/\/www.budream.com\/de\/wp-json\/wp\/v2\/comments?post=243856"}],"version-history":[{"count":1,"href":"https:\/\/www.budream.com\/de\/wp-json\/wp\/v2\/product\/243856\/revisions"}],"predecessor-version":[{"id":259503,"href":"https:\/\/www.budream.com\/de\/wp-json\/wp\/v2\/product\/243856\/revisions\/259503"}],"wp:featuredmedia":[{"embeddable":true,"href":"https:\/\/www.budream.com\/de\/wp-json\/wp\/v2\/media\/202345"}],"wp:attachment":[{"href":"https:\/\/www.budream.com\/de\/wp-json\/wp\/v2\/media?parent=243856"}],"wp:term":[{"taxonomy":"product_brand","embeddable":true,"href":"https:\/\/www.budream.com\/de\/wp-json\/wp\/v2\/product_brand?post=243856"},{"taxonomy":"product_cat","embeddable":true,"href":"https:\/\/www.budream.com\/de\/wp-json\/wp\/v2\/product_cat?post=243856"},{"taxonomy":"product_tag","embeddable":true,"href":"https:\/\/www.budream.com\/de\/wp-json\/wp\/v2\/product_tag?post=243856"}],"curies":[{"name":"wp","href":"https:\/\/api.w.org\/{rel}","templated":true}]}}