{"id":243866,"date":"2025-11-21T18:42:56","date_gmt":"2025-11-21T16:42:56","guid":{"rendered":"https:\/\/www.budream.com\/shop\/royal-queen-seeds-amserdam-golden-metal-grinder-52mm\/"},"modified":"2026-03-16T18:22:44","modified_gmt":"2026-03-16T16:22:44","slug":"royal-queen-seeds-amserdam-golden-metal-grinder-52mm","status":"publish","type":"product","link":"https:\/\/www.budream.com\/de\/shop\/royal-queen-seeds-amserdam-golden-metal-grinder-52mm\/","title":{"rendered":"ROYAL QUEEN SEEDS &#8211; AMSERDAM GOLDEN METAL GRINDER | 52mm"},"content":{"rendered":"<p>Kein Zweifel, der Royal Queen Seeds Embossed Metal Grinder sieht mit dem eingravierten Royal Queen Seeds Logo auf der Oberseite gro\u00dfartig aus! Aber das Aussehen ist nicht das Wichtigste, wenn es um Grinder geht. Dieser Grinder wird Sie nicht entt\u00e4uschen! Er ist aus einer robusten Zinklegierung gefertigt und besteht aus 4 Teilen, darunter ein Filter und ein Kief-Beh\u00e4lter!<\/p>\n<h2><strong>Eigenschaften Royal Queen Seeds gepr\u00e4gter Metallgrinder:<\/strong><\/h2>\n<ul style=\"list-style-type: disc\">\n<li><strong>Material:<\/strong> Aluminium<\/li>\n<\/ul>\n<p><a href=\"http:\/\/www.dutch-passion.nl\/it\/\" target=\"_blank\" rel=\"noopener noreferrer\"><br \/><\/a><\/p>\n<div><\/div>\n","protected":false},"excerpt":{"rendered":"<p>Kein Zweifel, der Royal Queen Seeds Embossed Metal Grinder sieht mit dem eingravierten Royal Queen Seeds Logo auf der Oberseite<\/p>\n","protected":false},"featured_media":139857,"comment_status":"open","ping_status":"closed","template":"","meta":[],"product_brand":[],"product_cat":[7947],"product_tag":[],"class_list":{"0":"post-243866","1":"product","2":"type-product","3":"status-publish","4":"has-post-thumbnail","6":"product_cat-headshop-de","8":"first","9":"instock","10":"taxable","11":"shipping-taxable","12":"purchasable","13":"product-type-simple"},"aioseo_notices":[],"_links":{"self":[{"href":"https:\/\/www.budream.com\/de\/wp-json\/wp\/v2\/product\/243866","targetHints":{"allow":["GET"]}}],"collection":[{"href":"https:\/\/www.budream.com\/de\/wp-json\/wp\/v2\/product"}],"about":[{"href":"https:\/\/www.budream.com\/de\/wp-json\/wp\/v2\/types\/product"}],"replies":[{"embeddable":true,"href":"https:\/\/www.budream.com\/de\/wp-json\/wp\/v2\/comments?post=243866"}],"version-history":[{"count":0,"href":"https:\/\/www.budream.com\/de\/wp-json\/wp\/v2\/product\/243866\/revisions"}],"wp:featuredmedia":[{"embeddable":true,"href":"https:\/\/www.budream.com\/de\/wp-json\/wp\/v2\/media\/139857"}],"wp:attachment":[{"href":"https:\/\/www.budream.com\/de\/wp-json\/wp\/v2\/media?parent=243866"}],"wp:term":[{"taxonomy":"product_brand","embeddable":true,"href":"https:\/\/www.budream.com\/de\/wp-json\/wp\/v2\/product_brand?post=243866"},{"taxonomy":"product_cat","embeddable":true,"href":"https:\/\/www.budream.com\/de\/wp-json\/wp\/v2\/product_cat?post=243866"},{"taxonomy":"product_tag","embeddable":true,"href":"https:\/\/www.budream.com\/de\/wp-json\/wp\/v2\/product_tag?post=243866"}],"curies":[{"name":"wp","href":"https:\/\/api.w.org\/{rel}","templated":true}]}}