{"id":243886,"date":"2025-11-21T18:44:07","date_gmt":"2025-11-21T16:44:07","guid":{"rendered":"https:\/\/www.budream.com\/shop\/sweet-seeds-do-sweet-dos-fem-sws80-52-seeds-verfuegbar-solange-der-vorrat-reicht\/"},"modified":"2026-03-22T09:01:03","modified_gmt":"2026-03-22T07:01:03","slug":"sweet-seeds-do-sweet-dos-fem-sws80-52-seeds-verfuegbar-solange-der-vorrat-reicht","status":"publish","type":"product","link":"https:\/\/www.budream.com\/de\/shop\/sweet-seeds-do-sweet-dos-fem-sws80-52-seeds-verfuegbar-solange-der-vorrat-reicht\/","title":{"rendered":"SWEET SEEDS &#8211; DO-SWEET-DOS\u00ae FEM (SWS80) | 5+2 SEEDS Verf\u00fcgbar solange der Vorrat reicht"},"content":{"rendered":"<p><strong>DO-SWEET-DOS\u00ae FEM (SWS80) | 5+2 SEEDS<\/strong> ist ein Indica-dominanter Hybrid, der k\u00f6rperliche Entspannung mit reichlich Ertr\u00e4gen verbindet von SWEET SEEDS. Verf\u00fcgbar in Packungen mit 5 Samen feminisiert. Mit gutem THC-Gehalt (Hoch (15\u201319\u202f%)), diese Pflanze richtet sich an diejenigen, die Potenz und Qualit\u00e4t suchen. Im Anbau, hat einen mittleren Bl\u00fctezyklus von 10-12 Wochen und produziert gro\u00dfz\u00fcgige Ertr\u00e4ge.<\/p>\n","protected":false},"excerpt":{"rendered":"<p>\ud83c\udf3f DO-SWEET-DOS\u00ae FEM (SWS80) | 5+2 SEEDS von SWEET SEEDS \u00b7 \ud83e\uddec Indica Dominant (60%+) \u00b7 \ud83d\udcaa THC hoch (Hoch (15\u201319\u202f%)).<\/p>\n","protected":false},"featured_media":142282,"comment_status":"open","ping_status":"closed","template":"","meta":[],"product_brand":[],"product_cat":[7952],"product_tag":[10126,10491,10128,8510,8543,10140],"class_list":{"0":"post-243886","1":"product","2":"type-product","3":"status-publish","4":"has-post-thumbnail","6":"product_cat-seedshop-de","7":"product_tag-cannabis-samen","8":"product_tag-do-sweet-dos-fem-sws80-52-seeds-verfuegbar-solange-der-vorrat-reicht","9":"product_tag-feminisierte-samen","10":"product_tag-indica","11":"product_tag-sweet-seeds","12":"product_tag-thc-hoch","14":"first","15":"instock","16":"taxable","17":"shipping-taxable","18":"purchasable","19":"product-type-simple"},"aioseo_notices":[],"_links":{"self":[{"href":"https:\/\/www.budream.com\/de\/wp-json\/wp\/v2\/product\/243886","targetHints":{"allow":["GET"]}}],"collection":[{"href":"https:\/\/www.budream.com\/de\/wp-json\/wp\/v2\/product"}],"about":[{"href":"https:\/\/www.budream.com\/de\/wp-json\/wp\/v2\/types\/product"}],"replies":[{"embeddable":true,"href":"https:\/\/www.budream.com\/de\/wp-json\/wp\/v2\/comments?post=243886"}],"version-history":[{"count":1,"href":"https:\/\/www.budream.com\/de\/wp-json\/wp\/v2\/product\/243886\/revisions"}],"predecessor-version":[{"id":259505,"href":"https:\/\/www.budream.com\/de\/wp-json\/wp\/v2\/product\/243886\/revisions\/259505"}],"wp:featuredmedia":[{"embeddable":true,"href":"https:\/\/www.budream.com\/de\/wp-json\/wp\/v2\/media\/142282"}],"wp:attachment":[{"href":"https:\/\/www.budream.com\/de\/wp-json\/wp\/v2\/media?parent=243886"}],"wp:term":[{"taxonomy":"product_brand","embeddable":true,"href":"https:\/\/www.budream.com\/de\/wp-json\/wp\/v2\/product_brand?post=243886"},{"taxonomy":"product_cat","embeddable":true,"href":"https:\/\/www.budream.com\/de\/wp-json\/wp\/v2\/product_cat?post=243886"},{"taxonomy":"product_tag","embeddable":true,"href":"https:\/\/www.budream.com\/de\/wp-json\/wp\/v2\/product_tag?post=243886"}],"curies":[{"name":"wp","href":"https:\/\/api.w.org\/{rel}","templated":true}]}}