{"id":243911,"date":"2025-11-21T18:52:03","date_gmt":"2025-11-21T16:52:03","guid":{"rendered":"https:\/\/www.budream.com\/shop\/weisses-etikett-nicole-hindu-kush-fem-3-samen\/"},"modified":"2026-03-22T09:01:45","modified_gmt":"2026-03-22T07:01:45","slug":"weisses-etikett-nicole-hindu-kush-fem-3-samen","status":"publish","type":"product","link":"https:\/\/www.budream.com\/de\/shop\/weisses-etikett-nicole-hindu-kush-fem-3-samen\/","title":{"rendered":"WEISSES ETIKETT &#8211; NICOLE HINDU KUSH FEM | 3 SAMEN"},"content":{"rendered":"<p><strong>NICOLE HINDU KUSH<\/strong> ist eine \u00fcberwiegend Indica-Sorte mit tiefgreifenden und entspannenden Effekten von WHITE LABEL SEED COMPANY. Verf\u00fcgbar in Packungen mit 3 Samen feminisiert. Im Anbau, bl\u00fcht schnell in 7-9 Wochen und bietet au\u00dfergew\u00f6hnlich reichlich Ertr\u00e4ge.<\/p>\n","protected":false},"excerpt":{"rendered":"<p>\ud83c\udf3f NICOLE HINDU KUSH von WHITE LABEL SEED COMPANY \u00b7 \ud83e\uddec Indica (90%+) \u00b7 \ud83c\udfc6 Ertrag XXL.<\/p>\n","protected":false},"featured_media":214061,"comment_status":"open","ping_status":"closed","template":"","meta":[],"product_brand":[],"product_cat":[7952],"product_tag":[10126,10125,10128,8510,10495,9181],"class_list":{"0":"post-243911","1":"product","2":"type-product","3":"status-publish","4":"has-post-thumbnail","6":"product_cat-seedshop-de","7":"product_tag-cannabis-samen","8":"product_tag-ertrag-xxl","9":"product_tag-feminisierte-samen","10":"product_tag-indica","11":"product_tag-nicole-hindu-kush-fem-3-samen","12":"product_tag-white-label-seed-company","14":"first","15":"instock","16":"taxable","17":"shipping-taxable","18":"purchasable","19":"product-type-simple"},"aioseo_notices":[],"_links":{"self":[{"href":"https:\/\/www.budream.com\/de\/wp-json\/wp\/v2\/product\/243911","targetHints":{"allow":["GET"]}}],"collection":[{"href":"https:\/\/www.budream.com\/de\/wp-json\/wp\/v2\/product"}],"about":[{"href":"https:\/\/www.budream.com\/de\/wp-json\/wp\/v2\/types\/product"}],"replies":[{"embeddable":true,"href":"https:\/\/www.budream.com\/de\/wp-json\/wp\/v2\/comments?post=243911"}],"version-history":[{"count":1,"href":"https:\/\/www.budream.com\/de\/wp-json\/wp\/v2\/product\/243911\/revisions"}],"predecessor-version":[{"id":259509,"href":"https:\/\/www.budream.com\/de\/wp-json\/wp\/v2\/product\/243911\/revisions\/259509"}],"wp:featuredmedia":[{"embeddable":true,"href":"https:\/\/www.budream.com\/de\/wp-json\/wp\/v2\/media\/214061"}],"wp:attachment":[{"href":"https:\/\/www.budream.com\/de\/wp-json\/wp\/v2\/media?parent=243911"}],"wp:term":[{"taxonomy":"product_brand","embeddable":true,"href":"https:\/\/www.budream.com\/de\/wp-json\/wp\/v2\/product_brand?post=243911"},{"taxonomy":"product_cat","embeddable":true,"href":"https:\/\/www.budream.com\/de\/wp-json\/wp\/v2\/product_cat?post=243911"},{"taxonomy":"product_tag","embeddable":true,"href":"https:\/\/www.budream.com\/de\/wp-json\/wp\/v2\/product_tag?post=243911"}],"curies":[{"name":"wp","href":"https:\/\/api.w.org\/{rel}","templated":true}]}}