{"id":243921,"date":"2025-11-21T18:53:07","date_gmt":"2025-11-21T16:53:07","guid":{"rendered":"https:\/\/www.budream.com\/shop\/sensi-seeds-bank-alpine-delight-cbd-auto-fem-3-seeds\/"},"modified":"2026-03-22T09:16:30","modified_gmt":"2026-03-22T07:16:30","slug":"sensi-seeds-bank-alpine-delight-cbd-auto-fem-3-seeds","status":"publish","type":"product","link":"https:\/\/www.budream.com\/de\/shop\/sensi-seeds-bank-alpine-delight-cbd-auto-fem-3-seeds\/","title":{"rendered":"SENSI SEEDS BANK &#8211; ALPINE DELIGHT CBD AUTO FEM | 3 SEEDS"},"content":{"rendered":"<p><strong>ALPINE DELIGHT CBD AUTO FEM | 3 SEEDS<\/strong> ist ein ausgewogener Hybrid zwischen Indica und Sativa, vielseitig und f\u00fcr jede Gelegenheit geeignet von SENSI SEEDS BANK. Verf\u00fcgbar in Packungen mit 3 Samen feminisiert. Mit einem THC-Gehalt von Sehr niedrig (0\u20134\u202f%) und CBD Hoch (6\u202f%+), diese Pflanze richtet sich an diejenigen, die ein therapeutisches Profil bevorzugen. Im Anbau, erfordert eine l\u00e4ngere Bl\u00fctezeit (13+ Wochen), belohnt mit au\u00dfergew\u00f6hnlicher Qualit\u00e4t und garantiert reichlich Ertr\u00e4ge.<\/p>\n","protected":false},"excerpt":{"rendered":"<p>\ud83c\udf3f ALPINE DELIGHT CBD AUTO FEM | 3 SEEDS von SENSI SEEDS BANK \u00b7 \ud83e\uddec Indica \/ Sativa \u00b7 \ud83d\udce6 Ertrag XL.<\/p>\n","protected":false},"featured_media":196951,"comment_status":"open","ping_status":"closed","template":"","meta":[],"product_brand":[],"product_cat":[7952],"product_tag":[10497,10126,10128,9931,8510,8511,8526],"class_list":{"0":"post-243921","1":"product","2":"type-product","3":"status-publish","4":"has-post-thumbnail","6":"product_cat-seedshop-de","7":"product_tag-alpine-delight-cbd-auto-fem-3-seeds","8":"product_tag-cannabis-samen","9":"product_tag-feminisierte-samen","10":"product_tag-hybrid","11":"product_tag-indica","12":"product_tag-sativa","13":"product_tag-sensi-seeds-bank","15":"first","16":"instock","17":"taxable","18":"shipping-taxable","19":"purchasable","20":"product-type-simple"},"aioseo_notices":[],"_links":{"self":[{"href":"https:\/\/www.budream.com\/de\/wp-json\/wp\/v2\/product\/243921","targetHints":{"allow":["GET"]}}],"collection":[{"href":"https:\/\/www.budream.com\/de\/wp-json\/wp\/v2\/product"}],"about":[{"href":"https:\/\/www.budream.com\/de\/wp-json\/wp\/v2\/types\/product"}],"replies":[{"embeddable":true,"href":"https:\/\/www.budream.com\/de\/wp-json\/wp\/v2\/comments?post=243921"}],"version-history":[{"count":1,"href":"https:\/\/www.budream.com\/de\/wp-json\/wp\/v2\/product\/243921\/revisions"}],"predecessor-version":[{"id":259511,"href":"https:\/\/www.budream.com\/de\/wp-json\/wp\/v2\/product\/243921\/revisions\/259511"}],"wp:featuredmedia":[{"embeddable":true,"href":"https:\/\/www.budream.com\/de\/wp-json\/wp\/v2\/media\/196951"}],"wp:attachment":[{"href":"https:\/\/www.budream.com\/de\/wp-json\/wp\/v2\/media?parent=243921"}],"wp:term":[{"taxonomy":"product_brand","embeddable":true,"href":"https:\/\/www.budream.com\/de\/wp-json\/wp\/v2\/product_brand?post=243921"},{"taxonomy":"product_cat","embeddable":true,"href":"https:\/\/www.budream.com\/de\/wp-json\/wp\/v2\/product_cat?post=243921"},{"taxonomy":"product_tag","embeddable":true,"href":"https:\/\/www.budream.com\/de\/wp-json\/wp\/v2\/product_tag?post=243921"}],"curies":[{"name":"wp","href":"https:\/\/api.w.org\/{rel}","templated":true}]}}