{"id":243931,"date":"2025-11-21T18:54:09","date_gmt":"2025-11-21T16:54:09","guid":{"rendered":"https:\/\/www.budream.com\/shop\/sensi-seeds-research-double-kush-cake-auto-fem-3-samen\/"},"modified":"2026-03-27T12:16:22","modified_gmt":"2026-03-27T10:16:22","slug":"sensi-seeds-research-double-kush-cake-auto-fem-3-samen","status":"publish","type":"product","link":"https:\/\/www.budream.com\/de\/shop\/sensi-seeds-research-double-kush-cake-auto-fem-3-samen\/","title":{"rendered":"SENSI SEEDS RESEARCH &#8211; DOUBLE KUSH CAKE AUTO FEM | 3 SAMEN"},"content":{"rendered":"<p>Double Kush Cake enth\u00e4lt alle besten Eigenschaften der Kush-Familie und ist Sensi Seeds&#8216; Tribut an diese glorreiche Dynastie. Diese Sorte besteht aus 70% Indica, 10% Sativa und 20 Ruderalis. Sie ist eine selbstbl\u00fchende feminisierte Variante.<\/p>\n<h2><strong>Eigenschaften Double Kush Cake Auto Fem:<\/strong><\/h2>\n<ul style=\"list-style-type: disc\">\n<li><strong>Gattung:<\/strong> Automatisch bl\u00fchende feminisierte Hybride<\/li>\n<li><strong>Genotyp:<\/strong> 70% Indica \/ 10% Sativa \/ 20 Ruderalis<\/li>\n<li><strong>Genetik:<\/strong> Hindu Kush x Skunk Kush x Afghani#1<\/li>\n<li><strong>Bl\u00fchende Tage:<\/strong> 63 &#8211; 70 Tage<\/li>\n<\/ul>\n<p><span style=\"font-size: 11pt\"><em><strong>ACHTUNG:<\/strong> Hanfsamen fallen nicht unter den Rechtsbegriff Cannabis, was bedeutet, dass sie nicht als Bet\u00e4ubungsmittel gelten (L. 412 von 1974, Art. 1, Absatz 1, Buchstabe B; Einheits\u00fcbereinkommen \u00fcber Suchtstoffe von New York von 1961 und Tabelle II des Ministerialerlasses vom 27.7.1992). In Italien ist der Anbau von Hanf verboten (Artikel 28 und 73 des Pr\u00e4sidialdekrets 309\/90), es sei denn, es liegt eine Sondergenehmigung vor (Artikel 17 des Pr\u00e4sidialdekrets 309\/90). In Ermangelung einer solchen Genehmigung darf das Saatgut nur f\u00fcr andere Zwecke verwendet werden (zootechnische Zwecke, Sammeln usw.). Das Saatgut wird unter dem Vorbehalt verkauft, dass es nicht von Dritten im Widerspruch zu den gesetzlichen Bestimmungen verwendet wird.<\/em><\/span><\/p>\n","protected":false},"excerpt":{"rendered":"<p>\ud83c\udf3f DOUBLE KUSH CAKE AUTO von SENSI SEEDS BANK \u00b7 \ud83e\uddec Indica Dominant (60%+) \u00b7 \ud83c\udfc6 Ertrag XXL.<\/p>\n","protected":false},"featured_media":197394,"comment_status":"open","ping_status":"closed","template":"","meta":[],"product_brand":[],"product_cat":[7952],"product_tag":[10126,10499,10125,10128,8510,8526],"class_list":{"0":"post-243931","1":"product","2":"type-product","3":"status-publish","4":"has-post-thumbnail","6":"product_cat-seedshop-de","7":"product_tag-cannabis-samen","8":"product_tag-double-kush-cake-auto-fem-3-samen","9":"product_tag-ertrag-xxl","10":"product_tag-feminisierte-samen","11":"product_tag-indica","12":"product_tag-sensi-seeds-bank","14":"first","15":"instock","16":"taxable","17":"shipping-taxable","18":"purchasable","19":"product-type-simple"},"aioseo_notices":[],"_links":{"self":[{"href":"https:\/\/www.budream.com\/de\/wp-json\/wp\/v2\/product\/243931","targetHints":{"allow":["GET"]}}],"collection":[{"href":"https:\/\/www.budream.com\/de\/wp-json\/wp\/v2\/product"}],"about":[{"href":"https:\/\/www.budream.com\/de\/wp-json\/wp\/v2\/types\/product"}],"replies":[{"embeddable":true,"href":"https:\/\/www.budream.com\/de\/wp-json\/wp\/v2\/comments?post=243931"}],"version-history":[{"count":2,"href":"https:\/\/www.budream.com\/de\/wp-json\/wp\/v2\/product\/243931\/revisions"}],"predecessor-version":[{"id":261519,"href":"https:\/\/www.budream.com\/de\/wp-json\/wp\/v2\/product\/243931\/revisions\/261519"}],"wp:featuredmedia":[{"embeddable":true,"href":"https:\/\/www.budream.com\/de\/wp-json\/wp\/v2\/media\/197394"}],"wp:attachment":[{"href":"https:\/\/www.budream.com\/de\/wp-json\/wp\/v2\/media?parent=243931"}],"wp:term":[{"taxonomy":"product_brand","embeddable":true,"href":"https:\/\/www.budream.com\/de\/wp-json\/wp\/v2\/product_brand?post=243931"},{"taxonomy":"product_cat","embeddable":true,"href":"https:\/\/www.budream.com\/de\/wp-json\/wp\/v2\/product_cat?post=243931"},{"taxonomy":"product_tag","embeddable":true,"href":"https:\/\/www.budream.com\/de\/wp-json\/wp\/v2\/product_tag?post=243931"}],"curies":[{"name":"wp","href":"https:\/\/api.w.org\/{rel}","templated":true}]}}