{"id":243936,"date":"2025-11-21T18:54:39","date_gmt":"2025-11-21T16:54:39","guid":{"rendered":"https:\/\/www.budream.com\/shop\/sensi-seeds-research-sensi-amnesia-auto-fem-3-samen\/"},"modified":"2026-03-22T09:17:10","modified_gmt":"2026-03-22T07:17:10","slug":"sensi-seeds-research-sensi-amnesia-auto-fem-3-samen","status":"publish","type":"product","link":"https:\/\/www.budream.com\/de\/shop\/sensi-seeds-research-sensi-amnesia-auto-fem-3-samen\/","title":{"rendered":"SENSI SEEDS RESEARCH &#8211; SENSI AMNESIA AUTO FEM | 3 SAMEN"},"content":{"rendered":"<p><strong>SENSI AMNESIA AUTO<\/strong> ist ein Sativa-dominanter Hybrid, ideal f\u00fcr diejenigen, die Klarheit und Kreativit\u00e4t suchen von SENSI SEEDS BANK. Verf\u00fcgbar in Packungen mit 3 Samen feminisiert. Im Anbau, hat einen mittleren Bl\u00fctezyklus von 10-12 Wochen und garantiert reichlich Ertr\u00e4ge. In der Nase und am Gaumen zeichnet sich sein \ud83c\udf3f Scharf-Aroma aus.<\/p>\n","protected":false},"excerpt":{"rendered":"<p>\ud83c\udf3f SENSI AMNESIA AUTO von SENSI SEEDS BANK \u00b7 \ud83e\uddec Sativa Dominant (60%+) \u00b7 \ud83d\udce6 Ertrag XL.<\/p>\n","protected":false},"featured_media":197479,"comment_status":"open","ping_status":"closed","template":"","meta":[],"product_brand":[],"product_cat":[7952],"product_tag":[10126,10128,8511,10127,10500,8526],"class_list":{"0":"post-243936","1":"product","2":"type-product","3":"status-publish","4":"has-post-thumbnail","6":"product_cat-seedshop-de","7":"product_tag-cannabis-samen","8":"product_tag-feminisierte-samen","9":"product_tag-sativa","10":"product_tag-scharf","11":"product_tag-sensi-amnesia-auto-fem-3-samen","12":"product_tag-sensi-seeds-bank","14":"first","15":"instock","16":"taxable","17":"shipping-taxable","18":"purchasable","19":"product-type-simple"},"aioseo_notices":[],"_links":{"self":[{"href":"https:\/\/www.budream.com\/de\/wp-json\/wp\/v2\/product\/243936","targetHints":{"allow":["GET"]}}],"collection":[{"href":"https:\/\/www.budream.com\/de\/wp-json\/wp\/v2\/product"}],"about":[{"href":"https:\/\/www.budream.com\/de\/wp-json\/wp\/v2\/types\/product"}],"replies":[{"embeddable":true,"href":"https:\/\/www.budream.com\/de\/wp-json\/wp\/v2\/comments?post=243936"}],"version-history":[{"count":1,"href":"https:\/\/www.budream.com\/de\/wp-json\/wp\/v2\/product\/243936\/revisions"}],"predecessor-version":[{"id":259514,"href":"https:\/\/www.budream.com\/de\/wp-json\/wp\/v2\/product\/243936\/revisions\/259514"}],"wp:featuredmedia":[{"embeddable":true,"href":"https:\/\/www.budream.com\/de\/wp-json\/wp\/v2\/media\/197479"}],"wp:attachment":[{"href":"https:\/\/www.budream.com\/de\/wp-json\/wp\/v2\/media?parent=243936"}],"wp:term":[{"taxonomy":"product_brand","embeddable":true,"href":"https:\/\/www.budream.com\/de\/wp-json\/wp\/v2\/product_brand?post=243936"},{"taxonomy":"product_cat","embeddable":true,"href":"https:\/\/www.budream.com\/de\/wp-json\/wp\/v2\/product_cat?post=243936"},{"taxonomy":"product_tag","embeddable":true,"href":"https:\/\/www.budream.com\/de\/wp-json\/wp\/v2\/product_tag?post=243936"}],"curies":[{"name":"wp","href":"https:\/\/api.w.org\/{rel}","templated":true}]}}