{"id":243941,"date":"2025-11-21T18:55:10","date_gmt":"2025-11-21T16:55:10","guid":{"rendered":"https:\/\/www.budream.com\/shop\/sweet-seeds-nyc-diesel-fem-sws06-ex-ice-cool-52-seeds-verfuegbar-solange-der-vorrat-reicht\/"},"modified":"2026-03-22T09:17:15","modified_gmt":"2026-03-22T07:17:15","slug":"sweet-seeds-nyc-diesel-fem-sws06-ex-ice-cool-52-seeds-verfuegbar-solange-der-vorrat-reicht","status":"publish","type":"product","link":"https:\/\/www.budream.com\/de\/shop\/sweet-seeds-nyc-diesel-fem-sws06-ex-ice-cool-52-seeds-verfuegbar-solange-der-vorrat-reicht\/","title":{"rendered":"SWEET SEEDS &#8211; NYC DIESEL\u00ae FEM (SWS06) (ex ICE COOL) | 5+2 SEEDS Verf\u00fcgbar solange der Vorrat reicht"},"content":{"rendered":"<p><strong>NYC DIESEL\u00ae FEM (SWS06) (ex ICE COOL) | 5+2 SEEDS<\/strong> ist ein Sativa-dominanter Hybrid, ideal f\u00fcr diejenigen, die Klarheit und Kreativit\u00e4t suchen von SWEET SEEDS. Verf\u00fcgbar in Packungen mit 5 Samen feminisiert. Mit sehr hohem THC-Gehalt (Sehr hoch (20\u202f%+)), diese Pflanze richtet sich an erfahrene Z\u00fcchter. Im Anbau, bl\u00fcht schnell in 7-9 Wochen und garantiert reichlich Ertr\u00e4ge. In der Nase und am Gaumen zeichnet sich sein \ud83c\udf4b Zitrusartig-Aroma aus.<\/p>\n","protected":false},"excerpt":{"rendered":"<p>\ud83c\udf3f NYC DIESEL\u00ae FEM (SWS06) (ex ICE COOL) | 5+2 SEEDS von SWEET SEEDS \u00b7 \ud83e\uddec Sativa Dominant (60%+) \u00b7 \ud83d\udd25 THC sehr hoch (Sehr hoch (20\u202f%+)) \u00b7 \ud83d\udce6 Ertrag XL.<\/p>\n","protected":false},"featured_media":166797,"comment_status":"open","ping_status":"closed","template":"","meta":[],"product_brand":[],"product_cat":[7952],"product_tag":[10126,10128,10501,8511,8543,10124,10150],"class_list":{"0":"post-243941","1":"product","2":"type-product","3":"status-publish","4":"has-post-thumbnail","6":"product_cat-seedshop-de","7":"product_tag-cannabis-samen","8":"product_tag-feminisierte-samen","9":"product_tag-nyc-diesel-fem-sws06-ex-ice-cool-52-seeds-verfuegbar-solange-der-vorrat-reicht","10":"product_tag-sativa","11":"product_tag-sweet-seeds","12":"product_tag-thc-sehr-hoch","13":"product_tag-zitrusartig","15":"first","16":"instock","17":"taxable","18":"shipping-taxable","19":"purchasable","20":"product-type-simple"},"aioseo_notices":[],"_links":{"self":[{"href":"https:\/\/www.budream.com\/de\/wp-json\/wp\/v2\/product\/243941","targetHints":{"allow":["GET"]}}],"collection":[{"href":"https:\/\/www.budream.com\/de\/wp-json\/wp\/v2\/product"}],"about":[{"href":"https:\/\/www.budream.com\/de\/wp-json\/wp\/v2\/types\/product"}],"replies":[{"embeddable":true,"href":"https:\/\/www.budream.com\/de\/wp-json\/wp\/v2\/comments?post=243941"}],"version-history":[{"count":1,"href":"https:\/\/www.budream.com\/de\/wp-json\/wp\/v2\/product\/243941\/revisions"}],"predecessor-version":[{"id":259515,"href":"https:\/\/www.budream.com\/de\/wp-json\/wp\/v2\/product\/243941\/revisions\/259515"}],"wp:featuredmedia":[{"embeddable":true,"href":"https:\/\/www.budream.com\/de\/wp-json\/wp\/v2\/media\/166797"}],"wp:attachment":[{"href":"https:\/\/www.budream.com\/de\/wp-json\/wp\/v2\/media?parent=243941"}],"wp:term":[{"taxonomy":"product_brand","embeddable":true,"href":"https:\/\/www.budream.com\/de\/wp-json\/wp\/v2\/product_brand?post=243941"},{"taxonomy":"product_cat","embeddable":true,"href":"https:\/\/www.budream.com\/de\/wp-json\/wp\/v2\/product_cat?post=243941"},{"taxonomy":"product_tag","embeddable":true,"href":"https:\/\/www.budream.com\/de\/wp-json\/wp\/v2\/product_tag?post=243941"}],"curies":[{"name":"wp","href":"https:\/\/api.w.org\/{rel}","templated":true}]}}