{"id":243961,"date":"2025-11-21T18:57:16","date_gmt":"2025-11-21T16:57:16","guid":{"rendered":"https:\/\/www.budream.com\/shop\/super-sativa-seed-club-kees-old-school-haze-reg-12-samen\/"},"modified":"2026-03-22T09:17:37","modified_gmt":"2026-03-22T07:17:37","slug":"super-sativa-seed-club-kees-old-school-haze-reg-12-samen","status":"publish","type":"product","link":"https:\/\/www.budream.com\/de\/shop\/super-sativa-seed-club-kees-old-school-haze-reg-12-samen\/","title":{"rendered":"SUPER SATIVA SEED CLUB &#8211; KEES&#8216; OLD SCHOOL HAZE REG | 12 SAMEN"},"content":{"rendered":"<p><strong>KEES&#8216; OLD SCHOOL HAZE<\/strong> ist ein Sativa-dominanter Hybrid, ideal f\u00fcr diejenigen, die Klarheit und Kreativit\u00e4t suchen von SUPER SATIVA SEED CLUB. Verf\u00fcgbar in Packungen mit 12 Samen regul\u00e4r. Mit sehr hohem THC-Gehalt (Sehr hoch (20\u202f%+)), diese Pflanze richtet sich an erfahrene Z\u00fcchter. Im Anbau, erfordert eine l\u00e4ngere Bl\u00fctezeit (13+ Wochen), belohnt mit au\u00dfergew\u00f6hnlicher Qualit\u00e4t und garantiert reichlich Ertr\u00e4ge. In der Nase und am Gaumen zeichnet sich sein \ud83c\udf3f Scharf-Aroma aus.<\/p>\n","protected":false},"excerpt":{"rendered":"<p>\ud83c\udf3f KEES&#8216; OLD SCHOOL HAZE von SUPER SATIVA SEED CLUB \u00b7 \ud83e\uddec Sativa Dominant (60%+) \u00b7 \ud83d\udd25 THC sehr hoch (Sehr hoch (20\u202f%+)) \u00b7 \ud83d\udce6 Ertrag XL.<\/p>\n","protected":false},"featured_media":169142,"comment_status":"open","ping_status":"closed","template":"","meta":[],"product_brand":[],"product_cat":[7952],"product_tag":[10126,10505,8511,10127,8545,10124],"class_list":{"0":"post-243961","1":"product","2":"type-product","3":"status-publish","4":"has-post-thumbnail","6":"product_cat-seedshop-de","7":"product_tag-cannabis-samen","8":"product_tag-kees-old-school-haze-reg-12-samen","9":"product_tag-sativa","10":"product_tag-scharf","11":"product_tag-super-sativa-seed-club","12":"product_tag-thc-sehr-hoch","14":"first","15":"instock","16":"taxable","17":"shipping-taxable","18":"purchasable","19":"product-type-simple"},"aioseo_notices":[],"_links":{"self":[{"href":"https:\/\/www.budream.com\/de\/wp-json\/wp\/v2\/product\/243961","targetHints":{"allow":["GET"]}}],"collection":[{"href":"https:\/\/www.budream.com\/de\/wp-json\/wp\/v2\/product"}],"about":[{"href":"https:\/\/www.budream.com\/de\/wp-json\/wp\/v2\/types\/product"}],"replies":[{"embeddable":true,"href":"https:\/\/www.budream.com\/de\/wp-json\/wp\/v2\/comments?post=243961"}],"version-history":[{"count":1,"href":"https:\/\/www.budream.com\/de\/wp-json\/wp\/v2\/product\/243961\/revisions"}],"predecessor-version":[{"id":259519,"href":"https:\/\/www.budream.com\/de\/wp-json\/wp\/v2\/product\/243961\/revisions\/259519"}],"wp:featuredmedia":[{"embeddable":true,"href":"https:\/\/www.budream.com\/de\/wp-json\/wp\/v2\/media\/169142"}],"wp:attachment":[{"href":"https:\/\/www.budream.com\/de\/wp-json\/wp\/v2\/media?parent=243961"}],"wp:term":[{"taxonomy":"product_brand","embeddable":true,"href":"https:\/\/www.budream.com\/de\/wp-json\/wp\/v2\/product_brand?post=243961"},{"taxonomy":"product_cat","embeddable":true,"href":"https:\/\/www.budream.com\/de\/wp-json\/wp\/v2\/product_cat?post=243961"},{"taxonomy":"product_tag","embeddable":true,"href":"https:\/\/www.budream.com\/de\/wp-json\/wp\/v2\/product_tag?post=243961"}],"curies":[{"name":"wp","href":"https:\/\/api.w.org\/{rel}","templated":true}]}}