{"id":243981,"date":"2025-11-21T18:59:17","date_gmt":"2025-11-21T16:59:17","guid":{"rendered":"https:\/\/www.budream.com\/shop\/addipure-teflon-ptfe-platte-60x100cm-dichte-01mm\/"},"modified":"2025-12-15T16:53:13","modified_gmt":"2025-12-15T14:53:13","slug":"addipure-teflon-ptfe-platte-60x100cm-dichte-01mm","status":"publish","type":"product","link":"https:\/\/www.budream.com\/de\/shop\/addipure-teflon-ptfe-platte-60x100cm-dichte-01mm\/","title":{"rendered":"ADDIPURE &#8211; TEFLON PTFE PLATTE | 60X100cm DICHTE 0,1mm"},"content":{"rendered":"<p>Addipure P.T.F.E. ist eine ultrastarke Teflonfolie, die sich f\u00fcr verschiedene Anwendungen eignet und zu 100% <strong>D.M.E.-best\u00e4ndig<\/strong> ist <strong>.<\/strong> <\/p>\n<p>Sie kann gefaltet und in den Extraktionsbeh\u00e4lter eingelegt werden, wobei sie sich genau an das Volumen des Beh\u00e4lters anpasst. Sie <strong>eignet sich auch perfekt f\u00fcr Reinigungsprozesse<\/strong> im Ofen, da sie Temperaturen von bis zu 220&deg;C standh\u00e4lt.<\/p>\n","protected":false},"excerpt":{"rendered":"<p>Addipure P.T.F.E. ist eine ultrastarke Teflonfolie, die sich f\u00fcr verschiedene Anwendungen eignet und zu 100% D.M.E.-best\u00e4ndig ist . Sie kann<\/p>\n","protected":false},"featured_media":174029,"comment_status":"open","ping_status":"closed","template":"","meta":[],"product_brand":[],"product_cat":[7947],"product_tag":[],"class_list":{"0":"post-243981","1":"product","2":"type-product","3":"status-publish","4":"has-post-thumbnail","6":"product_cat-headshop-de","8":"first","9":"instock","10":"taxable","11":"shipping-taxable","12":"purchasable","13":"product-type-simple"},"aioseo_notices":[],"_links":{"self":[{"href":"https:\/\/www.budream.com\/de\/wp-json\/wp\/v2\/product\/243981","targetHints":{"allow":["GET"]}}],"collection":[{"href":"https:\/\/www.budream.com\/de\/wp-json\/wp\/v2\/product"}],"about":[{"href":"https:\/\/www.budream.com\/de\/wp-json\/wp\/v2\/types\/product"}],"replies":[{"embeddable":true,"href":"https:\/\/www.budream.com\/de\/wp-json\/wp\/v2\/comments?post=243981"}],"version-history":[{"count":0,"href":"https:\/\/www.budream.com\/de\/wp-json\/wp\/v2\/product\/243981\/revisions"}],"wp:featuredmedia":[{"embeddable":true,"href":"https:\/\/www.budream.com\/de\/wp-json\/wp\/v2\/media\/174029"}],"wp:attachment":[{"href":"https:\/\/www.budream.com\/de\/wp-json\/wp\/v2\/media?parent=243981"}],"wp:term":[{"taxonomy":"product_brand","embeddable":true,"href":"https:\/\/www.budream.com\/de\/wp-json\/wp\/v2\/product_brand?post=243981"},{"taxonomy":"product_cat","embeddable":true,"href":"https:\/\/www.budream.com\/de\/wp-json\/wp\/v2\/product_cat?post=243981"},{"taxonomy":"product_tag","embeddable":true,"href":"https:\/\/www.budream.com\/de\/wp-json\/wp\/v2\/product_tag?post=243981"}],"curies":[{"name":"wp","href":"https:\/\/api.w.org\/{rel}","templated":true}]}}