{"id":244001,"date":"2025-11-21T19:00:55","date_gmt":"2025-11-21T17:00:55","guid":{"rendered":"https:\/\/www.budream.com\/shop\/hollaendische-leidenschaft-eiscreme-dunst-reg-10-samen\/"},"modified":"2026-03-22T09:18:51","modified_gmt":"2026-03-22T07:18:51","slug":"hollaendische-leidenschaft-eiscreme-dunst-reg-10-samen","status":"publish","type":"product","link":"https:\/\/www.budream.com\/de\/shop\/hollaendische-leidenschaft-eiscreme-dunst-reg-10-samen\/","title":{"rendered":"HOLL\u00c4NDISCHE LEIDENSCHAFT &#8211; EISCREME DUNST REG | 10 SAMEN"},"content":{"rendered":"<p><strong>EISCREME DUNST<\/strong> ist ein Sativa-dominanter Hybrid, ideal f\u00fcr diejenigen, die Klarheit und Kreativit\u00e4t suchen von DUTCH PASSION. Verf\u00fcgbar in Packungen mit 10 Samen regul\u00e4r. Mit sehr hohem THC-Gehalt (Sehr hoch (20\u202f%+)), diese Pflanze richtet sich an erfahrene Z\u00fcchter. Im Anbau, hat einen mittleren Bl\u00fctezyklus von 10-12 Wochen und bietet au\u00dfergew\u00f6hnlich reichlich Ertr\u00e4ge. In der Nase und am Gaumen zeichnet sich sein \ud83c\udf3f Scharf-Aroma aus.<\/p>\n","protected":false},"excerpt":{"rendered":"<p>\ud83c\udf3f EISCREME DUNST von DUTCH PASSION \u00b7 \ud83e\uddec Sativa Dominant (60%+) \u00b7 \ud83d\udd25 THC sehr hoch (Sehr hoch (20\u202f%+)) \u00b7 \ud83c\udfc6 Ertrag XXL.<\/p>\n","protected":false},"featured_media":183914,"comment_status":"open","ping_status":"closed","template":"","meta":[],"product_brand":[],"product_cat":[7952],"product_tag":[10126,8508,10510,10125,8511,10127,10124],"class_list":{"0":"post-244001","1":"product","2":"type-product","3":"status-publish","4":"has-post-thumbnail","6":"product_cat-seedshop-de","7":"product_tag-cannabis-samen","8":"product_tag-dutch-passion","9":"product_tag-eiscreme-dunst-reg-10-samen","10":"product_tag-ertrag-xxl","11":"product_tag-sativa","12":"product_tag-scharf","13":"product_tag-thc-sehr-hoch","15":"first","16":"instock","17":"taxable","18":"shipping-taxable","19":"purchasable","20":"product-type-simple"},"aioseo_notices":[],"_links":{"self":[{"href":"https:\/\/www.budream.com\/de\/wp-json\/wp\/v2\/product\/244001","targetHints":{"allow":["GET"]}}],"collection":[{"href":"https:\/\/www.budream.com\/de\/wp-json\/wp\/v2\/product"}],"about":[{"href":"https:\/\/www.budream.com\/de\/wp-json\/wp\/v2\/types\/product"}],"replies":[{"embeddable":true,"href":"https:\/\/www.budream.com\/de\/wp-json\/wp\/v2\/comments?post=244001"}],"version-history":[{"count":1,"href":"https:\/\/www.budream.com\/de\/wp-json\/wp\/v2\/product\/244001\/revisions"}],"predecessor-version":[{"id":259524,"href":"https:\/\/www.budream.com\/de\/wp-json\/wp\/v2\/product\/244001\/revisions\/259524"}],"wp:featuredmedia":[{"embeddable":true,"href":"https:\/\/www.budream.com\/de\/wp-json\/wp\/v2\/media\/183914"}],"wp:attachment":[{"href":"https:\/\/www.budream.com\/de\/wp-json\/wp\/v2\/media?parent=244001"}],"wp:term":[{"taxonomy":"product_brand","embeddable":true,"href":"https:\/\/www.budream.com\/de\/wp-json\/wp\/v2\/product_brand?post=244001"},{"taxonomy":"product_cat","embeddable":true,"href":"https:\/\/www.budream.com\/de\/wp-json\/wp\/v2\/product_cat?post=244001"},{"taxonomy":"product_tag","embeddable":true,"href":"https:\/\/www.budream.com\/de\/wp-json\/wp\/v2\/product_tag?post=244001"}],"curies":[{"name":"wp","href":"https:\/\/api.w.org\/{rel}","templated":true}]}}