{"id":244006,"date":"2025-11-21T19:01:28","date_gmt":"2025-11-21T17:01:28","guid":{"rendered":"https:\/\/www.budream.com\/shop\/white-label-double-gum-reg-10-samen\/"},"modified":"2026-03-22T09:19:10","modified_gmt":"2026-03-22T07:19:10","slug":"white-label-double-gum-reg-10-samen","status":"publish","type":"product","link":"https:\/\/www.budream.com\/de\/shop\/white-label-double-gum-reg-10-samen\/","title":{"rendered":"WHITE LABEL &#8211; DOUBLE GUM REG | 10 SAMEN"},"content":{"rendered":"<p><strong>DOUBLE GUM<\/strong> ist ein Indica-dominanter Hybrid, der k\u00f6rperliche Entspannung mit reichlich Ertr\u00e4gen verbindet von WHITE LABEL SEED COMPANY. Verf\u00fcgbar in Packungen mit 10 Samen regul\u00e4r. Mit gutem THC-Gehalt (Hoch (15\u201319\u202f%)), diese Pflanze richtet sich an diejenigen, die Potenz und Qualit\u00e4t suchen. Im Anbau, hat einen mittleren Bl\u00fctezyklus von 10-12 Wochen und bietet au\u00dfergew\u00f6hnlich reichlich Ertr\u00e4ge. In der Nase und am Gaumen zeichnet sich sein \ud83c\udf53 S\u00fc\u00df \/ Fruchtig-Aroma aus.<\/p>\n","protected":false},"excerpt":{"rendered":"<p>\ud83c\udf3f DOUBLE GUM von WHITE LABEL SEED COMPANY \u00b7 \ud83e\uddec Indica Dominant (60%+) \u00b7 \ud83d\udcaa THC hoch (Hoch (15\u201319\u202f%)) \u00b7 \ud83c\udfc6 Ertrag XXL.<\/p>\n","protected":false},"featured_media":213990,"comment_status":"open","ping_status":"closed","template":"","meta":[],"product_brand":[],"product_cat":[7952],"product_tag":[10126,10511,10125,8510,10171,10140,9181],"class_list":{"0":"post-244006","1":"product","2":"type-product","3":"status-publish","4":"has-post-thumbnail","6":"product_cat-seedshop-de","7":"product_tag-cannabis-samen","8":"product_tag-double-gum-reg-10-samen","9":"product_tag-ertrag-xxl","10":"product_tag-indica","11":"product_tag-suess-fruchtig","12":"product_tag-thc-hoch","13":"product_tag-white-label-seed-company","15":"first","16":"instock","17":"taxable","18":"shipping-taxable","19":"purchasable","20":"product-type-simple"},"aioseo_notices":[],"_links":{"self":[{"href":"https:\/\/www.budream.com\/de\/wp-json\/wp\/v2\/product\/244006","targetHints":{"allow":["GET"]}}],"collection":[{"href":"https:\/\/www.budream.com\/de\/wp-json\/wp\/v2\/product"}],"about":[{"href":"https:\/\/www.budream.com\/de\/wp-json\/wp\/v2\/types\/product"}],"replies":[{"embeddable":true,"href":"https:\/\/www.budream.com\/de\/wp-json\/wp\/v2\/comments?post=244006"}],"version-history":[{"count":1,"href":"https:\/\/www.budream.com\/de\/wp-json\/wp\/v2\/product\/244006\/revisions"}],"predecessor-version":[{"id":259525,"href":"https:\/\/www.budream.com\/de\/wp-json\/wp\/v2\/product\/244006\/revisions\/259525"}],"wp:featuredmedia":[{"embeddable":true,"href":"https:\/\/www.budream.com\/de\/wp-json\/wp\/v2\/media\/213990"}],"wp:attachment":[{"href":"https:\/\/www.budream.com\/de\/wp-json\/wp\/v2\/media?parent=244006"}],"wp:term":[{"taxonomy":"product_brand","embeddable":true,"href":"https:\/\/www.budream.com\/de\/wp-json\/wp\/v2\/product_brand?post=244006"},{"taxonomy":"product_cat","embeddable":true,"href":"https:\/\/www.budream.com\/de\/wp-json\/wp\/v2\/product_cat?post=244006"},{"taxonomy":"product_tag","embeddable":true,"href":"https:\/\/www.budream.com\/de\/wp-json\/wp\/v2\/product_tag?post=244006"}],"curies":[{"name":"wp","href":"https:\/\/api.w.org\/{rel}","templated":true}]}}