{"id":244011,"date":"2025-11-21T19:02:01","date_gmt":"2025-11-21T17:02:01","guid":{"rendered":"https:\/\/www.budream.com\/shop\/green-house-seed-co-trainwreck-fem-3-samen\/"},"modified":"2026-03-22T09:19:21","modified_gmt":"2026-03-22T07:19:21","slug":"green-house-seed-co-trainwreck-fem-3-samen","status":"publish","type":"product","link":"https:\/\/www.budream.com\/de\/shop\/green-house-seed-co-trainwreck-fem-3-samen\/","title":{"rendered":"GREEN HOUSE SEED CO. &#8211; TRAINWRECK FEM | 3 SAMEN"},"content":{"rendered":"<p><strong>TRAINWRECK<\/strong> ist ein Indica-dominanter Hybrid, der k\u00f6rperliche Entspannung mit reichlich Ertr\u00e4gen verbindet von GREEN HOUSE SEED CO.. Verf\u00fcgbar in Packungen mit 3 Samen feminisiert. Mit sehr hohem THC-Gehalt (Sehr hoch (20\u202f%+)), diese Pflanze richtet sich an erfahrene Z\u00fcchter. Im Anbau, bl\u00fcht schnell in 7-9 Wochen und garantiert reichlich Ertr\u00e4ge. In der Nase und am Gaumen bietet es einen Strau\u00df von Aromen: \ud83c\udf3f Scharf, \ud83c\udf4b Zitrusartig.<\/p>\n","protected":false},"excerpt":{"rendered":"<p>\ud83c\udf3f TRAINWRECK von GREEN HOUSE SEED CO. \u00b7 \ud83e\uddec Indica Dominant (60%+) \u00b7 \ud83d\udd25 THC sehr hoch (Sehr hoch (20\u202f%+)) \u00b7 \ud83d\udce6 Ertrag XL.<\/p>\n","protected":false},"featured_media":188087,"comment_status":"open","ping_status":"closed","template":"","meta":[],"product_brand":[],"product_cat":[7952],"product_tag":[10126,10128,8533,8510,10127,10124,10512,10150],"class_list":{"0":"post-244011","1":"product","2":"type-product","3":"status-publish","4":"has-post-thumbnail","6":"product_cat-seedshop-de","7":"product_tag-cannabis-samen","8":"product_tag-feminisierte-samen","9":"product_tag-green-house-seed-co","10":"product_tag-indica","11":"product_tag-scharf","12":"product_tag-thc-sehr-hoch","13":"product_tag-trainwreck-fem-3-samen","14":"product_tag-zitrusartig","16":"first","17":"outofstock","18":"taxable","19":"shipping-taxable","20":"purchasable","21":"product-type-simple"},"aioseo_notices":[],"_links":{"self":[{"href":"https:\/\/www.budream.com\/de\/wp-json\/wp\/v2\/product\/244011","targetHints":{"allow":["GET"]}}],"collection":[{"href":"https:\/\/www.budream.com\/de\/wp-json\/wp\/v2\/product"}],"about":[{"href":"https:\/\/www.budream.com\/de\/wp-json\/wp\/v2\/types\/product"}],"replies":[{"embeddable":true,"href":"https:\/\/www.budream.com\/de\/wp-json\/wp\/v2\/comments?post=244011"}],"version-history":[{"count":1,"href":"https:\/\/www.budream.com\/de\/wp-json\/wp\/v2\/product\/244011\/revisions"}],"predecessor-version":[{"id":259526,"href":"https:\/\/www.budream.com\/de\/wp-json\/wp\/v2\/product\/244011\/revisions\/259526"}],"wp:featuredmedia":[{"embeddable":true,"href":"https:\/\/www.budream.com\/de\/wp-json\/wp\/v2\/media\/188087"}],"wp:attachment":[{"href":"https:\/\/www.budream.com\/de\/wp-json\/wp\/v2\/media?parent=244011"}],"wp:term":[{"taxonomy":"product_brand","embeddable":true,"href":"https:\/\/www.budream.com\/de\/wp-json\/wp\/v2\/product_brand?post=244011"},{"taxonomy":"product_cat","embeddable":true,"href":"https:\/\/www.budream.com\/de\/wp-json\/wp\/v2\/product_cat?post=244011"},{"taxonomy":"product_tag","embeddable":true,"href":"https:\/\/www.budream.com\/de\/wp-json\/wp\/v2\/product_tag?post=244011"}],"curies":[{"name":"wp","href":"https:\/\/api.w.org\/{rel}","templated":true}]}}