{"id":244016,"date":"2025-11-21T19:02:33","date_gmt":"2025-11-21T17:02:33","guid":{"rendered":"https:\/\/www.budream.com\/shop\/dutch-passion-blueberry-reg-10-samen\/"},"modified":"2026-03-22T09:19:29","modified_gmt":"2026-03-22T07:19:29","slug":"dutch-passion-blueberry-reg-10-samen","status":"publish","type":"product","link":"https:\/\/www.budream.com\/de\/shop\/dutch-passion-blueberry-reg-10-samen\/","title":{"rendered":"DUTCH PASSION &#8211; BLUEBERRY REG | 10 SAMEN"},"content":{"rendered":"<p><strong>BLUEBERRY<\/strong> ist ein Indica-dominanter Hybrid, der k\u00f6rperliche Entspannung mit reichlich Ertr\u00e4gen verbindet von DUTCH PASSION. Verf\u00fcgbar in Packungen mit 10 Samen regul\u00e4r. Mit gutem THC-Gehalt (Hoch (15\u201319\u202f%)), diese Pflanze richtet sich an diejenigen, die Potenz und Qualit\u00e4t suchen. Im Anbau, bl\u00fcht schnell in 7-9 Wochen und produziert gro\u00dfz\u00fcgige Ertr\u00e4ge. In der Nase und am Gaumen zeichnet sich sein \ud83c\udf53 S\u00fc\u00df \/ Fruchtig-Aroma aus.<\/p>\n","protected":false},"excerpt":{"rendered":"<p>\ud83c\udf3f BLUEBERRY von DUTCH PASSION \u00b7 \ud83e\uddec Indica Dominant (60%+) \u00b7 \ud83d\udcaa THC hoch (Hoch (15\u201319\u202f%)).<\/p>\n","protected":false},"featured_media":157867,"comment_status":"open","ping_status":"closed","template":"","meta":[],"product_brand":[],"product_cat":[7952],"product_tag":[10513,10126,8508,8510,10171,10140],"class_list":{"0":"post-244016","1":"product","2":"type-product","3":"status-publish","4":"has-post-thumbnail","6":"product_cat-seedshop-de","7":"product_tag-blueberry-reg-10-samen","8":"product_tag-cannabis-samen","9":"product_tag-dutch-passion","10":"product_tag-indica","11":"product_tag-suess-fruchtig","12":"product_tag-thc-hoch","14":"first","15":"instock","16":"taxable","17":"shipping-taxable","18":"purchasable","19":"product-type-simple"},"aioseo_notices":[],"_links":{"self":[{"href":"https:\/\/www.budream.com\/de\/wp-json\/wp\/v2\/product\/244016","targetHints":{"allow":["GET"]}}],"collection":[{"href":"https:\/\/www.budream.com\/de\/wp-json\/wp\/v2\/product"}],"about":[{"href":"https:\/\/www.budream.com\/de\/wp-json\/wp\/v2\/types\/product"}],"replies":[{"embeddable":true,"href":"https:\/\/www.budream.com\/de\/wp-json\/wp\/v2\/comments?post=244016"}],"version-history":[{"count":1,"href":"https:\/\/www.budream.com\/de\/wp-json\/wp\/v2\/product\/244016\/revisions"}],"predecessor-version":[{"id":259527,"href":"https:\/\/www.budream.com\/de\/wp-json\/wp\/v2\/product\/244016\/revisions\/259527"}],"wp:featuredmedia":[{"embeddable":true,"href":"https:\/\/www.budream.com\/de\/wp-json\/wp\/v2\/media\/157867"}],"wp:attachment":[{"href":"https:\/\/www.budream.com\/de\/wp-json\/wp\/v2\/media?parent=244016"}],"wp:term":[{"taxonomy":"product_brand","embeddable":true,"href":"https:\/\/www.budream.com\/de\/wp-json\/wp\/v2\/product_brand?post=244016"},{"taxonomy":"product_cat","embeddable":true,"href":"https:\/\/www.budream.com\/de\/wp-json\/wp\/v2\/product_cat?post=244016"},{"taxonomy":"product_tag","embeddable":true,"href":"https:\/\/www.budream.com\/de\/wp-json\/wp\/v2\/product_tag?post=244016"}],"curies":[{"name":"wp","href":"https:\/\/api.w.org\/{rel}","templated":true}]}}