{"id":244036,"date":"2025-11-21T19:04:44","date_gmt":"2025-11-21T17:04:44","guid":{"rendered":"https:\/\/www.budream.com\/shop\/white-label-female-mix-fem-5-samen\/"},"modified":"2026-03-22T09:19:48","modified_gmt":"2026-03-22T07:19:48","slug":"white-label-female-mix-fem-5-samen","status":"publish","type":"product","link":"https:\/\/www.budream.com\/de\/shop\/white-label-female-mix-fem-5-samen\/","title":{"rendered":"WHITE LABEL &#8211; FEMALE MIX FEM | 5 SAMEN"},"content":{"rendered":"<p><strong>FEMALE MIX<\/strong> ist ein ausgewogener Hybrid zwischen Indica und Sativa, vielseitig und f\u00fcr jede Gelegenheit geeignet von WHITE LABEL SEED COMPANY. Verf\u00fcgbar in Packungen mit 5 Samen feminisiert. Im Anbau, hat einen mittleren Bl\u00fctezyklus von 10-12 Wochen und garantiert reichlich Ertr\u00e4ge.<\/p>\n","protected":false},"excerpt":{"rendered":"<p>\ud83c\udf3f FEMALE MIX von WHITE LABEL SEED COMPANY \u00b7 \ud83e\uddec Indica \/ Sativa \u00b7 \ud83d\udce6 Ertrag XL.<\/p>\n","protected":false},"featured_media":206495,"comment_status":"open","ping_status":"closed","template":"","meta":[],"product_brand":[],"product_cat":[7952],"product_tag":[10126,10517,10128,9931,8510,8511,9181],"class_list":{"0":"post-244036","1":"product","2":"type-product","3":"status-publish","4":"has-post-thumbnail","6":"product_cat-seedshop-de","7":"product_tag-cannabis-samen","8":"product_tag-female-mix-fem-5-samen","9":"product_tag-feminisierte-samen","10":"product_tag-hybrid","11":"product_tag-indica","12":"product_tag-sativa","13":"product_tag-white-label-seed-company","15":"first","16":"instock","17":"taxable","18":"shipping-taxable","19":"purchasable","20":"product-type-simple"},"aioseo_notices":[],"_links":{"self":[{"href":"https:\/\/www.budream.com\/de\/wp-json\/wp\/v2\/product\/244036","targetHints":{"allow":["GET"]}}],"collection":[{"href":"https:\/\/www.budream.com\/de\/wp-json\/wp\/v2\/product"}],"about":[{"href":"https:\/\/www.budream.com\/de\/wp-json\/wp\/v2\/types\/product"}],"replies":[{"embeddable":true,"href":"https:\/\/www.budream.com\/de\/wp-json\/wp\/v2\/comments?post=244036"}],"version-history":[{"count":1,"href":"https:\/\/www.budream.com\/de\/wp-json\/wp\/v2\/product\/244036\/revisions"}],"predecessor-version":[{"id":259531,"href":"https:\/\/www.budream.com\/de\/wp-json\/wp\/v2\/product\/244036\/revisions\/259531"}],"wp:featuredmedia":[{"embeddable":true,"href":"https:\/\/www.budream.com\/de\/wp-json\/wp\/v2\/media\/206495"}],"wp:attachment":[{"href":"https:\/\/www.budream.com\/de\/wp-json\/wp\/v2\/media?parent=244036"}],"wp:term":[{"taxonomy":"product_brand","embeddable":true,"href":"https:\/\/www.budream.com\/de\/wp-json\/wp\/v2\/product_brand?post=244036"},{"taxonomy":"product_cat","embeddable":true,"href":"https:\/\/www.budream.com\/de\/wp-json\/wp\/v2\/product_cat?post=244036"},{"taxonomy":"product_tag","embeddable":true,"href":"https:\/\/www.budream.com\/de\/wp-json\/wp\/v2\/product_tag?post=244036"}],"curies":[{"name":"wp","href":"https:\/\/api.w.org\/{rel}","templated":true}]}}