{"id":244128,"date":"2025-11-21T19:29:25","date_gmt":"2025-11-21T17:29:25","guid":{"rendered":"https:\/\/www.budream.com\/shop\/green-house-seed-co-arjans-ultra-haze-2-mango-haze-fem-5-samen\/"},"modified":"2026-03-23T10:54:13","modified_gmt":"2026-03-23T08:54:13","slug":"green-house-seed-co-arjans-ultra-haze-2-mango-haze-fem-5-samen","status":"publish","type":"product","link":"https:\/\/www.budream.com\/de\/shop\/green-house-seed-co-arjans-ultra-haze-2-mango-haze-fem-5-samen\/","title":{"rendered":"GREEN HOUSE SEED CO. &#8211; ARJAN&#8217;S ULTRA HAZE 2 (MANGO HAZE) FEM | 5 SAMEN"},"content":{"rendered":"<p>Diese Sorte ist ein gro\u00dfer sativadominierter Klassiker, der die Haze-Eigenschaften seiner Vorfahren geerbt hat. Arjan&#8217;s Ultra Haze 2 wurde durch die Kombination der Genetik von Neville&#8217;s Haze, Mango Haze und einer einheimischen Lao-Sorte geschaffen.<\/p>\n<p><\/p>\n<h2><strong>Eigenschaften Arjan&#8217;s Ultra Haze 2 (Mango Haze) Fem<\/strong><\/h2>\n<ul style=\"list-style-type: disc\">\n<li><strong>Gattung:<\/strong> Feminisiert<\/li>\n<li><strong>Genotyp:<\/strong> Hybrid 20% Indica 80% Sativa<\/li>\n<li><strong>Genetik:<\/strong> Neville Haze x Mango Haze x Laos<\/li>\n<li><strong>Tage:<\/strong> 84-96 Tage<\/li>\n<\/ul>\n<p><span style=\"font-size: 11pt\"><em><strong>ACHTUNG:<\/strong> Hanfsamen fallen nicht unter den Rechtsbegriff Cannabis, was bedeutet, dass sie nicht als Bet\u00e4ubungsmittel gelten (L. 412 von 1974, Art. 1, Absatz 1, Buchstabe B; Einheits\u00fcbereinkommen \u00fcber Bet\u00e4ubungsmittel von New York von 1961 und Tabelle II des Ministerialerlasses vom 27.7.1992). In Italien ist der Anbau von Hanf verboten (Artikel 28 und 73 des Pr\u00e4sidialdekrets 309\/90), es sei denn, es liegt eine Sondergenehmigung vor (Artikel 17 des Pr\u00e4sidialdekrets 309\/90). In Ermangelung einer solchen Genehmigung darf das Saatgut nur f\u00fcr andere Zwecke verwendet werden (zootechnische Zwecke, Sammeln usw.). Das Saatgut wird unter dem Vorbehalt verkauft, dass es nicht von Dritten im Widerspruch zu den gesetzlichen Bestimmungen verwendet wird.<\/em><\/span><\/p>\n","protected":false},"excerpt":{"rendered":"<p>\ud83c\udf3f ARJAN&#8217;S ULTRA HAZE 2 (MANGO HAZE) von GREEN HOUSE SEED CO. \u00b7 \ud83e\uddec Sativa Dominant (60%+) \u00b7 \ud83d\udd25 THC sehr hoch (Sehr hoch (20\u202f%+)) \u00b7 \ud83d\udce6 Ertrag XL.<\/p>\n","protected":false},"featured_media":214790,"comment_status":"open","ping_status":"closed","template":"","meta":[],"product_brand":[],"product_cat":[7952],"product_tag":[10534,10126,10128,8533,8511,10127,10124],"class_list":{"0":"post-244128","1":"product","2":"type-product","3":"status-publish","4":"has-post-thumbnail","6":"product_cat-seedshop-de","7":"product_tag-arjans-ultra-haze-2-mango-haze-fem-5-samen","8":"product_tag-cannabis-samen","9":"product_tag-feminisierte-samen","10":"product_tag-green-house-seed-co","11":"product_tag-sativa","12":"product_tag-scharf","13":"product_tag-thc-sehr-hoch","15":"first","16":"instock","17":"taxable","18":"shipping-taxable","19":"purchasable","20":"product-type-simple"},"aioseo_notices":[],"_links":{"self":[{"href":"https:\/\/www.budream.com\/de\/wp-json\/wp\/v2\/product\/244128","targetHints":{"allow":["GET"]}}],"collection":[{"href":"https:\/\/www.budream.com\/de\/wp-json\/wp\/v2\/product"}],"about":[{"href":"https:\/\/www.budream.com\/de\/wp-json\/wp\/v2\/types\/product"}],"replies":[{"embeddable":true,"href":"https:\/\/www.budream.com\/de\/wp-json\/wp\/v2\/comments?post=244128"}],"version-history":[{"count":2,"href":"https:\/\/www.budream.com\/de\/wp-json\/wp\/v2\/product\/244128\/revisions"}],"predecessor-version":[{"id":259694,"href":"https:\/\/www.budream.com\/de\/wp-json\/wp\/v2\/product\/244128\/revisions\/259694"}],"wp:featuredmedia":[{"embeddable":true,"href":"https:\/\/www.budream.com\/de\/wp-json\/wp\/v2\/media\/214790"}],"wp:attachment":[{"href":"https:\/\/www.budream.com\/de\/wp-json\/wp\/v2\/media?parent=244128"}],"wp:term":[{"taxonomy":"product_brand","embeddable":true,"href":"https:\/\/www.budream.com\/de\/wp-json\/wp\/v2\/product_brand?post=244128"},{"taxonomy":"product_cat","embeddable":true,"href":"https:\/\/www.budream.com\/de\/wp-json\/wp\/v2\/product_cat?post=244128"},{"taxonomy":"product_tag","embeddable":true,"href":"https:\/\/www.budream.com\/de\/wp-json\/wp\/v2\/product_tag?post=244128"}],"curies":[{"name":"wp","href":"https:\/\/api.w.org\/{rel}","templated":true}]}}