{"id":244158,"date":"2025-11-21T19:32:36","date_gmt":"2025-11-21T17:32:36","guid":{"rendered":"https:\/\/www.budream.com\/shop\/green-house-seed-co-gruen-o-matic-autoflowering-fem-5-samen\/"},"modified":"2026-04-13T10:06:17","modified_gmt":"2026-04-13T08:06:17","slug":"green-house-seed-co-gruen-o-matic-autoflowering-fem-5-samen","status":"publish","type":"product","link":"https:\/\/www.budream.com\/de\/shop\/green-house-seed-co-gruen-o-matic-autoflowering-fem-5-samen\/","title":{"rendered":"GREEN HOUSE SEED CO. &#8211; GR\u00dcN -O-MATIC AUTOFLOWERING FEM | 5 SAMEN"},"content":{"rendered":"<p>Diese sch\u00f6ne Sorte ist das Ergebnis einer sorgf\u00e4ltigen Auswahl von Blue Haze, gekreuzt mit Gelato #41 Autoflowering<\/p>\n<h2><strong>Eigenschaften Green-O-Matic Autoflowering Fem:<\/p>\n<p><\/strong><\/h2>\n<ul style=\"list-style-type: disc\">\n<li><strong>Gattung:<\/strong> Hybrid Feminisiert Autoflowering<\/li>\n<li><strong>Genotyp:<\/strong> Indica 60%\/ Sativa 30%\/ Ruderalis 10%<\/li>\n<li><strong>Genetik:<\/strong> Ruderalis x Maroccan x White Dwarf x Low Ryder<\/li>\n<li>Tage<strong>:<\/strong> 42-49 Tage<\/li>\n<\/ul>\n<p><span style=\"font-size: 11pt\"><em><strong>ACHTUNG:<\/strong> Hanfsamen sind vom gesetzlichen Begriff Cannabis ausgenommen, was bedeutet, dass sie nicht als Bet\u00e4ubungsmittel gelten (L. 412 von 1974, Art. 1, Komma 1, Buchstabe B; Einheits\u00fcbereinkommen \u00fcber Bet\u00e4ubungsmittel von New York von 1961 und Tabelle II des Ministerialerlasses 27\/7\/1992). In Italien ist der Anbau von Hanf verboten (Artikel 28 und 73 des Pr\u00e4sidialdekrets 309\/90), es sei denn, es liegt eine Sondergenehmigung vor (Artikel 17 des Pr\u00e4sidialdekrets 309\/90). In Ermangelung einer solchen Genehmigung darf das Saatgut nur f\u00fcr andere Zwecke verwendet werden (zootechnische Zwecke, Sammeln usw.). Das Saatgut wird unter dem Vorbehalt verkauft, dass es nicht von Dritten im Widerspruch zu den gesetzlichen Bestimmungen verwendet wird.<\/em><\/span><\/p>\n","protected":false},"excerpt":{"rendered":"<p>\ud83c\udf3f GR\u00dcN -O-MATIC AUTOFLOWERING von GREEN HOUSE SEED CO. \u00b7 \ud83e\uddec Indica Dominant (60%+) \u00b7 \ud83d\udcaa THC hoch (Hoch (15\u201319\u202f%)).<\/p>\n","protected":false},"featured_media":214960,"comment_status":"open","ping_status":"closed","template":"","meta":[],"product_brand":[],"product_cat":[7952],"product_tag":[10126,10128,8533,10540,8510,10171,10140],"class_list":{"0":"post-244158","1":"product","2":"type-product","3":"status-publish","4":"has-post-thumbnail","6":"product_cat-seedshop-de","7":"product_tag-cannabis-samen","8":"product_tag-feminisierte-samen","9":"product_tag-green-house-seed-co","10":"product_tag-gruen-o-matic-autoflowering-fem-5-samen","11":"product_tag-indica","12":"product_tag-suess-fruchtig","13":"product_tag-thc-hoch","15":"first","16":"outofstock","17":"taxable","18":"shipping-taxable","19":"purchasable","20":"product-type-simple"},"aioseo_notices":[],"_links":{"self":[{"href":"https:\/\/www.budream.com\/de\/wp-json\/wp\/v2\/product\/244158","targetHints":{"allow":["GET"]}}],"collection":[{"href":"https:\/\/www.budream.com\/de\/wp-json\/wp\/v2\/product"}],"about":[{"href":"https:\/\/www.budream.com\/de\/wp-json\/wp\/v2\/types\/product"}],"replies":[{"embeddable":true,"href":"https:\/\/www.budream.com\/de\/wp-json\/wp\/v2\/comments?post=244158"}],"version-history":[{"count":2,"href":"https:\/\/www.budream.com\/de\/wp-json\/wp\/v2\/product\/244158\/revisions"}],"predecessor-version":[{"id":262525,"href":"https:\/\/www.budream.com\/de\/wp-json\/wp\/v2\/product\/244158\/revisions\/262525"}],"wp:featuredmedia":[{"embeddable":true,"href":"https:\/\/www.budream.com\/de\/wp-json\/wp\/v2\/media\/214960"}],"wp:attachment":[{"href":"https:\/\/www.budream.com\/de\/wp-json\/wp\/v2\/media?parent=244158"}],"wp:term":[{"taxonomy":"product_brand","embeddable":true,"href":"https:\/\/www.budream.com\/de\/wp-json\/wp\/v2\/product_brand?post=244158"},{"taxonomy":"product_cat","embeddable":true,"href":"https:\/\/www.budream.com\/de\/wp-json\/wp\/v2\/product_cat?post=244158"},{"taxonomy":"product_tag","embeddable":true,"href":"https:\/\/www.budream.com\/de\/wp-json\/wp\/v2\/product_tag?post=244158"}],"curies":[{"name":"wp","href":"https:\/\/api.w.org\/{rel}","templated":true}]}}