{"id":244163,"date":"2025-11-21T19:33:08","date_gmt":"2025-11-21T17:33:08","guid":{"rendered":"https:\/\/www.budream.com\/shop\/green-house-seed-co-kalashnikova-autoflowering-fem-5-samen\/"},"modified":"2026-03-22T09:23:56","modified_gmt":"2026-03-22T07:23:56","slug":"green-house-seed-co-kalashnikova-autoflowering-fem-5-samen","status":"publish","type":"product","link":"https:\/\/www.budream.com\/de\/shop\/green-house-seed-co-kalashnikova-autoflowering-fem-5-samen\/","title":{"rendered":"GREEN HOUSE SEED CO. &#8211; KALASHNIKOVA AUTOFLOWERING FEM | 5 SAMEN"},"content":{"rendered":"<p><strong>KALASHNIKOVA AUTOFLOWERING<\/strong> ist ein Indica-dominanter Hybrid, der k\u00f6rperliche Entspannung mit reichlich Ertr\u00e4gen verbindet von GREEN HOUSE SEED CO.. Verf\u00fcgbar in Packungen mit 5 Samen feminisiert. Mit gutem THC-Gehalt (Hoch (15\u201319\u202f%)), diese Pflanze richtet sich an diejenigen, die Potenz und Qualit\u00e4t suchen. Im Anbau, bl\u00fcht schnell in 7-9 Wochen und bietet au\u00dfergew\u00f6hnlich reichlich Ertr\u00e4ge. In der Nase und am Gaumen zeichnet sich sein \ud83c\udf3f Erdiger-Aroma aus.<\/p>\n","protected":false},"excerpt":{"rendered":"<p>\ud83c\udf3f KALASHNIKOVA AUTOFLOWERING von GREEN HOUSE SEED CO. \u00b7 \ud83e\uddec Indica Dominant (60%+) \u00b7 \ud83d\udcaa THC hoch (Hoch (15\u201319\u202f%)) \u00b7 \ud83c\udfc6 Ertrag XXL.<\/p>\n","protected":false},"featured_media":215025,"comment_status":"open","ping_status":"closed","template":"","meta":[],"product_brand":[],"product_cat":[7952],"product_tag":[10126,10147,10125,10128,8533,8510,10541,10140],"class_list":{"0":"post-244163","1":"product","2":"type-product","3":"status-publish","4":"has-post-thumbnail","6":"product_cat-seedshop-de","7":"product_tag-cannabis-samen","8":"product_tag-erdiger","9":"product_tag-ertrag-xxl","10":"product_tag-feminisierte-samen","11":"product_tag-green-house-seed-co","12":"product_tag-indica","13":"product_tag-kalashnikova-autoflowering-fem-5-samen","14":"product_tag-thc-hoch","16":"first","17":"instock","18":"taxable","19":"shipping-taxable","20":"purchasable","21":"product-type-simple"},"aioseo_notices":[],"_links":{"self":[{"href":"https:\/\/www.budream.com\/de\/wp-json\/wp\/v2\/product\/244163","targetHints":{"allow":["GET"]}}],"collection":[{"href":"https:\/\/www.budream.com\/de\/wp-json\/wp\/v2\/product"}],"about":[{"href":"https:\/\/www.budream.com\/de\/wp-json\/wp\/v2\/types\/product"}],"replies":[{"embeddable":true,"href":"https:\/\/www.budream.com\/de\/wp-json\/wp\/v2\/comments?post=244163"}],"version-history":[{"count":1,"href":"https:\/\/www.budream.com\/de\/wp-json\/wp\/v2\/product\/244163\/revisions"}],"predecessor-version":[{"id":259555,"href":"https:\/\/www.budream.com\/de\/wp-json\/wp\/v2\/product\/244163\/revisions\/259555"}],"wp:featuredmedia":[{"embeddable":true,"href":"https:\/\/www.budream.com\/de\/wp-json\/wp\/v2\/media\/215025"}],"wp:attachment":[{"href":"https:\/\/www.budream.com\/de\/wp-json\/wp\/v2\/media?parent=244163"}],"wp:term":[{"taxonomy":"product_brand","embeddable":true,"href":"https:\/\/www.budream.com\/de\/wp-json\/wp\/v2\/product_brand?post=244163"},{"taxonomy":"product_cat","embeddable":true,"href":"https:\/\/www.budream.com\/de\/wp-json\/wp\/v2\/product_cat?post=244163"},{"taxonomy":"product_tag","embeddable":true,"href":"https:\/\/www.budream.com\/de\/wp-json\/wp\/v2\/product_tag?post=244163"}],"curies":[{"name":"wp","href":"https:\/\/api.w.org\/{rel}","templated":true}]}}