{"id":244168,"date":"2025-11-21T19:33:38","date_gmt":"2025-11-21T17:33:38","guid":{"rendered":"https:\/\/www.budream.com\/shop\/gewaechshaus-samen-co-kalashnikova-fem-5-samen\/"},"modified":"2026-03-26T11:43:24","modified_gmt":"2026-03-26T09:43:24","slug":"gewaechshaus-samen-co-kalashnikova-fem-5-samen","status":"publish","type":"product","link":"https:\/\/www.budream.com\/de\/shop\/gewaechshaus-samen-co-kalashnikova-fem-5-samen\/","title":{"rendered":"GEW\u00c4CHSHAUS SAMEN CO. &#8211; KALASHNIKOVA FEM | 5 SAMEN"},"content":{"rendered":"<p>Kalashnikova ist das Ergebnis der Kreuzung zweier legend\u00e4rer St\u00e4mme.<br \/>Eine Indica-dominante Genetik, die aus der Hybridisierung einer ausgew\u00e4hlten Sorte von AK 47 und White Widow entstand.<\/p>\n<h2><strong>Eigenschaften Kalashnikova Fem<\/strong><\/h2>\n<ul style=\"list-style-type: disc\">\n<li><strong>Gattung:<\/strong> Feminisiert<\/li>\n<li><strong>Genotyp:<\/strong> Hybrid 80% Indica 20% Sativa<\/li>\n<li><strong>Genetik:<\/strong> AK-47 x White Widow<\/li>\n<li><strong>Tage:<\/strong> 49-56<\/li>\n<\/ul>\n<p><span style=\"font-size: 11pt\"><em><strong>WARNUNG:<\/strong> Hanfsamen sind vom gesetzlichen Begriff Cannabis ausgenommen, was bedeutet, dass sie nicht als Bet\u00e4ubungsmittel gelten (L. 412 von 1974, Art. 1, Absatz 1, Buchstabe B; Einheits\u00fcbereinkommen \u00fcber Bet\u00e4ubungsmittel von New York von 1961 und Tabelle II des Ministerialerlasses 27\/7\/1992). In Italien ist der Anbau von Hanf verboten (Artikel 28 und 73 des Pr\u00e4sidialdekrets 309\/90), es sei denn, es liegt eine Sondergenehmigung vor (Artikel 17 des Pr\u00e4sidialdekrets 309\/90). In Ermangelung einer solchen Genehmigung darf das Saatgut nur f\u00fcr andere Zwecke verwendet werden (zootechnische Zwecke, Sammeln usw.). Das Saatgut wird unter dem Vorbehalt verkauft, dass es nicht von Dritten im Widerspruch zu den gesetzlichen Bestimmungen verwendet wird.<\/em><\/span><\/p>\n","protected":false},"excerpt":{"rendered":"<p>\ud83c\udf3f KALASHNIKOVA von GREEN HOUSE SEED CO. \u00b7 \ud83e\uddec Indica Dominant (60%+) \u00b7 \ud83d\udd25 THC sehr hoch (Sehr hoch (20\u202f%+)) \u00b7 \ud83d\udce6 Ertrag XL.<\/p>\n","protected":false},"featured_media":215050,"comment_status":"open","ping_status":"closed","template":"","meta":[],"product_brand":[],"product_cat":[7952],"product_tag":[10126,10128,8533,8510,10542,10127,10124],"class_list":{"0":"post-244168","1":"product","2":"type-product","3":"status-publish","4":"has-post-thumbnail","6":"product_cat-seedshop-de","7":"product_tag-cannabis-samen","8":"product_tag-feminisierte-samen","9":"product_tag-green-house-seed-co","10":"product_tag-indica","11":"product_tag-kalashnikova-fem-5-samen","12":"product_tag-scharf","13":"product_tag-thc-sehr-hoch","15":"first","16":"instock","17":"taxable","18":"shipping-taxable","19":"purchasable","20":"product-type-simple"},"aioseo_notices":[],"_links":{"self":[{"href":"https:\/\/www.budream.com\/de\/wp-json\/wp\/v2\/product\/244168","targetHints":{"allow":["GET"]}}],"collection":[{"href":"https:\/\/www.budream.com\/de\/wp-json\/wp\/v2\/product"}],"about":[{"href":"https:\/\/www.budream.com\/de\/wp-json\/wp\/v2\/types\/product"}],"replies":[{"embeddable":true,"href":"https:\/\/www.budream.com\/de\/wp-json\/wp\/v2\/comments?post=244168"}],"version-history":[{"count":2,"href":"https:\/\/www.budream.com\/de\/wp-json\/wp\/v2\/product\/244168\/revisions"}],"predecessor-version":[{"id":259974,"href":"https:\/\/www.budream.com\/de\/wp-json\/wp\/v2\/product\/244168\/revisions\/259974"}],"wp:featuredmedia":[{"embeddable":true,"href":"https:\/\/www.budream.com\/de\/wp-json\/wp\/v2\/media\/215050"}],"wp:attachment":[{"href":"https:\/\/www.budream.com\/de\/wp-json\/wp\/v2\/media?parent=244168"}],"wp:term":[{"taxonomy":"product_brand","embeddable":true,"href":"https:\/\/www.budream.com\/de\/wp-json\/wp\/v2\/product_brand?post=244168"},{"taxonomy":"product_cat","embeddable":true,"href":"https:\/\/www.budream.com\/de\/wp-json\/wp\/v2\/product_cat?post=244168"},{"taxonomy":"product_tag","embeddable":true,"href":"https:\/\/www.budream.com\/de\/wp-json\/wp\/v2\/product_tag?post=244168"}],"curies":[{"name":"wp","href":"https:\/\/api.w.org\/{rel}","templated":true}]}}