{"id":244173,"date":"2025-11-21T19:34:08","date_gmt":"2025-11-21T17:34:08","guid":{"rendered":"https:\/\/www.budream.com\/shop\/green-house-seed-co-kings-kush-autoflowering-fem-5-samen\/"},"modified":"2026-03-26T11:45:27","modified_gmt":"2026-03-26T09:45:27","slug":"green-house-seed-co-kings-kush-autoflowering-fem-5-samen","status":"publish","type":"product","link":"https:\/\/www.budream.com\/de\/shop\/green-house-seed-co-kings-kush-autoflowering-fem-5-samen\/","title":{"rendered":"GREEN HOUSE SEED CO. &#8211; KING&#8217;S KUSH AUTOFLOWERING FEM | 5 SAMEN"},"content":{"rendered":"<p>Die Genetik stammt aus der Kreuzung einer King&#8217;s Kush mit einer unbekannten Ruderalis.<br \/>King&#8217;s Kush Autoflowering ist ein perfekt ausgewogener Hybrid. Die Sorte King&#8217;s Kush wurde mit Ruderalis-Genetik gekreuzt, was zu einer autoflowering Sorte f\u00fchrte. Die genetische Zusammensetzung ist 40% Indica, 40% Sativa und 20% Ruderalis-Gene.<\/p>\n<h2><strong>Merkmale King&#8217;s Kush Autoflowering Fem:<\/p>\n<p><\/strong><\/h2>\n<ul style=\"list-style-type: disc\">\n<li><strong>Gattung:<\/strong> Feminisierter Autoflowering-Hybrid<\/li>\n<li><strong>Genotyp:<\/strong> Indica 40%\/ Sativa 40%\/ Ruderalis 20%<\/li>\n<li><strong>Genetik:<\/strong> King&#8217;s Kush x Ruderalis<\/li>\n<li><strong>Tage:<\/strong> 49-56<\/li>\n<\/ul>\n<p><span style=\"font-size: 11pt\"><em><strong>WARNUNG:<\/strong> Hanfsamen sind vom gesetzlichen Begriff Cannabis ausgenommen, was bedeutet, dass sie nicht als Bet\u00e4ubungsmittel gelten (L. 412 von 1974, Art. 1, Absatz 1, Buchstabe B; Einheits\u00fcbereinkommen \u00fcber Bet\u00e4ubungsmittel von New York von 1961 und Tabelle II des Ministerialerlasses 27\/7\/1992). In Italien ist der Anbau von Hanf verboten (Artikel 28 und 73 des Pr\u00e4sidialdekrets 309\/90), es sei denn, es liegt eine Sondergenehmigung vor (Artikel 17 des Pr\u00e4sidialdekrets 309\/90). In Ermangelung einer solchen Genehmigung darf das Saatgut nur f\u00fcr andere Zwecke verwendet werden (zootechnische Zwecke, Sammeln usw.). Das Saatgut wird unter dem Vorbehalt verkauft, dass es nicht von Dritten im Widerspruch zu den gesetzlichen Bestimmungen verwendet wird.<\/em><\/span><\/p>\n","protected":false},"excerpt":{"rendered":"<p>\ud83c\udf3f KING&#8217;S KUSH AUTOFLOWERING von GREEN HOUSE SEED CO. \u00b7 \ud83e\uddec Indica \/ Sativa \u00b7 \ud83d\udd25 THC sehr hoch (Sehr hoch (20\u202f%+)).<\/p>\n","protected":false},"featured_media":215111,"comment_status":"open","ping_status":"closed","template":"","meta":[],"product_brand":[],"product_cat":[7952],"product_tag":[10126,10128,8533,9931,8510,10543,8511,10127,10124],"class_list":{"0":"post-244173","1":"product","2":"type-product","3":"status-publish","4":"has-post-thumbnail","6":"product_cat-seedshop-de","7":"product_tag-cannabis-samen","8":"product_tag-feminisierte-samen","9":"product_tag-green-house-seed-co","10":"product_tag-hybrid","11":"product_tag-indica","12":"product_tag-kings-kush-autoflowering-fem-5-samen","13":"product_tag-sativa","14":"product_tag-scharf","15":"product_tag-thc-sehr-hoch","17":"first","18":"instock","19":"taxable","20":"shipping-taxable","21":"purchasable","22":"product-type-simple"},"aioseo_notices":[],"_links":{"self":[{"href":"https:\/\/www.budream.com\/de\/wp-json\/wp\/v2\/product\/244173","targetHints":{"allow":["GET"]}}],"collection":[{"href":"https:\/\/www.budream.com\/de\/wp-json\/wp\/v2\/product"}],"about":[{"href":"https:\/\/www.budream.com\/de\/wp-json\/wp\/v2\/types\/product"}],"replies":[{"embeddable":true,"href":"https:\/\/www.budream.com\/de\/wp-json\/wp\/v2\/comments?post=244173"}],"version-history":[{"count":2,"href":"https:\/\/www.budream.com\/de\/wp-json\/wp\/v2\/product\/244173\/revisions"}],"predecessor-version":[{"id":261023,"href":"https:\/\/www.budream.com\/de\/wp-json\/wp\/v2\/product\/244173\/revisions\/261023"}],"wp:featuredmedia":[{"embeddable":true,"href":"https:\/\/www.budream.com\/de\/wp-json\/wp\/v2\/media\/215111"}],"wp:attachment":[{"href":"https:\/\/www.budream.com\/de\/wp-json\/wp\/v2\/media?parent=244173"}],"wp:term":[{"taxonomy":"product_brand","embeddable":true,"href":"https:\/\/www.budream.com\/de\/wp-json\/wp\/v2\/product_brand?post=244173"},{"taxonomy":"product_cat","embeddable":true,"href":"https:\/\/www.budream.com\/de\/wp-json\/wp\/v2\/product_cat?post=244173"},{"taxonomy":"product_tag","embeddable":true,"href":"https:\/\/www.budream.com\/de\/wp-json\/wp\/v2\/product_tag?post=244173"}],"curies":[{"name":"wp","href":"https:\/\/api.w.org\/{rel}","templated":true}]}}