{"id":244500,"date":"2025-12-02T13:34:24","date_gmt":"2025-12-02T11:34:24","guid":{"rendered":"https:\/\/www.budream.com\/shop\/royal-queen-seeds-orbital-banana-f1-fem\/"},"modified":"2026-03-22T09:26:18","modified_gmt":"2026-03-22T07:26:18","slug":"royal-queen-seeds-orbital-banana-f1-fem","status":"publish","type":"product","link":"https:\/\/www.budream.com\/de\/shop\/royal-queen-seeds-orbital-banana-f1-fem\/","title":{"rendered":"ROYAL QUEEN SEEDS &#8211; ORBITAL BANANA F1 FEM"},"content":{"rendered":"<p><strong>ORBITAL BANANA F1<\/strong> ist ein ausgewogener Hybrid zwischen Indica und Sativa, vielseitig und f\u00fcr jede Gelegenheit geeignet von ROYAL QUEEN SEEDS. Verf\u00fcgbar in Packungen mit 1 Samen feminisiert. Mit gutem THC-Gehalt (Hoch (15\u201319\u202f%)), diese Pflanze richtet sich an diejenigen, die Potenz und Qualit\u00e4t suchen. Im Anbau, bietet au\u00dfergew\u00f6hnlich reichlich Ertr\u00e4ge. In der Nase und am Gaumen bietet es einen Strau\u00df von Aromen: \ud83c\udf3f Erdiger, \ud83c\udf3f Scharf.<\/p>\n","protected":false},"excerpt":{"rendered":"<p>\ud83c\udf3f ORBITAL BANANA F1 von ROYAL QUEEN SEEDS \u00b7 \ud83e\uddec Indica \/ Sativa \u00b7 \ud83d\udcaa THC hoch (Hoch (15\u201319\u202f%)) \u00b7 \ud83c\udfc6 Ertrag XXL.<\/p>\n","protected":false},"featured_media":244494,"comment_status":"open","ping_status":"closed","template":"","meta":[],"product_brand":[],"product_cat":[7952],"product_tag":[10126,10127,10128,10140,10147,8510,8511,8609,9359,9931,10125],"class_list":{"0":"post-244500","1":"product","2":"type-product","3":"status-publish","4":"has-post-thumbnail","6":"product_cat-seedshop-de","7":"product_tag-cannabis-samen","8":"product_tag-scharf","9":"product_tag-feminisierte-samen","10":"product_tag-thc-hoch","11":"product_tag-erdiger","12":"product_tag-indica","13":"product_tag-sativa","14":"product_tag-royal-queen-seeds","15":"product_tag-orbital-banana-f1","16":"product_tag-hybrid","17":"product_tag-ertrag-xxl","19":"first","20":"outofstock","21":"taxable","22":"shipping-taxable","23":"product-type-variable"},"aioseo_notices":[],"_links":{"self":[{"href":"https:\/\/www.budream.com\/de\/wp-json\/wp\/v2\/product\/244500","targetHints":{"allow":["GET"]}}],"collection":[{"href":"https:\/\/www.budream.com\/de\/wp-json\/wp\/v2\/product"}],"about":[{"href":"https:\/\/www.budream.com\/de\/wp-json\/wp\/v2\/types\/product"}],"replies":[{"embeddable":true,"href":"https:\/\/www.budream.com\/de\/wp-json\/wp\/v2\/comments?post=244500"}],"version-history":[{"count":1,"href":"https:\/\/www.budream.com\/de\/wp-json\/wp\/v2\/product\/244500\/revisions"}],"predecessor-version":[{"id":259571,"href":"https:\/\/www.budream.com\/de\/wp-json\/wp\/v2\/product\/244500\/revisions\/259571"}],"wp:featuredmedia":[{"embeddable":true,"href":"https:\/\/www.budream.com\/de\/wp-json\/wp\/v2\/media\/244494"}],"wp:attachment":[{"href":"https:\/\/www.budream.com\/de\/wp-json\/wp\/v2\/media?parent=244500"}],"wp:term":[{"taxonomy":"product_brand","embeddable":true,"href":"https:\/\/www.budream.com\/de\/wp-json\/wp\/v2\/product_brand?post=244500"},{"taxonomy":"product_cat","embeddable":true,"href":"https:\/\/www.budream.com\/de\/wp-json\/wp\/v2\/product_cat?post=244500"},{"taxonomy":"product_tag","embeddable":true,"href":"https:\/\/www.budream.com\/de\/wp-json\/wp\/v2\/product_tag?post=244500"}],"curies":[{"name":"wp","href":"https:\/\/api.w.org\/{rel}","templated":true}]}}