{"id":244518,"date":"2025-12-02T17:21:30","date_gmt":"2025-12-02T15:21:30","guid":{"rendered":"https:\/\/www.budream.com\/shop\/royal-queen-seeds-banana-brawler-fem-tyson-seeds\/"},"modified":"2026-03-22T09:26:20","modified_gmt":"2026-03-22T07:26:20","slug":"royal-queen-seeds-banana-brawler-fem-tyson-seeds","status":"publish","type":"product","link":"https:\/\/www.budream.com\/de\/shop\/royal-queen-seeds-banana-brawler-fem-tyson-seeds\/","title":{"rendered":"ROYAL QUEEN SEEDS &#8211; BANANA BRAWLER FEM (TYSON SEEDS)"},"content":{"rendered":"<p><strong>BANANA BRAWLER FEM (TYSON SEEDS)<\/strong> ist ein ausgewogener Hybrid zwischen Indica und Sativa, vielseitig und f\u00fcr jede Gelegenheit geeignet von ROYAL QUEEN SEEDS. Verf\u00fcgbar in Packungen mit 1 Samen feminisiert. Mit sehr hohem THC-Gehalt (Sehr hoch (20\u202f%+)), diese Pflanze richtet sich an erfahrene Z\u00fcchter. Im Anbau, garantiert reichlich Ertr\u00e4ge. In der Nase und am Gaumen bietet es einen Strau\u00df von Aromen: \ud83c\udf3f Erdiger, \ud83c\udf3f Scharf, \ud83c\udf53 S\u00fc\u00df \/ Fruchtig.<\/p>\n","protected":false},"excerpt":{"rendered":"<p>\ud83c\udf3f BANANA BRAWLER FEM (TYSON SEEDS) von ROYAL QUEEN SEEDS \u00b7 \ud83e\uddec Indica \/ Sativa \u00b7 \ud83d\udd25 THC sehr hoch (Sehr hoch (20\u202f%+)) \u00b7 \ud83d\udce6 Ertrag XL.<\/p>\n","protected":false},"featured_media":244507,"comment_status":"open","ping_status":"closed","template":"","meta":[],"product_brand":[],"product_cat":[7952],"product_tag":[8609,9360,9931,10124,10126,10127,10128,10147,8510,8511],"class_list":{"0":"post-244518","1":"product","2":"type-product","3":"status-publish","4":"has-post-thumbnail","6":"product_cat-seedshop-de","7":"product_tag-royal-queen-seeds","8":"product_tag-banana-brawler-fem-tyson-seeds","9":"product_tag-hybrid","10":"product_tag-thc-sehr-hoch","11":"product_tag-cannabis-samen","12":"product_tag-scharf","13":"product_tag-feminisierte-samen","14":"product_tag-erdiger","15":"product_tag-indica","16":"product_tag-sativa","18":"first","19":"outofstock","20":"taxable","21":"shipping-taxable","22":"product-type-variable"},"aioseo_notices":[],"_links":{"self":[{"href":"https:\/\/www.budream.com\/de\/wp-json\/wp\/v2\/product\/244518","targetHints":{"allow":["GET"]}}],"collection":[{"href":"https:\/\/www.budream.com\/de\/wp-json\/wp\/v2\/product"}],"about":[{"href":"https:\/\/www.budream.com\/de\/wp-json\/wp\/v2\/types\/product"}],"replies":[{"embeddable":true,"href":"https:\/\/www.budream.com\/de\/wp-json\/wp\/v2\/comments?post=244518"}],"version-history":[{"count":1,"href":"https:\/\/www.budream.com\/de\/wp-json\/wp\/v2\/product\/244518\/revisions"}],"predecessor-version":[{"id":259572,"href":"https:\/\/www.budream.com\/de\/wp-json\/wp\/v2\/product\/244518\/revisions\/259572"}],"wp:featuredmedia":[{"embeddable":true,"href":"https:\/\/www.budream.com\/de\/wp-json\/wp\/v2\/media\/244507"}],"wp:attachment":[{"href":"https:\/\/www.budream.com\/de\/wp-json\/wp\/v2\/media?parent=244518"}],"wp:term":[{"taxonomy":"product_brand","embeddable":true,"href":"https:\/\/www.budream.com\/de\/wp-json\/wp\/v2\/product_brand?post=244518"},{"taxonomy":"product_cat","embeddable":true,"href":"https:\/\/www.budream.com\/de\/wp-json\/wp\/v2\/product_cat?post=244518"},{"taxonomy":"product_tag","embeddable":true,"href":"https:\/\/www.budream.com\/de\/wp-json\/wp\/v2\/product_tag?post=244518"}],"curies":[{"name":"wp","href":"https:\/\/api.w.org\/{rel}","templated":true}]}}