{"id":244746,"date":"2025-12-04T15:40:43","date_gmt":"2025-12-04T13:40:43","guid":{"rendered":"https:\/\/www.budream.com\/shop\/sativa-creation-eg1-cbd-zertifizierte-hanfsamen\/"},"modified":"2026-03-22T09:30:44","modified_gmt":"2026-03-22T07:30:44","slug":"sativa-creation-eg1-cbd-zertifizierte-hanfsamen","status":"publish","type":"product","link":"https:\/\/www.budream.com\/de\/shop\/sativa-creation-eg1-cbd-zertifizierte-hanfsamen\/","title":{"rendered":"EGERIA &#8211; EG1 (CBD) ZERTIFIZIERTE HANFSAMEN"},"content":{"rendered":"<p><strong>EG1 (CBD) ZERTIFIZIERTE HANFSAMEN<\/strong> ist eine hochwertige Sorte von SATIVA CREATION &#8211; EGERIA. Verf\u00fcgbar in Packungen mit 100 Samen feminisiert. Mit niedrigem THC-Gehalt (Sehr niedrig (0\u20134\u202f%)), diese Pflanze richtet sich an eine breite Palette von Z\u00fcchtern. Im Anbau, bl\u00fcht schnell in 7-9 Wochen und produziert gro\u00dfz\u00fcgige Ertr\u00e4ge.<\/p>\n","protected":false},"excerpt":{"rendered":"<p>\ud83c\udf3f EG1 (CBD) ZERTIFIZIERTE HANFSAMEN von SATIVA CREATION &#8211; EGERIA.<\/p>\n","protected":false},"featured_media":244735,"comment_status":"open","ping_status":"closed","template":"","meta":[],"product_brand":[],"product_cat":[7952],"product_tag":[10126,10128,10555,10556],"class_list":{"0":"post-244746","1":"product","2":"type-product","3":"status-publish","4":"has-post-thumbnail","6":"product_cat-seedshop-de","7":"product_tag-cannabis-samen","8":"product_tag-feminisierte-samen","9":"product_tag-sativa-creation-egeria","10":"product_tag-eg1-cbd-zertifizierte-hanfsamen","12":"first","13":"instock","14":"taxable","15":"shipping-taxable","16":"purchasable","17":"product-type-variable"},"aioseo_notices":[],"_links":{"self":[{"href":"https:\/\/www.budream.com\/de\/wp-json\/wp\/v2\/product\/244746","targetHints":{"allow":["GET"]}}],"collection":[{"href":"https:\/\/www.budream.com\/de\/wp-json\/wp\/v2\/product"}],"about":[{"href":"https:\/\/www.budream.com\/de\/wp-json\/wp\/v2\/types\/product"}],"replies":[{"embeddable":true,"href":"https:\/\/www.budream.com\/de\/wp-json\/wp\/v2\/comments?post=244746"}],"version-history":[{"count":1,"href":"https:\/\/www.budream.com\/de\/wp-json\/wp\/v2\/product\/244746\/revisions"}],"predecessor-version":[{"id":259573,"href":"https:\/\/www.budream.com\/de\/wp-json\/wp\/v2\/product\/244746\/revisions\/259573"}],"wp:featuredmedia":[{"embeddable":true,"href":"https:\/\/www.budream.com\/de\/wp-json\/wp\/v2\/media\/244735"}],"wp:attachment":[{"href":"https:\/\/www.budream.com\/de\/wp-json\/wp\/v2\/media?parent=244746"}],"wp:term":[{"taxonomy":"product_brand","embeddable":true,"href":"https:\/\/www.budream.com\/de\/wp-json\/wp\/v2\/product_brand?post=244746"},{"taxonomy":"product_cat","embeddable":true,"href":"https:\/\/www.budream.com\/de\/wp-json\/wp\/v2\/product_cat?post=244746"},{"taxonomy":"product_tag","embeddable":true,"href":"https:\/\/www.budream.com\/de\/wp-json\/wp\/v2\/product_tag?post=244746"}],"curies":[{"name":"wp","href":"https:\/\/api.w.org\/{rel}","templated":true}]}}