{"id":245068,"date":"2025-12-11T15:10:44","date_gmt":"2025-12-11T13:10:44","guid":{"rendered":"https:\/\/www.budream.com\/shop\/green-house-seed-co-arjans-haze-3-fem-5-samen\/"},"modified":"2026-03-22T09:26:34","modified_gmt":"2026-03-22T07:26:34","slug":"green-house-seed-co-arjans-haze-3-fem-5-samen","status":"publish","type":"product","link":"https:\/\/www.budream.com\/de\/shop\/green-house-seed-co-arjans-haze-3-fem-5-samen\/","title":{"rendered":"GREEN HOUSE SEED CO. &#8211; ARJAN&#8217;S HAZE 3 FEM | 5 SAMEN"},"content":{"rendered":"<p><strong>ARJAN&#8217;S HAZE 3<\/strong> ist ein Sativa-dominanter Hybrid, ideal f\u00fcr diejenigen, die Klarheit und Kreativit\u00e4t suchen von GREEN HOUSE SEED CO.. Verf\u00fcgbar in Packungen mit 5 Samen feminisiert. Mit gutem THC-Gehalt (Hoch (15\u201319\u202f%)), diese Pflanze richtet sich an diejenigen, die Potenz und Qualit\u00e4t suchen. Im Anbau, hat einen mittleren Bl\u00fctezyklus von 10-12 Wochen und produziert gro\u00dfz\u00fcgige Ertr\u00e4ge. In der Nase und am Gaumen zeichnet sich sein \ud83c\udf3f Scharf-Aroma aus.<\/p>\n","protected":false},"excerpt":{"rendered":"<p>\ud83c\udf3f ARJAN&#8217;S HAZE 3 von GREEN HOUSE SEED CO. \u00b7 \ud83e\uddec Sativa Dominant (60%+) \u00b7 \ud83d\udcaa THC hoch (Hoch (15\u201319\u202f%)).<\/p>\n","protected":false},"featured_media":214765,"comment_status":"open","ping_status":"closed","template":"","meta":[],"product_brand":[],"product_cat":[7952],"product_tag":[10557,10126,10128,8533,8511,10127,10140],"class_list":{"0":"post-245068","1":"product","2":"type-product","3":"status-publish","4":"has-post-thumbnail","6":"product_cat-seedshop-de","7":"product_tag-arjans-haze-3-fem-5-samen","8":"product_tag-cannabis-samen","9":"product_tag-feminisierte-samen","10":"product_tag-green-house-seed-co","11":"product_tag-sativa","12":"product_tag-scharf","13":"product_tag-thc-hoch","15":"first","16":"outofstock","17":"taxable","18":"shipping-taxable","19":"purchasable","20":"product-type-simple"},"aioseo_notices":[],"_links":{"self":[{"href":"https:\/\/www.budream.com\/de\/wp-json\/wp\/v2\/product\/245068","targetHints":{"allow":["GET"]}}],"collection":[{"href":"https:\/\/www.budream.com\/de\/wp-json\/wp\/v2\/product"}],"about":[{"href":"https:\/\/www.budream.com\/de\/wp-json\/wp\/v2\/types\/product"}],"replies":[{"embeddable":true,"href":"https:\/\/www.budream.com\/de\/wp-json\/wp\/v2\/comments?post=245068"}],"version-history":[{"count":1,"href":"https:\/\/www.budream.com\/de\/wp-json\/wp\/v2\/product\/245068\/revisions"}],"predecessor-version":[{"id":259574,"href":"https:\/\/www.budream.com\/de\/wp-json\/wp\/v2\/product\/245068\/revisions\/259574"}],"wp:featuredmedia":[{"embeddable":true,"href":"https:\/\/www.budream.com\/de\/wp-json\/wp\/v2\/media\/214765"}],"wp:attachment":[{"href":"https:\/\/www.budream.com\/de\/wp-json\/wp\/v2\/media?parent=245068"}],"wp:term":[{"taxonomy":"product_brand","embeddable":true,"href":"https:\/\/www.budream.com\/de\/wp-json\/wp\/v2\/product_brand?post=245068"},{"taxonomy":"product_cat","embeddable":true,"href":"https:\/\/www.budream.com\/de\/wp-json\/wp\/v2\/product_cat?post=245068"},{"taxonomy":"product_tag","embeddable":true,"href":"https:\/\/www.budream.com\/de\/wp-json\/wp\/v2\/product_tag?post=245068"}],"curies":[{"name":"wp","href":"https:\/\/api.w.org\/{rel}","templated":true}]}}