{"id":246318,"date":"2025-12-23T14:18:51","date_gmt":"2025-12-23T12:18:51","guid":{"rendered":"https:\/\/www.budream.com\/shop\/addipure-p-e-o-extraktionsrohr-diam-50mm-60gr-mit-einstellbarer-hoehe\/"},"modified":"2026-04-17T11:12:08","modified_gmt":"2026-04-17T09:12:08","slug":"addipure-p-e-o-extraktionsrohr-diam-50mm-60gr-mit-einstellbarer-hoehe","status":"publish","type":"product","link":"https:\/\/www.budream.com\/de\/shop\/addipure-p-e-o-extraktionsrohr-diam-50mm-60gr-mit-einstellbarer-hoehe\/","title":{"rendered":"ADDIPURE &#8211; P.E.O | EXTRAKTIONSROHR DIAM. 50mm 60gr. MIT EINSTELLBARER H\u00d6HE"},"content":{"rendered":"<p>Das modulare Konzept, elegantes Design mit hochwertigen Materialien und einfache Wartung, kombiniert mit Langlebigkeit, machen ADDIPURE P.E.O<strong>(Pure Essential Oil<\/strong>) Extraktoren die besten Extraktoren auf dem Markt und setzen neue <strong>Ma\u00dfst\u00e4be<\/strong> in der Gas-Extraktion.<\/p>\n<h2><span style=\"text-decoration: underline\">Qualit\u00e4t der ADDIPURE P.E.O.-Extraktoren<\/span><\/h2>\n<p>ADDIPURE Extraktoren werden aus lebensmittelechtem Aluminium mit eloxierter Oberfl\u00e4che hergestellt. Die farblose Schicht des <strong>eloxierten Aluminiums<\/strong> erh\u00f6ht die H\u00e4rte der Oberfl\u00e4che und reduziert die Reibungskoeffizienten bei Ihren Extraktionen.<\/p>\n<p>Alle Komponenten sind einzeln verschraubt und abnehmbar. Dies vereinfacht das Bef\u00fcllen, die Wartung und die Lagerung; <br \/>Am Ende der Arbeit k\u00f6nnen alle ADDIPURE P.E.O-Absauger zur einfachen Reinigung komplett zerlegt werden.<\/p>\n<p><strong>ADDIPURE P.E.O. eignet sich hervorragend f\u00fcr Extraktionen mit ADDIPURE N-Butan oder DME-Gasen.<\/strong><\/p>\n<p>Diese Absaugungen k\u00f6nnen mit zerkleinerten Bl\u00e4ttern, Bl\u00fctenst\u00e4nden, Schnittresten und Schnittgut durchgef\u00fchrt werden.<\/p>\n<p><strong>Das h\u00f6henverstellbare Stativ von ADDIPURE sorgt f\u00fcr mehr Stabilit\u00e4t bei der Extraktion und erm\u00f6glicht es Ihnen, die H\u00f6he des Rohrs an Ihre Bed\u00fcrfnisse anzupassen.<\/p>\n<p><\/strong><\/p>\n<h2><span style=\"text-decoration: underline\">Innovatives Filtersystem:<\/span><\/h2>\n<p>Das brandneue 3-Schicht-Filtersystem bietet <strong>h\u00f6chste Reinheit<\/strong>: Der patentierte wei\u00dfe ADQ-Extraktionsfilter befindet sich zwischen zwei Edelstahlfiltern: einem ersten, weitmaschigen (400&micro;) und einem zweiten, feinmaschigeren (50&micro;). <br \/>Dieses System bietet ein mehrfach gefiltertes Ergebnis, kristallklar und frei von Verunreinigungen.<\/p>\n<p> Die Edelstahlfilter sind mehrfach wiederverwendbar. Der wei\u00dfe ADQ-Extraktionsfilter sollte nach 1 &#8211; 2 Extraktionen ausgetauscht werden.<\/p>\n<h2><span style=\"text-decoration: underline\">Eigenschaften ADDIPURE P.E.O 50mm Extraktor:<\/span><\/h2>\n<ul style=\"list-style-type: disc\">\n<li>Extraktionsrohr aus rostfreiem Stahl;<\/li>\n<li>Fassungsverm\u00f6gen: 60 Gramm;<\/li>\n<li>Durchmesser: 50 mm;<\/li>\n<li>L\u00e4nge: 135 mm;<\/li>\n<li>1x 3-stufiges Filtersystem mit 50 mm Durchmesser enthalten;<\/li>\n<li>5x wei\u00dfe ADQ-Extraktionsfilter mit einem Durchmesser von 50 mm im Lieferumfang enthalten;<\/li>\n<li>2 Jahre ADDITEQ-Qualit\u00e4tsgarantie.<\/li>\n<li>Inklusive Stativ mit H\u00f6henverstellung;<\/li>\n<\/ul>\n","protected":false},"excerpt":{"rendered":"<p>Das modulare Konzept, elegantes Design mit hochwertigen Materialien und einfache Wartung, kombiniert mit Langlebigkeit, machen ADDIPURE P.E.O(Pure Essential Oil) Extraktoren<\/p>\n","protected":false},"featured_media":168529,"comment_status":"open","ping_status":"closed","template":"","meta":[],"product_brand":[],"product_cat":[7947],"product_tag":[],"class_list":{"0":"post-246318","1":"product","2":"type-product","3":"status-publish","4":"has-post-thumbnail","6":"product_cat-headshop-de","8":"first","9":"instock","10":"taxable","11":"shipping-taxable","12":"purchasable","13":"product-type-simple"},"aioseo_notices":[],"_links":{"self":[{"href":"https:\/\/www.budream.com\/de\/wp-json\/wp\/v2\/product\/246318","targetHints":{"allow":["GET"]}}],"collection":[{"href":"https:\/\/www.budream.com\/de\/wp-json\/wp\/v2\/product"}],"about":[{"href":"https:\/\/www.budream.com\/de\/wp-json\/wp\/v2\/types\/product"}],"replies":[{"embeddable":true,"href":"https:\/\/www.budream.com\/de\/wp-json\/wp\/v2\/comments?post=246318"}],"version-history":[{"count":1,"href":"https:\/\/www.budream.com\/de\/wp-json\/wp\/v2\/product\/246318\/revisions"}],"predecessor-version":[{"id":263284,"href":"https:\/\/www.budream.com\/de\/wp-json\/wp\/v2\/product\/246318\/revisions\/263284"}],"wp:featuredmedia":[{"embeddable":true,"href":"https:\/\/www.budream.com\/de\/wp-json\/wp\/v2\/media\/168529"}],"wp:attachment":[{"href":"https:\/\/www.budream.com\/de\/wp-json\/wp\/v2\/media?parent=246318"}],"wp:term":[{"taxonomy":"product_brand","embeddable":true,"href":"https:\/\/www.budream.com\/de\/wp-json\/wp\/v2\/product_brand?post=246318"},{"taxonomy":"product_cat","embeddable":true,"href":"https:\/\/www.budream.com\/de\/wp-json\/wp\/v2\/product_cat?post=246318"},{"taxonomy":"product_tag","embeddable":true,"href":"https:\/\/www.budream.com\/de\/wp-json\/wp\/v2\/product_tag?post=246318"}],"curies":[{"name":"wp","href":"https:\/\/api.w.org\/{rel}","templated":true}]}}