{"id":248231,"date":"2026-01-16T10:05:35","date_gmt":"2026-01-16T08:05:35","guid":{"rendered":"https:\/\/www.budream.com\/shop\/horti-pot-hydroponisches-system-dwc\/"},"modified":"2026-01-19T14:55:44","modified_gmt":"2026-01-19T12:55:44","slug":"horti-pot-hydroponisches-system-dwc","status":"publish","type":"product","link":"https:\/\/www.budream.com\/de\/shop\/horti-pot-hydroponisches-system-dwc\/","title":{"rendered":"HORTI-POT HYDROPONISCHES SYSTEM DWC"},"content":{"rendered":"<p style=\"margin-bottom: 0.0001pt\"><span style=\"font-size: 10pt;font-family: Tahoma, sans-serif\">HORTI-POT ist ein DWC- oder Tiefwasser-Anbausystem. Dieses System erm\u00f6glicht ein schnelles Wachstum, da die Wurzeln st\u00e4ndig in Kontakt mit der sauerstoffhaltigen N\u00e4hrl\u00f6sung sind. Es garantiert spektakul\u00e4re Ergebnisse, schnelles Wachstum und hohe Ertr\u00e4ge. Es ist wirtschaftlich, einfach zu bedienen und kann sowohl f\u00fcr die Produktion als auch f\u00fcr die Pflege von Mutterpflanzen verwendet werden. <\/span><\/p>\n<p>Geliefert mit:<br \/>&#8211; Bel\u00fcfter<br \/>&#8211; Anschl\u00fcsse<br \/>&#8211; por\u00f6ser Stein<br \/>&#8211; Substratbeutel<br \/>&#8211; Volumen des L\u00f6sungseimers 25 Liter<\/p>\n","protected":false},"excerpt":{"rendered":"<p>HORTI-POT ist ein DWC- oder Tiefwasser-Anbausystem. Dieses System erm\u00f6glicht ein schnelles Wachstum, da die Wurzeln st\u00e4ndig in Kontakt mit der<\/p>\n","protected":false},"featured_media":248220,"comment_status":"open","ping_status":"closed","template":"","meta":[],"product_brand":[],"product_cat":[7941],"product_tag":[],"class_list":{"0":"post-248231","1":"product","2":"type-product","3":"status-publish","4":"has-post-thumbnail","6":"product_cat-toepfe-de","8":"first","9":"instock","10":"taxable","11":"shipping-taxable","12":"purchasable","13":"product-type-simple"},"aioseo_notices":[],"_links":{"self":[{"href":"https:\/\/www.budream.com\/de\/wp-json\/wp\/v2\/product\/248231","targetHints":{"allow":["GET"]}}],"collection":[{"href":"https:\/\/www.budream.com\/de\/wp-json\/wp\/v2\/product"}],"about":[{"href":"https:\/\/www.budream.com\/de\/wp-json\/wp\/v2\/types\/product"}],"replies":[{"embeddable":true,"href":"https:\/\/www.budream.com\/de\/wp-json\/wp\/v2\/comments?post=248231"}],"version-history":[{"count":0,"href":"https:\/\/www.budream.com\/de\/wp-json\/wp\/v2\/product\/248231\/revisions"}],"wp:featuredmedia":[{"embeddable":true,"href":"https:\/\/www.budream.com\/de\/wp-json\/wp\/v2\/media\/248220"}],"wp:attachment":[{"href":"https:\/\/www.budream.com\/de\/wp-json\/wp\/v2\/media?parent=248231"}],"wp:term":[{"taxonomy":"product_brand","embeddable":true,"href":"https:\/\/www.budream.com\/de\/wp-json\/wp\/v2\/product_brand?post=248231"},{"taxonomy":"product_cat","embeddable":true,"href":"https:\/\/www.budream.com\/de\/wp-json\/wp\/v2\/product_cat?post=248231"},{"taxonomy":"product_tag","embeddable":true,"href":"https:\/\/www.budream.com\/de\/wp-json\/wp\/v2\/product_tag?post=248231"}],"curies":[{"name":"wp","href":"https:\/\/api.w.org\/{rel}","templated":true}]}}