{"id":248830,"date":"2026-01-21T18:06:00","date_gmt":"2026-01-21T16:06:00","guid":{"rendered":"https:\/\/www.budream.com\/shop\/humboldt-seeds-company-ed-rosenthals-super-high-life-fem-5-seeds\/"},"modified":"2026-03-22T09:27:26","modified_gmt":"2026-03-22T07:27:26","slug":"humboldt-seeds-company-ed-rosenthals-super-high-life-fem-5-seeds","status":"publish","type":"product","link":"https:\/\/www.budream.com\/de\/shop\/humboldt-seeds-company-ed-rosenthals-super-high-life-fem-5-seeds\/","title":{"rendered":"HUMBOLDT SEEDS COMPANY &#8211; ED ROSENTHAL&#8217;S SUPER HIGH LIFE FEM | 5 SEEDS"},"content":{"rendered":"<p><strong>ED ROSENTHAL&#8217;S SUPER HIGH LIFE FEM | 5 SEEDS<\/strong> ist ein Indica-dominanter Hybrid, der k\u00f6rperliche Entspannung mit reichlich Ertr\u00e4gen verbindet von HUMBOLDT SEED COMPANY. Verf\u00fcgbar in Packungen mit 5 Samen feminisiert. Mit sehr hohem THC-Gehalt (Sehr hoch (20\u202f%+)), diese Pflanze richtet sich an erfahrene Z\u00fcchter. Im Anbau, bl\u00fcht schnell in 7-9 Wochen und bietet au\u00dfergew\u00f6hnlich reichlich Ertr\u00e4ge. In der Nase und am Gaumen zeichnet sich sein \ud83c\udf3f Scharf-Aroma aus.<\/p>\n","protected":false},"excerpt":{"rendered":"<p>\ud83c\udf3f ED ROSENTHAL&#8217;S SUPER HIGH LIFE FEM | 5 SEEDS von HUMBOLDT SEED COMPANY \u00b7 \ud83e\uddec Indica Dominant (60%+) \u00b7 \ud83d\udd25 THC sehr hoch (Sehr hoch (20\u202f%+)) \u00b7 \ud83c\udfc6 Ertrag XXL.<\/p>\n","protected":false},"featured_media":184439,"comment_status":"open","ping_status":"closed","template":"","meta":[],"product_brand":[],"product_cat":[7952],"product_tag":[8510,9365,10124,10125,10126,10127,10128,10559],"class_list":{"0":"post-248830","1":"product","2":"type-product","3":"status-publish","4":"has-post-thumbnail","6":"product_cat-seedshop-de","7":"product_tag-indica","8":"product_tag-humboldt-seed-company","9":"product_tag-thc-sehr-hoch","10":"product_tag-ertrag-xxl","11":"product_tag-cannabis-samen","12":"product_tag-scharf","13":"product_tag-feminisierte-samen","14":"product_tag-ed-rosenthals-super-high-life-fem-5-seeds","16":"first","17":"outofstock","18":"taxable","19":"shipping-taxable","20":"purchasable","21":"product-type-simple"},"aioseo_notices":[],"_links":{"self":[{"href":"https:\/\/www.budream.com\/de\/wp-json\/wp\/v2\/product\/248830","targetHints":{"allow":["GET"]}}],"collection":[{"href":"https:\/\/www.budream.com\/de\/wp-json\/wp\/v2\/product"}],"about":[{"href":"https:\/\/www.budream.com\/de\/wp-json\/wp\/v2\/types\/product"}],"replies":[{"embeddable":true,"href":"https:\/\/www.budream.com\/de\/wp-json\/wp\/v2\/comments?post=248830"}],"version-history":[{"count":1,"href":"https:\/\/www.budream.com\/de\/wp-json\/wp\/v2\/product\/248830\/revisions"}],"predecessor-version":[{"id":259577,"href":"https:\/\/www.budream.com\/de\/wp-json\/wp\/v2\/product\/248830\/revisions\/259577"}],"wp:featuredmedia":[{"embeddable":true,"href":"https:\/\/www.budream.com\/de\/wp-json\/wp\/v2\/media\/184439"}],"wp:attachment":[{"href":"https:\/\/www.budream.com\/de\/wp-json\/wp\/v2\/media?parent=248830"}],"wp:term":[{"taxonomy":"product_brand","embeddable":true,"href":"https:\/\/www.budream.com\/de\/wp-json\/wp\/v2\/product_brand?post=248830"},{"taxonomy":"product_cat","embeddable":true,"href":"https:\/\/www.budream.com\/de\/wp-json\/wp\/v2\/product_cat?post=248830"},{"taxonomy":"product_tag","embeddable":true,"href":"https:\/\/www.budream.com\/de\/wp-json\/wp\/v2\/product_tag?post=248830"}],"curies":[{"name":"wp","href":"https:\/\/api.w.org\/{rel}","templated":true}]}}