{"id":248860,"date":"2026-01-21T18:08:50","date_gmt":"2026-01-21T16:08:50","guid":{"rendered":"https:\/\/www.budream.com\/shop\/humboldt-samen-firma-humboldt-traum-auto\/"},"modified":"2026-03-24T12:29:50","modified_gmt":"2026-03-24T10:29:50","slug":"humboldt-samen-firma-humboldt-traum-auto","status":"publish","type":"product","link":"https:\/\/www.budream.com\/de\/shop\/humboldt-samen-firma-humboldt-traum-auto\/","title":{"rendered":"HUMBOLDT SAMEN FIRMA &#8211; HUMBOLDT TRAUM AUTO"},"content":{"rendered":"<div style=\"text-align: justify\">Entdecken Sie den Zauber der Humboldt Dream Auto Samen, eine originelle Sorte, die Sie in eine Welt der unbegrenzten M\u00f6glichkeiten entf\u00fchren wird! Diese autoflowering Sorte kombiniert 70% Indica und 30% Sativa.<br \/>Die Humboldt Dream Auto-Samen verf\u00fcgen \u00fcber eine bemerkenswerte genetische Abstammung, die aus der Kreuzung einer originalen Humboldt Dream-Sorte mit Blue Dream und Emerald Fire OG Auto hervorgegangen ist.<\/div>\n<p><\/p>\n<h2><strong>Eigenschaften Humboldt Dream Auto:<\/strong><\/h2>\n<ul style=\"list-style-type: disc\">\n<li><strong>Gattung:<\/strong> Feminisierte Autoflowering<\/li>\n<li><strong>Genotyp:<\/strong> Hybrid 70% Indica \/ 30% Sativa (Enth\u00e4lt Ruderalis-Genetik)<\/li>\n<li><strong>Genetik:<\/strong> Humboldt Dream X Blue Dream X Emerald Fire OG Auto<\/li>\n<li>Tage<strong>:<\/strong> 95 Tage<\/li>\n<\/ul>\n<p><\/p>\n<div style=\"text-align: justify\"><span style=\"font-size: 11pt\"><em><strong>WARNUNG:<\/strong> Hanfsamen sind vom gesetzlichen Begriff Cannabis ausgenommen, was bedeutet, dass sie nicht als Bet\u00e4ubungsmittel gelten (L. 412 von 1974, Art. 1, Absatz 1, Buchstabe B; Einheits\u00fcbereinkommen \u00fcber Bet\u00e4ubungsmittel von New York von 1961 und Tabelle II des Ministerialerlasses 27\/7\/1992). In Italien ist der Anbau von Hanf verboten (Artikel 28 und 73 des Pr\u00e4sidialdekrets 309\/90), es sei denn, es liegt eine Sondergenehmigung vor (Artikel 17 des Pr\u00e4sidialdekrets 309\/90). In Ermangelung einer solchen Genehmigung darf das Saatgut nur f\u00fcr andere Zwecke verwendet werden (zootechnische Zwecke, Sammeln usw.). Das Saatgut wird unter dem Vorbehalt verkauft, dass es nicht von Dritten im Widerspruch zu den gesetzlichen Bestimmungen verwendet wird.<\/em><\/span><\/div>\n","protected":false},"excerpt":{"rendered":"<p>\ud83c\udf3f HUMBOLDT TRAUM von HUMBOLDT SEED COMPANY \u00b7 \ud83e\uddec Indica Dominant (60%+) \u00b7 \ud83d\udcaa THC hoch (Hoch (15\u201319\u202f%)).<\/p>\n","protected":false},"featured_media":181810,"comment_status":"open","ping_status":"closed","template":"","meta":[],"product_brand":[],"product_cat":[7952],"product_tag":[9365,10126,10128,10140,10171,10562,8510],"class_list":{"0":"post-248860","1":"product","2":"type-product","3":"status-publish","4":"has-post-thumbnail","6":"product_cat-seedshop-de","7":"product_tag-humboldt-seed-company","8":"product_tag-cannabis-samen","9":"product_tag-feminisierte-samen","10":"product_tag-thc-hoch","11":"product_tag-suess-fruchtig","12":"product_tag-humboldt-traum","13":"product_tag-indica","15":"first","16":"instock","17":"taxable","18":"shipping-taxable","19":"purchasable","20":"product-type-variable"},"aioseo_notices":[],"_links":{"self":[{"href":"https:\/\/www.budream.com\/de\/wp-json\/wp\/v2\/product\/248860","targetHints":{"allow":["GET"]}}],"collection":[{"href":"https:\/\/www.budream.com\/de\/wp-json\/wp\/v2\/product"}],"about":[{"href":"https:\/\/www.budream.com\/de\/wp-json\/wp\/v2\/types\/product"}],"replies":[{"embeddable":true,"href":"https:\/\/www.budream.com\/de\/wp-json\/wp\/v2\/comments?post=248860"}],"version-history":[{"count":2,"href":"https:\/\/www.budream.com\/de\/wp-json\/wp\/v2\/product\/248860\/revisions"}],"predecessor-version":[{"id":260560,"href":"https:\/\/www.budream.com\/de\/wp-json\/wp\/v2\/product\/248860\/revisions\/260560"}],"wp:featuredmedia":[{"embeddable":true,"href":"https:\/\/www.budream.com\/de\/wp-json\/wp\/v2\/media\/181810"}],"wp:attachment":[{"href":"https:\/\/www.budream.com\/de\/wp-json\/wp\/v2\/media?parent=248860"}],"wp:term":[{"taxonomy":"product_brand","embeddable":true,"href":"https:\/\/www.budream.com\/de\/wp-json\/wp\/v2\/product_brand?post=248860"},{"taxonomy":"product_cat","embeddable":true,"href":"https:\/\/www.budream.com\/de\/wp-json\/wp\/v2\/product_cat?post=248860"},{"taxonomy":"product_tag","embeddable":true,"href":"https:\/\/www.budream.com\/de\/wp-json\/wp\/v2\/product_tag?post=248860"}],"curies":[{"name":"wp","href":"https:\/\/api.w.org\/{rel}","templated":true}]}}