{"id":248880,"date":"2026-01-21T18:10:15","date_gmt":"2026-01-21T16:10:15","guid":{"rendered":"https:\/\/www.budream.com\/shop\/humboldt-seeds-company-humboldt-stirnband-auto\/"},"modified":"2026-03-22T09:31:31","modified_gmt":"2026-03-22T07:31:31","slug":"humboldt-seeds-company-humboldt-stirnband-auto","status":"publish","type":"product","link":"https:\/\/www.budream.com\/de\/shop\/humboldt-seeds-company-humboldt-stirnband-auto\/","title":{"rendered":"HUMBOLDT SEEDS COMPANY &#8211; HUMBOLDT STIRNBAND AUTO"},"content":{"rendered":"<p><strong>HUMBOLDT STIRNBAND<\/strong> ist ein Indica-dominanter Hybrid, der k\u00f6rperliche Entspannung mit reichlich Ertr\u00e4gen verbindet von HUMBOLDT SEED COMPANY. Verf\u00fcgbar in Packungen mit 10 Samen feminisiert. Mit moderatem THC-Gehalt (Mittel (10\u201314\u202f%)), diese Pflanze richtet sich an eine breite Palette von Z\u00fcchtern. Im Anbau, hat einen mittleren Bl\u00fctezyklus von 10-12 Wochen und garantiert reichlich Ertr\u00e4ge. In der Nase und am Gaumen zeichnet sich sein \ud83c\udf3f Scharf-Aroma aus.<\/p>\n","protected":false},"excerpt":{"rendered":"<p>\ud83c\udf3f HUMBOLDT STIRNBAND von HUMBOLDT SEED COMPANY \u00b7 \ud83e\uddec Indica Dominant (60%+) \u00b7 \u2696\ufe0f THC mittel (Mittel (10\u201314\u202f%)) \u00b7 \ud83d\udce6 Ertrag XL.<\/p>\n","protected":false},"featured_media":181845,"comment_status":"open","ping_status":"closed","template":"","meta":[],"product_brand":[],"product_cat":[7952],"product_tag":[10129,10563,8510,9365,10126,10127,10128],"class_list":{"0":"post-248880","1":"product","2":"type-product","3":"status-publish","4":"has-post-thumbnail","6":"product_cat-seedshop-de","7":"product_tag-thc-mittel","8":"product_tag-humboldt-stirnband","9":"product_tag-indica","10":"product_tag-humboldt-seed-company","11":"product_tag-cannabis-samen","12":"product_tag-scharf","13":"product_tag-feminisierte-samen","15":"first","16":"instock","17":"taxable","18":"shipping-taxable","19":"purchasable","20":"product-type-variable"},"aioseo_notices":[],"_links":{"self":[{"href":"https:\/\/www.budream.com\/de\/wp-json\/wp\/v2\/product\/248880","targetHints":{"allow":["GET"]}}],"collection":[{"href":"https:\/\/www.budream.com\/de\/wp-json\/wp\/v2\/product"}],"about":[{"href":"https:\/\/www.budream.com\/de\/wp-json\/wp\/v2\/types\/product"}],"replies":[{"embeddable":true,"href":"https:\/\/www.budream.com\/de\/wp-json\/wp\/v2\/comments?post=248880"}],"version-history":[{"count":1,"href":"https:\/\/www.budream.com\/de\/wp-json\/wp\/v2\/product\/248880\/revisions"}],"predecessor-version":[{"id":259581,"href":"https:\/\/www.budream.com\/de\/wp-json\/wp\/v2\/product\/248880\/revisions\/259581"}],"wp:featuredmedia":[{"embeddable":true,"href":"https:\/\/www.budream.com\/de\/wp-json\/wp\/v2\/media\/181845"}],"wp:attachment":[{"href":"https:\/\/www.budream.com\/de\/wp-json\/wp\/v2\/media?parent=248880"}],"wp:term":[{"taxonomy":"product_brand","embeddable":true,"href":"https:\/\/www.budream.com\/de\/wp-json\/wp\/v2\/product_brand?post=248880"},{"taxonomy":"product_cat","embeddable":true,"href":"https:\/\/www.budream.com\/de\/wp-json\/wp\/v2\/product_cat?post=248880"},{"taxonomy":"product_tag","embeddable":true,"href":"https:\/\/www.budream.com\/de\/wp-json\/wp\/v2\/product_tag?post=248880"}],"curies":[{"name":"wp","href":"https:\/\/api.w.org\/{rel}","templated":true}]}}