{"id":248960,"date":"2026-01-21T18:15:53","date_gmt":"2026-01-21T16:15:53","guid":{"rendered":"https:\/\/www.budream.com\/shop\/humboldt-samen-firma-ananas-muffin-auto\/"},"modified":"2026-03-24T12:36:46","modified_gmt":"2026-03-24T10:36:46","slug":"humboldt-samen-firma-ananas-muffin-auto","status":"publish","type":"product","link":"https:\/\/www.budream.com\/de\/shop\/humboldt-samen-firma-ananas-muffin-auto\/","title":{"rendered":"HUMBOLDT SAMEN FIRMA &#8211; ANANAS MUFFIN AUTO"},"content":{"rendered":"<div style=\"text-align: justify\">G\u00f6nnen Sie sich Pineapple Muffin, eine autoflowering Version einer exklusiven Kreuzung von Humboldt Seed Company (HSC). Diese einzigartige Sorte ist die Frucht von Pineapple Train Wreck, Sour Apple und Blueberry Muffin und bietet die besten Eigenschaften der Elternpflanzen.<\/div>\n<p><\/p>\n<h2><strong>Eigenschaften Pineapple Muffin Auto:<\/strong><\/h2>\n<ul style=\"list-style-type: disc\">\n<li><strong>Gattung:<\/strong> Feminisiert Autoflowering<\/li>\n<li><strong>Genotyp:<\/strong> Indica\/Sativa-Hybrid (enth\u00e4lt Ruderalis-Genetik)<\/li>\n<li><strong>Genetik:<\/strong> Blueberry Muffin X Pineapple Trainwreck X Sour Apple Auto<\/li>\n<li><strong>Tage:<\/strong> 80-90 Tage<\/li>\n<\/ul>\n<p><\/p>\n<div style=\"text-align: justify\"><span style=\"font-size: 11pt\"><em><strong>ACHTUNG:<\/strong> Hanfsamen fallen nicht unter den Rechtsbegriff Cannabis, was bedeutet, dass sie nicht als Bet\u00e4ubungsmittel gelten (L. 412 von 1974, Art. 1, Absatz 1, Buchstabe B; Einheits\u00fcbereinkommen \u00fcber Bet\u00e4ubungsmittel von New York von 1961 und Tabelle II des Ministerialerlasses vom 27.7.1992). In Italien ist der Anbau von Hanf verboten (Artikel 28 und 73 des Pr\u00e4sidialdekrets 309\/90), es sei denn, es liegt eine Sondergenehmigung vor (Artikel 17 des Pr\u00e4sidialdekrets 309\/90). In Ermangelung einer solchen Genehmigung darf das Saatgut nur f\u00fcr andere Zwecke verwendet werden (zootechnische Zwecke, Sammeln usw.). Das Saatgut wird unter dem Vorbehalt verkauft, dass es nicht von Dritten im Widerspruch zu den gesetzlichen Bestimmungen verwendet wird.<\/em><\/span><\/div>\n","protected":false},"excerpt":{"rendered":"<p>\ud83c\udf3f ANANAS MUFFIN von HUMBOLDT SEED COMPANY \u00b7 \ud83e\uddec Indica \/ Sativa \u00b7 \u2696\ufe0f THC mittel (Mittel (10\u201314\u202f%)) \u00b7 \ud83d\udce6 Ertrag XL.<\/p>\n","protected":false},"featured_media":181985,"comment_status":"open","ping_status":"closed","template":"","meta":[],"product_brand":[],"product_cat":[7952],"product_tag":[10126,10128,10129,10564,8510,8511,9365,9931],"class_list":{"0":"post-248960","1":"product","2":"type-product","3":"status-publish","4":"has-post-thumbnail","6":"product_cat-seedshop-de","7":"product_tag-cannabis-samen","8":"product_tag-feminisierte-samen","9":"product_tag-thc-mittel","10":"product_tag-ananas-muffin","11":"product_tag-indica","12":"product_tag-sativa","13":"product_tag-humboldt-seed-company","14":"product_tag-hybrid","16":"first","17":"instock","18":"taxable","19":"shipping-taxable","20":"purchasable","21":"product-type-variable"},"aioseo_notices":[],"_links":{"self":[{"href":"https:\/\/www.budream.com\/de\/wp-json\/wp\/v2\/product\/248960","targetHints":{"allow":["GET"]}}],"collection":[{"href":"https:\/\/www.budream.com\/de\/wp-json\/wp\/v2\/product"}],"about":[{"href":"https:\/\/www.budream.com\/de\/wp-json\/wp\/v2\/types\/product"}],"replies":[{"embeddable":true,"href":"https:\/\/www.budream.com\/de\/wp-json\/wp\/v2\/comments?post=248960"}],"version-history":[{"count":2,"href":"https:\/\/www.budream.com\/de\/wp-json\/wp\/v2\/product\/248960\/revisions"}],"predecessor-version":[{"id":260566,"href":"https:\/\/www.budream.com\/de\/wp-json\/wp\/v2\/product\/248960\/revisions\/260566"}],"wp:featuredmedia":[{"embeddable":true,"href":"https:\/\/www.budream.com\/de\/wp-json\/wp\/v2\/media\/181985"}],"wp:attachment":[{"href":"https:\/\/www.budream.com\/de\/wp-json\/wp\/v2\/media?parent=248960"}],"wp:term":[{"taxonomy":"product_brand","embeddable":true,"href":"https:\/\/www.budream.com\/de\/wp-json\/wp\/v2\/product_brand?post=248960"},{"taxonomy":"product_cat","embeddable":true,"href":"https:\/\/www.budream.com\/de\/wp-json\/wp\/v2\/product_cat?post=248960"},{"taxonomy":"product_tag","embeddable":true,"href":"https:\/\/www.budream.com\/de\/wp-json\/wp\/v2\/product_tag?post=248960"}],"curies":[{"name":"wp","href":"https:\/\/api.w.org\/{rel}","templated":true}]}}