{"id":249000,"date":"2026-01-21T18:18:40","date_gmt":"2026-01-21T16:18:40","guid":{"rendered":"https:\/\/www.budream.com\/shop\/humboldt-seeds-company-sour-apple-auto\/"},"modified":"2026-04-02T12:14:07","modified_gmt":"2026-04-02T10:14:07","slug":"humboldt-seeds-company-sour-apple-auto","status":"publish","type":"product","link":"https:\/\/www.budream.com\/de\/shop\/humboldt-seeds-company-sour-apple-auto\/","title":{"rendered":"HUMBOLDT SEEDS COMPANY &#8211; SOUR APPLE AUTO"},"content":{"rendered":"<div style=\"text-align: justify\">Wir pr\u00e4sentieren die autoflowering Sorte Sour Apple: ein wahres Meisterwerk, das harmonisch das Beste der klassischen Diesel mit der Magic Melon Auto verbindet. Geboren aus einem Kreuzungsprojekt, hat diese Sorte eine umfangreiche Verfeinerung erfahren.<\/div>\n<p><\/p>\n<h2><strong>Eigenschaften Sour Apple Auto:<\/strong><\/h2>\n<ul style=\"list-style-type: disc\">\n<li><strong>Gattung:<\/strong> Feminisierte Autoflowering<\/li>\n<li><strong>Genotyp:<\/strong> Sativa-dominanter Hybrid (enth\u00e4lt Ruderalis-Genetik)<\/li>\n<li><strong>Genetik:<\/strong> Magic Melon Auto X Humboldt Sour Diesel<\/li>\n<li><strong>Tage:<\/strong> 75-90 Tage<\/li>\n<\/ul>\n<p><\/p>\n<div style=\"text-align: justify\"><span style=\"font-size: 11pt\"><em><strong>WARNUNG:<\/strong> Hanfsamen sind vom gesetzlichen Begriff Cannabis ausgenommen, was bedeutet, dass sie nicht als Bet\u00e4ubungsmittel gelten (L. 412 von 1974, Art. 1, Absatz 1, Buchstabe B; Einheits\u00fcbereinkommen \u00fcber Bet\u00e4ubungsmittel von New York von 1961 und Tabelle II des Ministerialerlasses 27\/7\/1992). In Italien ist der Anbau von Hanf verboten (Artikel 28 und 73 des Pr\u00e4sidialdekrets 309\/90), es sei denn, es liegt eine Sondergenehmigung vor (Artikel 17 des Pr\u00e4sidialdekrets 309\/90). In Ermangelung einer solchen Genehmigung darf das Saatgut nur f\u00fcr andere Zwecke verwendet werden (zootechnische Zwecke, Sammeln usw.). Das Saatgut wird unter dem Vorbehalt verkauft, dass es nicht von Dritten im Widerspruch zu den gesetzlichen Bestimmungen verwendet wird.<\/em><\/span><\/div>\n","protected":false},"excerpt":{"rendered":"<p>\ud83c\udf3f SOUR APPLE von HUMBOLDT SEED COMPANY \u00b7 \ud83e\uddec Sativa Dominant (60%+) \u00b7 \ud83d\udcaa THC hoch (Hoch (15\u201319\u202f%)) \u00b7 \ud83c\udfc6 Ertrag XXL.<\/p>\n","protected":false},"featured_media":182067,"comment_status":"open","ping_status":"closed","template":"","meta":[],"product_brand":[],"product_cat":[7952],"product_tag":[10140,8511,9365,9376,10125,10126,10127,10128],"class_list":{"0":"post-249000","1":"product","2":"type-product","3":"status-publish","4":"has-post-thumbnail","6":"product_cat-seedshop-de","7":"product_tag-thc-hoch","8":"product_tag-sativa","9":"product_tag-humboldt-seed-company","10":"product_tag-sour-apple","11":"product_tag-ertrag-xxl","12":"product_tag-cannabis-samen","13":"product_tag-scharf","14":"product_tag-feminisierte-samen","16":"first","17":"instock","18":"taxable","19":"shipping-taxable","20":"purchasable","21":"product-type-variable"},"aioseo_notices":[],"_links":{"self":[{"href":"https:\/\/www.budream.com\/de\/wp-json\/wp\/v2\/product\/249000","targetHints":{"allow":["GET"]}}],"collection":[{"href":"https:\/\/www.budream.com\/de\/wp-json\/wp\/v2\/product"}],"about":[{"href":"https:\/\/www.budream.com\/de\/wp-json\/wp\/v2\/types\/product"}],"replies":[{"embeddable":true,"href":"https:\/\/www.budream.com\/de\/wp-json\/wp\/v2\/comments?post=249000"}],"version-history":[{"count":2,"href":"https:\/\/www.budream.com\/de\/wp-json\/wp\/v2\/product\/249000\/revisions"}],"predecessor-version":[{"id":260568,"href":"https:\/\/www.budream.com\/de\/wp-json\/wp\/v2\/product\/249000\/revisions\/260568"}],"wp:featuredmedia":[{"embeddable":true,"href":"https:\/\/www.budream.com\/de\/wp-json\/wp\/v2\/media\/182067"}],"wp:attachment":[{"href":"https:\/\/www.budream.com\/de\/wp-json\/wp\/v2\/media?parent=249000"}],"wp:term":[{"taxonomy":"product_brand","embeddable":true,"href":"https:\/\/www.budream.com\/de\/wp-json\/wp\/v2\/product_brand?post=249000"},{"taxonomy":"product_cat","embeddable":true,"href":"https:\/\/www.budream.com\/de\/wp-json\/wp\/v2\/product_cat?post=249000"},{"taxonomy":"product_tag","embeddable":true,"href":"https:\/\/www.budream.com\/de\/wp-json\/wp\/v2\/product_tag?post=249000"}],"curies":[{"name":"wp","href":"https:\/\/api.w.org\/{rel}","templated":true}]}}