{"id":249020,"date":"2026-01-21T18:20:01","date_gmt":"2026-01-21T16:20:01","guid":{"rendered":"https:\/\/www.budream.com\/shop\/humboldt-samen-firma-erdbeere-kaesekuchen-auto\/"},"modified":"2026-03-22T10:29:40","modified_gmt":"2026-03-22T08:29:40","slug":"humboldt-samen-firma-erdbeere-kaesekuchen-auto","status":"publish","type":"product","link":"https:\/\/www.budream.com\/de\/shop\/humboldt-samen-firma-erdbeere-kaesekuchen-auto\/","title":{"rendered":"HUMBOLDT SAMEN FIRMA &#8211; ERDBEERE K\u00c4SEKUCHEN AUTO"},"content":{"rendered":"<p><strong>ERDBEERE K\u00c4SEKUCHEN<\/strong> ist ein Indica-dominanter Hybrid, der k\u00f6rperliche Entspannung mit reichlich Ertr\u00e4gen verbindet von HUMBOLDT SEED COMPANY. Verf\u00fcgbar in Packungen mit 10 Samen feminisiert. Mit gutem THC-Gehalt (Hoch (15\u201319\u202f%)), diese Pflanze richtet sich an diejenigen, die Potenz und Qualit\u00e4t suchen. Im Anbau, hat einen mittleren Bl\u00fctezyklus von 10-12 Wochen und garantiert reichlich Ertr\u00e4ge. In der Nase und am Gaumen zeichnet sich sein \ud83c\udf53 S\u00fc\u00df \/ Fruchtig-Aroma aus.<\/p>\n","protected":false},"excerpt":{"rendered":"<p>\ud83c\udf3f ERDBEERE K\u00c4SEKUCHEN von HUMBOLDT SEED COMPANY \u00b7 \ud83e\uddec Indica Dominant (60%+) \u00b7 \ud83d\udcaa THC hoch (Hoch (15\u201319\u202f%)) \u00b7 \ud83d\udce6 Ertrag XL.<\/p>\n","protected":false},"featured_media":182110,"comment_status":"open","ping_status":"closed","template":"","meta":[],"product_brand":[],"product_cat":[7952],"product_tag":[8510,9365,10126,10128,10140,10171,10566],"class_list":{"0":"post-249020","1":"product","2":"type-product","3":"status-publish","4":"has-post-thumbnail","6":"product_cat-seedshop-de","7":"product_tag-indica","8":"product_tag-humboldt-seed-company","9":"product_tag-cannabis-samen","10":"product_tag-feminisierte-samen","11":"product_tag-thc-hoch","12":"product_tag-suess-fruchtig","13":"product_tag-erdbeere-kaesekuchen","15":"first","16":"instock","17":"taxable","18":"shipping-taxable","19":"purchasable","20":"product-type-variable"},"aioseo_notices":[],"_links":{"self":[{"href":"https:\/\/www.budream.com\/de\/wp-json\/wp\/v2\/product\/249020","targetHints":{"allow":["GET"]}}],"collection":[{"href":"https:\/\/www.budream.com\/de\/wp-json\/wp\/v2\/product"}],"about":[{"href":"https:\/\/www.budream.com\/de\/wp-json\/wp\/v2\/types\/product"}],"replies":[{"embeddable":true,"href":"https:\/\/www.budream.com\/de\/wp-json\/wp\/v2\/comments?post=249020"}],"version-history":[{"count":1,"href":"https:\/\/www.budream.com\/de\/wp-json\/wp\/v2\/product\/249020\/revisions"}],"predecessor-version":[{"id":259588,"href":"https:\/\/www.budream.com\/de\/wp-json\/wp\/v2\/product\/249020\/revisions\/259588"}],"wp:featuredmedia":[{"embeddable":true,"href":"https:\/\/www.budream.com\/de\/wp-json\/wp\/v2\/media\/182110"}],"wp:attachment":[{"href":"https:\/\/www.budream.com\/de\/wp-json\/wp\/v2\/media?parent=249020"}],"wp:term":[{"taxonomy":"product_brand","embeddable":true,"href":"https:\/\/www.budream.com\/de\/wp-json\/wp\/v2\/product_brand?post=249020"},{"taxonomy":"product_cat","embeddable":true,"href":"https:\/\/www.budream.com\/de\/wp-json\/wp\/v2\/product_cat?post=249020"},{"taxonomy":"product_tag","embeddable":true,"href":"https:\/\/www.budream.com\/de\/wp-json\/wp\/v2\/product_tag?post=249020"}],"curies":[{"name":"wp","href":"https:\/\/api.w.org\/{rel}","templated":true}]}}