{"id":249080,"date":"2026-01-21T18:24:18","date_gmt":"2026-01-21T16:24:18","guid":{"rendered":"https:\/\/www.budream.com\/shop\/humboldt-seeds-company-apfelbluete-fem\/"},"modified":"2026-03-22T10:30:26","modified_gmt":"2026-03-22T08:30:26","slug":"humboldt-seeds-company-apfelbluete-fem","status":"publish","type":"product","link":"https:\/\/www.budream.com\/de\/shop\/humboldt-seeds-company-apfelbluete-fem\/","title":{"rendered":"HUMBOLDT SEEDS COMPANY &#8211; APFELBL\u00dcTE FEM"},"content":{"rendered":"<p><strong>APFELBL\u00dcTE<\/strong> ist ein ausgewogener Hybrid zwischen Indica und Sativa, vielseitig und f\u00fcr jede Gelegenheit geeignet von HUMBOLDT SEED COMPANY. Verf\u00fcgbar in Packungen mit 10 Samen feminisiert. Mit gutem THC-Gehalt (Hoch (15\u201319\u202f%)), diese Pflanze richtet sich an diejenigen, die Potenz und Qualit\u00e4t suchen. Im Anbau, bl\u00fcht schnell in 7-9 Wochen und bietet au\u00dfergew\u00f6hnlich reichlich Ertr\u00e4ge. In der Nase und am Gaumen zeichnet sich sein \ud83c\udf53 S\u00fc\u00df \/ Fruchtig-Aroma aus.<\/p>\n","protected":false},"excerpt":{"rendered":"<p>\ud83c\udf3f APFELBL\u00dcTE von HUMBOLDT SEED COMPANY \u00b7 \ud83e\uddec Indica \/ Sativa \u00b7 \ud83d\udcaa THC hoch (Hoch (15\u201319\u202f%)) \u00b7 \ud83c\udfc6 Ertrag XXL.<\/p>\n","protected":false},"featured_media":182213,"comment_status":"open","ping_status":"closed","template":"","meta":[],"product_brand":[],"product_cat":[7952],"product_tag":[10126,10128,10140,10171,10567,8510,8511,9365,9931,10125],"class_list":{"0":"post-249080","1":"product","2":"type-product","3":"status-publish","4":"has-post-thumbnail","6":"product_cat-seedshop-de","7":"product_tag-cannabis-samen","8":"product_tag-feminisierte-samen","9":"product_tag-thc-hoch","10":"product_tag-suess-fruchtig","11":"product_tag-apfelbluete","12":"product_tag-indica","13":"product_tag-sativa","14":"product_tag-humboldt-seed-company","15":"product_tag-hybrid","16":"product_tag-ertrag-xxl","18":"first","19":"instock","20":"taxable","21":"shipping-taxable","22":"purchasable","23":"product-type-variable"},"aioseo_notices":[],"_links":{"self":[{"href":"https:\/\/www.budream.com\/de\/wp-json\/wp\/v2\/product\/249080","targetHints":{"allow":["GET"]}}],"collection":[{"href":"https:\/\/www.budream.com\/de\/wp-json\/wp\/v2\/product"}],"about":[{"href":"https:\/\/www.budream.com\/de\/wp-json\/wp\/v2\/types\/product"}],"replies":[{"embeddable":true,"href":"https:\/\/www.budream.com\/de\/wp-json\/wp\/v2\/comments?post=249080"}],"version-history":[{"count":1,"href":"https:\/\/www.budream.com\/de\/wp-json\/wp\/v2\/product\/249080\/revisions"}],"predecessor-version":[{"id":259591,"href":"https:\/\/www.budream.com\/de\/wp-json\/wp\/v2\/product\/249080\/revisions\/259591"}],"wp:featuredmedia":[{"embeddable":true,"href":"https:\/\/www.budream.com\/de\/wp-json\/wp\/v2\/media\/182213"}],"wp:attachment":[{"href":"https:\/\/www.budream.com\/de\/wp-json\/wp\/v2\/media?parent=249080"}],"wp:term":[{"taxonomy":"product_brand","embeddable":true,"href":"https:\/\/www.budream.com\/de\/wp-json\/wp\/v2\/product_brand?post=249080"},{"taxonomy":"product_cat","embeddable":true,"href":"https:\/\/www.budream.com\/de\/wp-json\/wp\/v2\/product_cat?post=249080"},{"taxonomy":"product_tag","embeddable":true,"href":"https:\/\/www.budream.com\/de\/wp-json\/wp\/v2\/product_tag?post=249080"}],"curies":[{"name":"wp","href":"https:\/\/api.w.org\/{rel}","templated":true}]}}