{"id":249140,"date":"2026-01-21T18:28:33","date_gmt":"2026-01-21T16:28:33","guid":{"rendered":"https:\/\/www.budream.com\/shop\/humboldt-seeds-company-blueberry-muffin-fem\/"},"modified":"2026-03-24T20:25:26","modified_gmt":"2026-03-24T18:25:26","slug":"humboldt-seeds-company-blueberry-muffin-fem","status":"publish","type":"product","link":"https:\/\/www.budream.com\/de\/shop\/humboldt-seeds-company-blueberry-muffin-fem\/","title":{"rendered":"HUMBOLDT SEEDS COMPANY &#8211; BLUEBERRY MUFFIN FEM"},"content":{"rendered":"<div style=\"text-align: justify\">Wenn es einen unserer Samen gibt, der alle Qualit\u00e4ten hat, um kommerziell erfolgreich zu sein, dann sind es die Blueberry Muffin Samen. Diese feminisierten Samen sind das Ergebnis der Kreuzung zweier Starsorten der Humboldt Seed Company, Purple Panty Dropper (PPD) und Razzle Berry.<\/div>\n<p><\/p>\n<h2><strong>Eigenschaften Blueberry Muffin Fem:<\/strong><\/h2>\n<ul style=\"list-style-type: disc\">\n<li><strong>Gattung:<\/strong> Feminisiert<\/li>\n<li><strong>Genotyp:<\/strong> Indica-dominanter Hybrid<\/li>\n<li><strong>Genetik:<\/strong> Purple Panty Dropper X Razzleberry<\/li>\n<li><strong>Tage:<\/strong> 45 Tage<\/li>\n<\/ul>\n<p><\/p>\n<div style=\"text-align: justify\"><span style=\"font-size: 11pt\"><em><strong>WARNUNG:<\/strong> Hanfsamen sind vom gesetzlichen Begriff Cannabis ausgenommen, was bedeutet, dass sie nicht als Bet\u00e4ubungsmittel gelten (L. 412 von 1974, Art. 1, Absatz 1, Buchstabe B; Einheits\u00fcbereinkommen \u00fcber Bet\u00e4ubungsmittel von New York von 1961 und Tabelle II des Ministerialerlasses 27\/7\/1992). In Italien ist der Anbau von Hanf verboten (Artikel 28 und 73 des Pr\u00e4sidialdekrets 309\/90), es sei denn, es liegt eine Sondergenehmigung vor (Artikel 17 des Pr\u00e4sidialdekrets 309\/90). In Ermangelung einer solchen Genehmigung darf das Saatgut nur f\u00fcr andere Zwecke verwendet werden (zootechnische Zwecke, Sammeln usw.). Das Saatgut wird unter dem Vorbehalt verkauft, dass es nicht von Dritten im Widerspruch zu den gesetzlichen Bestimmungen verwendet wird.<\/em><\/span><\/div>\n","protected":false},"excerpt":{"rendered":"<p>\ud83c\udf3f BLUEBERRY MUFFIN von HUMBOLDT SEED COMPANY \u00b7 \ud83e\uddec Indica Dominant (60%+) \u00b7 \ud83d\udcaa THC hoch (Hoch (15\u201319\u202f%)) \u00b7 \ud83d\udce6 Ertrag XL.<\/p>\n","protected":false},"featured_media":182318,"comment_status":"open","ping_status":"closed","template":"","meta":[],"product_brand":[],"product_cat":[7952],"product_tag":[8510,9365,9382,10126,10128,10140,10171],"class_list":{"0":"post-249140","1":"product","2":"type-product","3":"status-publish","4":"has-post-thumbnail","6":"product_cat-seedshop-de","7":"product_tag-indica","8":"product_tag-humboldt-seed-company","9":"product_tag-blueberry-muffin","10":"product_tag-cannabis-samen","11":"product_tag-feminisierte-samen","12":"product_tag-thc-hoch","13":"product_tag-suess-fruchtig","15":"first","16":"instock","17":"taxable","18":"shipping-taxable","19":"purchasable","20":"product-type-variable"},"aioseo_notices":[],"_links":{"self":[{"href":"https:\/\/www.budream.com\/de\/wp-json\/wp\/v2\/product\/249140","targetHints":{"allow":["GET"]}}],"collection":[{"href":"https:\/\/www.budream.com\/de\/wp-json\/wp\/v2\/product"}],"about":[{"href":"https:\/\/www.budream.com\/de\/wp-json\/wp\/v2\/types\/product"}],"replies":[{"embeddable":true,"href":"https:\/\/www.budream.com\/de\/wp-json\/wp\/v2\/comments?post=249140"}],"version-history":[{"count":2,"href":"https:\/\/www.budream.com\/de\/wp-json\/wp\/v2\/product\/249140\/revisions"}],"predecessor-version":[{"id":260739,"href":"https:\/\/www.budream.com\/de\/wp-json\/wp\/v2\/product\/249140\/revisions\/260739"}],"wp:featuredmedia":[{"embeddable":true,"href":"https:\/\/www.budream.com\/de\/wp-json\/wp\/v2\/media\/182318"}],"wp:attachment":[{"href":"https:\/\/www.budream.com\/de\/wp-json\/wp\/v2\/media?parent=249140"}],"wp:term":[{"taxonomy":"product_brand","embeddable":true,"href":"https:\/\/www.budream.com\/de\/wp-json\/wp\/v2\/product_brand?post=249140"},{"taxonomy":"product_cat","embeddable":true,"href":"https:\/\/www.budream.com\/de\/wp-json\/wp\/v2\/product_cat?post=249140"},{"taxonomy":"product_tag","embeddable":true,"href":"https:\/\/www.budream.com\/de\/wp-json\/wp\/v2\/product_tag?post=249140"}],"curies":[{"name":"wp","href":"https:\/\/api.w.org\/{rel}","templated":true}]}}