{"id":249340,"date":"2026-01-21T18:42:43","date_gmt":"2026-01-21T16:42:43","guid":{"rendered":"https:\/\/www.budream.com\/shop\/humboldt-samen-firma-erdbeere-kaesekuchen-fem\/"},"modified":"2026-03-22T10:32:46","modified_gmt":"2026-03-22T08:32:46","slug":"humboldt-samen-firma-erdbeere-kaesekuchen-fem","status":"publish","type":"product","link":"https:\/\/www.budream.com\/de\/shop\/humboldt-samen-firma-erdbeere-kaesekuchen-fem\/","title":{"rendered":"HUMBOLDT SAMEN FIRMA &#8211; ERDBEERE K\u00c4SEKUCHEN FEM"},"content":{"rendered":"<p><strong>ERDBEERE K\u00c4SEKUCHEN<\/strong> ist ein Indica-dominanter Hybrid, der k\u00f6rperliche Entspannung mit reichlich Ertr\u00e4gen verbindet von HUMBOLDT SEED COMPANY. Verf\u00fcgbar in Packungen mit 10 Samen feminisiert. Mit gutem THC-Gehalt (Hoch (15\u201319\u202f%)), diese Pflanze richtet sich an diejenigen, die Potenz und Qualit\u00e4t suchen. Im Anbau, bl\u00fcht schnell in 7-9 Wochen und bietet au\u00dfergew\u00f6hnlich reichlich Ertr\u00e4ge. In der Nase und am Gaumen zeichnet sich sein \ud83c\udf53 S\u00fc\u00df \/ Fruchtig-Aroma aus.<\/p>\n","protected":false},"excerpt":{"rendered":"<p>\ud83c\udf3f ERDBEERE K\u00c4SEKUCHEN von HUMBOLDT SEED COMPANY \u00b7 \ud83e\uddec Indica Dominant (60%+) \u00b7 \ud83d\udcaa THC hoch (Hoch (15\u201319\u202f%)) \u00b7 \ud83c\udfc6 Ertrag XXL.<\/p>\n","protected":false},"featured_media":182668,"comment_status":"open","ping_status":"closed","template":"","meta":[],"product_brand":[],"product_cat":[7952],"product_tag":[10128,10140,10171,10566,8510,9365,10125,10126],"class_list":{"0":"post-249340","1":"product","2":"type-product","3":"status-publish","4":"has-post-thumbnail","6":"product_cat-seedshop-de","7":"product_tag-feminisierte-samen","8":"product_tag-thc-hoch","9":"product_tag-suess-fruchtig","10":"product_tag-erdbeere-kaesekuchen","11":"product_tag-indica","12":"product_tag-humboldt-seed-company","13":"product_tag-ertrag-xxl","14":"product_tag-cannabis-samen","16":"first","17":"instock","18":"taxable","19":"shipping-taxable","20":"purchasable","21":"product-type-variable"},"aioseo_notices":[],"_links":{"self":[{"href":"https:\/\/www.budream.com\/de\/wp-json\/wp\/v2\/product\/249340","targetHints":{"allow":["GET"]}}],"collection":[{"href":"https:\/\/www.budream.com\/de\/wp-json\/wp\/v2\/product"}],"about":[{"href":"https:\/\/www.budream.com\/de\/wp-json\/wp\/v2\/types\/product"}],"replies":[{"embeddable":true,"href":"https:\/\/www.budream.com\/de\/wp-json\/wp\/v2\/comments?post=249340"}],"version-history":[{"count":1,"href":"https:\/\/www.budream.com\/de\/wp-json\/wp\/v2\/product\/249340\/revisions"}],"predecessor-version":[{"id":259604,"href":"https:\/\/www.budream.com\/de\/wp-json\/wp\/v2\/product\/249340\/revisions\/259604"}],"wp:featuredmedia":[{"embeddable":true,"href":"https:\/\/www.budream.com\/de\/wp-json\/wp\/v2\/media\/182668"}],"wp:attachment":[{"href":"https:\/\/www.budream.com\/de\/wp-json\/wp\/v2\/media?parent=249340"}],"wp:term":[{"taxonomy":"product_brand","embeddable":true,"href":"https:\/\/www.budream.com\/de\/wp-json\/wp\/v2\/product_brand?post=249340"},{"taxonomy":"product_cat","embeddable":true,"href":"https:\/\/www.budream.com\/de\/wp-json\/wp\/v2\/product_cat?post=249340"},{"taxonomy":"product_tag","embeddable":true,"href":"https:\/\/www.budream.com\/de\/wp-json\/wp\/v2\/product_tag?post=249340"}],"curies":[{"name":"wp","href":"https:\/\/api.w.org\/{rel}","templated":true}]}}