{"id":249420,"date":"2026-01-21T18:48:16","date_gmt":"2026-01-21T16:48:16","guid":{"rendered":"https:\/\/www.budream.com\/shop\/humboldt-seeds-company-don-carlos-fem\/"},"modified":"2026-04-02T12:12:02","modified_gmt":"2026-04-02T10:12:02","slug":"humboldt-seeds-company-don-carlos-fem","status":"publish","type":"product","link":"https:\/\/www.budream.com\/de\/shop\/humboldt-seeds-company-don-carlos-fem\/","title":{"rendered":"HUMBOLDT SEEDS COMPANY &#8211; DON CARLOS FEM"},"content":{"rendered":"<div style=\"text-align: justify\">Der Name Don Carlos bedeutet f\u00fcr Reggae-Fans auf der ganzen Welt Irie-Vibes. Unsere &#8218;Don Carlos&#8216; wird Ihnen diese Vibes bringen, wenn Sie diese Sorte genie\u00dfen, die speziell f\u00fcr den weltber\u00fchmten Reggae-Star geschaffen wurde. Wir haben \u00fcber 70 Kreuzungen getestet, bevor wir die Sorte &#8218;Don Carlos&#8216; ausgew\u00e4hlt haben.<\/div>\n<p><\/p>\n<h2><strong>Eigenschaften Don Carlos Fem:<\/strong><\/h2>\n<ul style=\"list-style-type: disc\">\n<li><strong>Gattung:<\/strong> Feminisiert<\/li>\n<li><strong>Genotyp:<\/strong> Hybrid 65% Indica 35% Sativa<\/li>\n<li><strong>Genetik:<\/strong> Blackberry OG x Humboldt Sour Diesel<\/li>\n<li>Tage<strong>:<\/strong> 55 Tage<\/li>\n<\/ul>\n<p><\/p>\n<div style=\"text-align: justify\"><span style=\"font-size: 11pt\"><em><strong>WARNUNG:<\/strong> Hanfsamen sind vom gesetzlichen Begriff Cannabis ausgenommen, was bedeutet, dass sie nicht als Bet\u00e4ubungsmittel gelten (L. 412 von 1974, Art. 1, Absatz 1, Buchstabe B; Einheits\u00fcbereinkommen \u00fcber Bet\u00e4ubungsmittel von New York von 1961 und Tabelle II des Ministerialerlasses 27\/7\/1992). In Italien ist der Anbau von Hanf verboten (Artikel 28 und 73 des Pr\u00e4sidialdekrets 309\/90), es sei denn, es liegt eine Sondergenehmigung vor (Artikel 17 des Pr\u00e4sidialdekrets 309\/90). In Ermangelung einer solchen Genehmigung darf das Saatgut nur f\u00fcr andere Zwecke verwendet werden (zootechnische Zwecke, Sammeln usw.). Das Saatgut wird unter dem Vorbehalt verkauft, dass es nicht von Dritten im Widerspruch zu den gesetzlichen Bestimmungen verwendet wird.<\/em><\/span><\/div>\n","protected":false},"excerpt":{"rendered":"<p>\ud83c\udf3f DON CARLOS von HUMBOLDT SEED COMPANY \u00b7 \ud83e\uddec Indica Dominant (60%+) \u00b7 \ud83d\udd25 THC sehr hoch (Sehr hoch (20\u202f%+)) \u00b7 \ud83c\udfc6 Ertrag XXL.<\/p>\n","protected":false},"featured_media":184409,"comment_status":"open","ping_status":"closed","template":"","meta":[],"product_brand":[],"product_cat":[7952],"product_tag":[10128,8510,9365,9392,10124,10125,10126,10127],"class_list":{"0":"post-249420","1":"product","2":"type-product","3":"status-publish","4":"has-post-thumbnail","6":"product_cat-seedshop-de","7":"product_tag-feminisierte-samen","8":"product_tag-indica","9":"product_tag-humboldt-seed-company","10":"product_tag-don-carlos","11":"product_tag-thc-sehr-hoch","12":"product_tag-ertrag-xxl","13":"product_tag-cannabis-samen","14":"product_tag-scharf","16":"first","17":"instock","18":"taxable","19":"shipping-taxable","20":"purchasable","21":"product-type-variable"},"aioseo_notices":[],"_links":{"self":[{"href":"https:\/\/www.budream.com\/de\/wp-json\/wp\/v2\/product\/249420","targetHints":{"allow":["GET"]}}],"collection":[{"href":"https:\/\/www.budream.com\/de\/wp-json\/wp\/v2\/product"}],"about":[{"href":"https:\/\/www.budream.com\/de\/wp-json\/wp\/v2\/types\/product"}],"replies":[{"embeddable":true,"href":"https:\/\/www.budream.com\/de\/wp-json\/wp\/v2\/comments?post=249420"}],"version-history":[{"count":2,"href":"https:\/\/www.budream.com\/de\/wp-json\/wp\/v2\/product\/249420\/revisions"}],"predecessor-version":[{"id":260656,"href":"https:\/\/www.budream.com\/de\/wp-json\/wp\/v2\/product\/249420\/revisions\/260656"}],"wp:featuredmedia":[{"embeddable":true,"href":"https:\/\/www.budream.com\/de\/wp-json\/wp\/v2\/media\/184409"}],"wp:attachment":[{"href":"https:\/\/www.budream.com\/de\/wp-json\/wp\/v2\/media?parent=249420"}],"wp:term":[{"taxonomy":"product_brand","embeddable":true,"href":"https:\/\/www.budream.com\/de\/wp-json\/wp\/v2\/product_brand?post=249420"},{"taxonomy":"product_cat","embeddable":true,"href":"https:\/\/www.budream.com\/de\/wp-json\/wp\/v2\/product_cat?post=249420"},{"taxonomy":"product_tag","embeddable":true,"href":"https:\/\/www.budream.com\/de\/wp-json\/wp\/v2\/product_tag?post=249420"}],"curies":[{"name":"wp","href":"https:\/\/api.w.org\/{rel}","templated":true}]}}