{"id":249440,"date":"2026-01-21T18:49:39","date_gmt":"2026-01-21T16:49:39","guid":{"rendered":"https:\/\/www.budream.com\/shop\/humboldt-seeds-company-der-umstuerzler-fem\/"},"modified":"2026-03-24T20:21:58","modified_gmt":"2026-03-24T18:21:58","slug":"humboldt-seeds-company-der-umstuerzler-fem","status":"publish","type":"product","link":"https:\/\/www.budream.com\/de\/shop\/humboldt-seeds-company-der-umstuerzler-fem\/","title":{"rendered":"HUMBOLDT SEEDS COMPANY &#8211; DER UMST\u00dcRZLER FEM"},"content":{"rendered":"<div style=\"text-align: justify\">Durchdrungen von der rhythmischen Linie des Reggae, verschmelzen die Samen von The Upsetter die Elternsorten Squirt, Tangie und Humboldt Dream, um einen Sativa-dominanten Hybriden zu schaffen.<\/div>\n<p><\/p>\n<h2><strong>Eigenschaften The Upsetter Fem:<\/strong><\/h2>\n<ul style=\"list-style-type: disc\">\n<li><strong>Gattung:<\/strong> Feminisiert<\/li>\n<li><strong>Genotyp:<\/strong> Sativa-dominante Kreuzung<\/li>\n<li><strong>Genetik:<\/strong> Squirt X Tangie X Humboldt Dream<\/li>\n<li><strong>Tage:<\/strong> 55-60 Tage<\/li>\n<\/ul>\n<p><\/p>\n<div style=\"text-align: justify\"><span style=\"font-size: 11pt\"><em><strong>WARNUNG:<\/strong> Hanfsamen sind vom gesetzlichen Begriff Cannabis ausgenommen, was bedeutet, dass sie nicht als Bet\u00e4ubungsmittel gelten (L. 412 von 1974, Art. 1, Absatz 1, Buchstabe B; Einheits\u00fcbereinkommen \u00fcber Bet\u00e4ubungsmittel von New York von 1961 und Tabelle II des Ministerialerlasses 27\/7\/1992). In Italien ist der Anbau von Hanf verboten (Artikel 28 und 73 des Pr\u00e4sidialdekrets 309\/90), es sei denn, es liegt eine Sondergenehmigung vor (Artikel 17 des Pr\u00e4sidialdekrets 309\/90). In Ermangelung einer solchen Genehmigung darf das Saatgut nur f\u00fcr andere Zwecke verwendet werden (zootechnische Zwecke, Sammeln usw.). Das Saatgut wird unter dem Vorbehalt verkauft, dass es nicht von Dritten im Widerspruch zu den gesetzlichen Bestimmungen verwendet wird.<\/em><\/span><\/div>\n","protected":false},"excerpt":{"rendered":"<p>\ud83c\udf3f DER UMST\u00dcRZLER von HUMBOLDT SEED COMPANY \u00b7 \ud83e\uddec Sativa Dominant (60%+) \u00b7 \ud83d\udd25 THC sehr hoch (Sehr hoch (20\u202f%+)) \u00b7 \ud83c\udfc6 Ertrag XXL.<\/p>\n","protected":false},"featured_media":184459,"comment_status":"open","ping_status":"closed","template":"","meta":[],"product_brand":[],"product_cat":[7952],"product_tag":[10128,10171,10571,8511,9365,10124,10125,10126],"class_list":{"0":"post-249440","1":"product","2":"type-product","3":"status-publish","4":"has-post-thumbnail","6":"product_cat-seedshop-de","7":"product_tag-feminisierte-samen","8":"product_tag-suess-fruchtig","9":"product_tag-der-umstuerzler","10":"product_tag-sativa","11":"product_tag-humboldt-seed-company","12":"product_tag-thc-sehr-hoch","13":"product_tag-ertrag-xxl","14":"product_tag-cannabis-samen","16":"first","17":"instock","18":"taxable","19":"shipping-taxable","20":"purchasable","21":"product-type-variable"},"aioseo_notices":[],"_links":{"self":[{"href":"https:\/\/www.budream.com\/de\/wp-json\/wp\/v2\/product\/249440","targetHints":{"allow":["GET"]}}],"collection":[{"href":"https:\/\/www.budream.com\/de\/wp-json\/wp\/v2\/product"}],"about":[{"href":"https:\/\/www.budream.com\/de\/wp-json\/wp\/v2\/types\/product"}],"replies":[{"embeddable":true,"href":"https:\/\/www.budream.com\/de\/wp-json\/wp\/v2\/comments?post=249440"}],"version-history":[{"count":2,"href":"https:\/\/www.budream.com\/de\/wp-json\/wp\/v2\/product\/249440\/revisions"}],"predecessor-version":[{"id":260735,"href":"https:\/\/www.budream.com\/de\/wp-json\/wp\/v2\/product\/249440\/revisions\/260735"}],"wp:featuredmedia":[{"embeddable":true,"href":"https:\/\/www.budream.com\/de\/wp-json\/wp\/v2\/media\/184459"}],"wp:attachment":[{"href":"https:\/\/www.budream.com\/de\/wp-json\/wp\/v2\/media?parent=249440"}],"wp:term":[{"taxonomy":"product_brand","embeddable":true,"href":"https:\/\/www.budream.com\/de\/wp-json\/wp\/v2\/product_brand?post=249440"},{"taxonomy":"product_cat","embeddable":true,"href":"https:\/\/www.budream.com\/de\/wp-json\/wp\/v2\/product_cat?post=249440"},{"taxonomy":"product_tag","embeddable":true,"href":"https:\/\/www.budream.com\/de\/wp-json\/wp\/v2\/product_tag?post=249440"}],"curies":[{"name":"wp","href":"https:\/\/api.w.org\/{rel}","templated":true}]}}