{"id":249600,"date":"2026-01-21T19:01:00","date_gmt":"2026-01-21T17:01:00","guid":{"rendered":"https:\/\/www.budream.com\/shop\/humboldt-seeds-company-banana-melt-fem\/"},"modified":"2026-03-22T10:37:13","modified_gmt":"2026-03-22T08:37:13","slug":"humboldt-seeds-company-banana-melt-fem","status":"publish","type":"product","link":"https:\/\/www.budream.com\/de\/shop\/humboldt-seeds-company-banana-melt-fem\/","title":{"rendered":"HUMBOLDT SEEDS COMPANY &#8211; BANANA MELT FEM"},"content":{"rendered":"<p><strong>BANANA MELT<\/strong> ist ein Sativa-dominanter Hybrid, ideal f\u00fcr diejenigen, die Klarheit und Kreativit\u00e4t suchen von HUMBOLDT SEED COMPANY. Verf\u00fcgbar in Packungen mit 10 Samen feminisiert. Mit gutem THC-Gehalt (Hoch (15\u201319\u202f%), Mittel (10\u201314\u202f%)), diese Pflanze richtet sich an diejenigen, die Potenz und Qualit\u00e4t suchen. Im Anbau, bl\u00fcht schnell in 7-9 Wochen und garantiert reichlich Ertr\u00e4ge. In der Nase und am Gaumen bietet es einen Strau\u00df von Aromen: \ud83c\udf53 S\u00fc\u00df \/ Fruchtig, \ud83c\udf4b Zitrusartig.<\/p>\n","protected":false},"excerpt":{"rendered":"<p>\ud83c\udf3f BANANA MELT von HUMBOLDT SEED COMPANY \u00b7 \ud83e\uddec Sativa Dominant (60%+) \u00b7 \ud83d\udcaa THC hoch (Hoch (15\u201319\u202f%), Mittel (10\u201314\u202f%)) \u00b7 \ud83d\udce6 Ertrag XL.<\/p>\n","protected":false},"featured_media":187604,"comment_status":"open","ping_status":"closed","template":"","meta":[],"product_brand":[],"product_cat":[7952],"product_tag":[9402,10126,10128,10140,10150,10171,8511,9365],"class_list":{"0":"post-249600","1":"product","2":"type-product","3":"status-publish","4":"has-post-thumbnail","6":"product_cat-seedshop-de","7":"product_tag-banana-melt","8":"product_tag-cannabis-samen","9":"product_tag-feminisierte-samen","10":"product_tag-thc-hoch","11":"product_tag-zitrusartig","12":"product_tag-suess-fruchtig","13":"product_tag-sativa","14":"product_tag-humboldt-seed-company","16":"first","17":"instock","18":"taxable","19":"shipping-taxable","20":"purchasable","21":"product-type-variable"},"aioseo_notices":[],"_links":{"self":[{"href":"https:\/\/www.budream.com\/de\/wp-json\/wp\/v2\/product\/249600","targetHints":{"allow":["GET"]}}],"collection":[{"href":"https:\/\/www.budream.com\/de\/wp-json\/wp\/v2\/product"}],"about":[{"href":"https:\/\/www.budream.com\/de\/wp-json\/wp\/v2\/types\/product"}],"replies":[{"embeddable":true,"href":"https:\/\/www.budream.com\/de\/wp-json\/wp\/v2\/comments?post=249600"}],"version-history":[{"count":2,"href":"https:\/\/www.budream.com\/de\/wp-json\/wp\/v2\/product\/249600\/revisions"}],"predecessor-version":[{"id":259622,"href":"https:\/\/www.budream.com\/de\/wp-json\/wp\/v2\/product\/249600\/revisions\/259622"}],"wp:featuredmedia":[{"embeddable":true,"href":"https:\/\/www.budream.com\/de\/wp-json\/wp\/v2\/media\/187604"}],"wp:attachment":[{"href":"https:\/\/www.budream.com\/de\/wp-json\/wp\/v2\/media?parent=249600"}],"wp:term":[{"taxonomy":"product_brand","embeddable":true,"href":"https:\/\/www.budream.com\/de\/wp-json\/wp\/v2\/product_brand?post=249600"},{"taxonomy":"product_cat","embeddable":true,"href":"https:\/\/www.budream.com\/de\/wp-json\/wp\/v2\/product_cat?post=249600"},{"taxonomy":"product_tag","embeddable":true,"href":"https:\/\/www.budream.com\/de\/wp-json\/wp\/v2\/product_tag?post=249600"}],"curies":[{"name":"wp","href":"https:\/\/api.w.org\/{rel}","templated":true}]}}