{"id":249620,"date":"2026-01-21T19:02:29","date_gmt":"2026-01-21T17:02:29","guid":{"rendered":"https:\/\/www.budream.com\/shop\/humboldt-seeds-company-banana-og-fem\/"},"modified":"2026-03-24T20:23:38","modified_gmt":"2026-03-24T18:23:38","slug":"humboldt-seeds-company-banana-og-fem","status":"publish","type":"product","link":"https:\/\/www.budream.com\/de\/shop\/humboldt-seeds-company-banana-og-fem\/","title":{"rendered":"HUMBOLDT SEEDS COMPANY &#8211; BANANA OG FEM"},"content":{"rendered":"<div style=\"text-align: justify\">Banana OG Samen sind eine geklonte Sorte aus dem Smaragd-Dreieck, die in Trinidad von Humboldt Seed Company gelagert wird.<\/div>\n<p><\/p>\n<h2><strong>Eigenschaften Banana OG Fem:<\/strong><\/h2>\n<ul style=\"list-style-type: disc\">\n<li><strong>Gattung:<\/strong> Feminisiert<\/li>\n<li><strong>Genotyp:<\/strong> Sativa-dominanter Hybrid<\/li>\n<li><strong>Genetik: <\/strong>Klassischer Banana OG Klon, Banana OG S1 #21, und Banana OG Bx3<\/li>\n<li><strong>Tage:<\/strong> 55-65 Tage<\/li>\n<\/ul>\n<p><\/p>\n<div style=\"text-align: justify\"><span style=\"font-size: 11pt\"><em><strong>WARNUNG:<\/strong> Hanfsamen sind vom gesetzlichen Begriff Cannabis ausgenommen, was bedeutet, dass sie nicht als Bet\u00e4ubungsmittel gelten (L. 412 von 1974, Art. 1, Absatz 1, Buchstabe B; Einheits\u00fcbereinkommen \u00fcber Bet\u00e4ubungsmittel von New York von 1961 und Tabelle II des Ministerialerlasses 27\/7\/1992). In Italien ist der Anbau von Hanf verboten (Artikel 28 und 73 des Pr\u00e4sidialdekrets 309\/90), es sei denn, es liegt eine Sondergenehmigung vor (Artikel 17 des Pr\u00e4sidialdekrets 309\/90). In Ermangelung einer solchen Genehmigung darf das Saatgut nur f\u00fcr andere Zwecke verwendet werden (zootechnische Zwecke, Sammeln usw.). Das Saatgut wird unter dem Vorbehalt verkauft, dass es nicht von Dritten im Widerspruch zu den gesetzlichen Bestimmungen verwendet wird.<\/em><\/span><\/div>\n","protected":false},"excerpt":{"rendered":"<p>\ud83c\udf3f BANANA OG von HUMBOLDT SEED COMPANY \u00b7 \ud83e\uddec Sativa Dominant (60%+) \u00b7 \ud83d\udd25 THC sehr hoch (Sehr hoch (20\u202f%+)) \u00b7 \ud83d\udce6 Ertrag XL.<\/p>\n","protected":false},"featured_media":187639,"comment_status":"open","ping_status":"closed","template":"","meta":[],"product_brand":[],"product_cat":[7952],"product_tag":[9403,10124,10126,10127,10128,10171,8511,9365],"class_list":{"0":"post-249620","1":"product","2":"type-product","3":"status-publish","4":"has-post-thumbnail","6":"product_cat-seedshop-de","7":"product_tag-banana-og","8":"product_tag-thc-sehr-hoch","9":"product_tag-cannabis-samen","10":"product_tag-scharf","11":"product_tag-feminisierte-samen","12":"product_tag-suess-fruchtig","13":"product_tag-sativa","14":"product_tag-humboldt-seed-company","16":"first","17":"instock","18":"taxable","19":"shipping-taxable","20":"purchasable","21":"product-type-variable"},"aioseo_notices":[],"_links":{"self":[{"href":"https:\/\/www.budream.com\/de\/wp-json\/wp\/v2\/product\/249620","targetHints":{"allow":["GET"]}}],"collection":[{"href":"https:\/\/www.budream.com\/de\/wp-json\/wp\/v2\/product"}],"about":[{"href":"https:\/\/www.budream.com\/de\/wp-json\/wp\/v2\/types\/product"}],"replies":[{"embeddable":true,"href":"https:\/\/www.budream.com\/de\/wp-json\/wp\/v2\/comments?post=249620"}],"version-history":[{"count":2,"href":"https:\/\/www.budream.com\/de\/wp-json\/wp\/v2\/product\/249620\/revisions"}],"predecessor-version":[{"id":260737,"href":"https:\/\/www.budream.com\/de\/wp-json\/wp\/v2\/product\/249620\/revisions\/260737"}],"wp:featuredmedia":[{"embeddable":true,"href":"https:\/\/www.budream.com\/de\/wp-json\/wp\/v2\/media\/187639"}],"wp:attachment":[{"href":"https:\/\/www.budream.com\/de\/wp-json\/wp\/v2\/media?parent=249620"}],"wp:term":[{"taxonomy":"product_brand","embeddable":true,"href":"https:\/\/www.budream.com\/de\/wp-json\/wp\/v2\/product_brand?post=249620"},{"taxonomy":"product_cat","embeddable":true,"href":"https:\/\/www.budream.com\/de\/wp-json\/wp\/v2\/product_cat?post=249620"},{"taxonomy":"product_tag","embeddable":true,"href":"https:\/\/www.budream.com\/de\/wp-json\/wp\/v2\/product_tag?post=249620"}],"curies":[{"name":"wp","href":"https:\/\/api.w.org\/{rel}","templated":true}]}}