{"id":249700,"date":"2026-01-21T19:08:09","date_gmt":"2026-01-21T17:08:09","guid":{"rendered":"https:\/\/www.budream.com\/shop\/humboldt-samen-firma-ananas-upside-down-kuchen-fem\/"},"modified":"2026-03-22T10:37:39","modified_gmt":"2026-03-22T08:37:39","slug":"humboldt-samen-firma-ananas-upside-down-kuchen-fem","status":"publish","type":"product","link":"https:\/\/www.budream.com\/de\/shop\/humboldt-samen-firma-ananas-upside-down-kuchen-fem\/","title":{"rendered":"HUMBOLDT SAMEN FIRMA &#8211; ANANAS UPSIDE DOWN KUCHEN FEM"},"content":{"rendered":"<p><strong>ANANAS UPSIDE DOWN KUCHEN<\/strong> ist ein ausgewogener Hybrid zwischen Indica und Sativa, vielseitig und f\u00fcr jede Gelegenheit geeignet von HUMBOLDT SEED COMPANY. Verf\u00fcgbar in Packungen mit 10 Samen feminisiert. Mit sehr hohem THC-Gehalt (Sehr hoch (20\u202f%+)), diese Pflanze richtet sich an erfahrene Z\u00fcchter. Im Anbau, bl\u00fcht schnell in 7-9 Wochen und garantiert reichlich Ertr\u00e4ge. In der Nase und am Gaumen zeichnet sich sein \ud83c\udf53 S\u00fc\u00df \/ Fruchtig-Aroma aus.<\/p>\n","protected":false},"excerpt":{"rendered":"<p>\ud83c\udf3f ANANAS UPSIDE DOWN KUCHEN von HUMBOLDT SEED COMPANY \u00b7 \ud83e\uddec Indica \/ Sativa \u00b7 \ud83d\udd25 THC sehr hoch (Sehr hoch (20\u202f%+)) \u00b7 \ud83d\udce6 Ertrag XL.<\/p>\n","protected":false},"featured_media":187794,"comment_status":"open","ping_status":"closed","template":"","meta":[],"product_brand":[],"product_cat":[7952],"product_tag":[10128,10171,10574,8510,8511,9365,9931,10124,10126],"class_list":{"0":"post-249700","1":"product","2":"type-product","3":"status-publish","4":"has-post-thumbnail","6":"product_cat-seedshop-de","7":"product_tag-feminisierte-samen","8":"product_tag-suess-fruchtig","9":"product_tag-ananas-upside-down-kuchen","10":"product_tag-indica","11":"product_tag-sativa","12":"product_tag-humboldt-seed-company","13":"product_tag-hybrid","14":"product_tag-thc-sehr-hoch","15":"product_tag-cannabis-samen","17":"first","18":"instock","19":"taxable","20":"shipping-taxable","21":"purchasable","22":"product-type-variable"},"aioseo_notices":[],"_links":{"self":[{"href":"https:\/\/www.budream.com\/de\/wp-json\/wp\/v2\/product\/249700","targetHints":{"allow":["GET"]}}],"collection":[{"href":"https:\/\/www.budream.com\/de\/wp-json\/wp\/v2\/product"}],"about":[{"href":"https:\/\/www.budream.com\/de\/wp-json\/wp\/v2\/types\/product"}],"replies":[{"embeddable":true,"href":"https:\/\/www.budream.com\/de\/wp-json\/wp\/v2\/comments?post=249700"}],"version-history":[{"count":1,"href":"https:\/\/www.budream.com\/de\/wp-json\/wp\/v2\/product\/249700\/revisions"}],"predecessor-version":[{"id":259627,"href":"https:\/\/www.budream.com\/de\/wp-json\/wp\/v2\/product\/249700\/revisions\/259627"}],"wp:featuredmedia":[{"embeddable":true,"href":"https:\/\/www.budream.com\/de\/wp-json\/wp\/v2\/media\/187794"}],"wp:attachment":[{"href":"https:\/\/www.budream.com\/de\/wp-json\/wp\/v2\/media?parent=249700"}],"wp:term":[{"taxonomy":"product_brand","embeddable":true,"href":"https:\/\/www.budream.com\/de\/wp-json\/wp\/v2\/product_brand?post=249700"},{"taxonomy":"product_cat","embeddable":true,"href":"https:\/\/www.budream.com\/de\/wp-json\/wp\/v2\/product_cat?post=249700"},{"taxonomy":"product_tag","embeddable":true,"href":"https:\/\/www.budream.com\/de\/wp-json\/wp\/v2\/product_tag?post=249700"}],"curies":[{"name":"wp","href":"https:\/\/api.w.org\/{rel}","templated":true}]}}