{"id":250360,"date":"2026-01-26T17:36:37","date_gmt":"2026-01-26T15:36:37","guid":{"rendered":"https:\/\/www.budream.com\/shop\/sweet-seeds-gelonade-fem-sws123\/"},"modified":"2026-03-25T14:27:59","modified_gmt":"2026-03-25T12:27:59","slug":"sweet-seeds-gelonade-fem-sws123","status":"publish","type":"product","link":"https:\/\/www.budream.com\/de\/shop\/sweet-seeds-gelonade-fem-sws123\/","title":{"rendered":"SWEET SEEDS &#8211; GELONADE\u00ae FEM (SWS123)"},"content":{"rendered":"<div style=\"text-align: justify\">Gelonade\u00ae ist eine polyhybride, photoabh\u00e4ngige Sorte, die durch Kreuzung von Lemon Tree und Gelato #41 entstanden ist, zwei echte Ikonen der kalifornischen Szene mit einer umfangreichen Liste internationaler Auszeichnungen.<\/div>\n<p><\/p>\n<h2><strong>Eigenschaften Gelonade Fem Sweet Seeds:<\/strong><\/h2>\n<ul style=\"list-style-type: disc\">\n<li><strong>Gattung:<\/strong> Feminisierter Hybrid<\/li>\n<li><strong>Genetik:<\/strong> Lemon Tree x Gelonade #41<\/li>\n<li><strong>Zusammensetzung:<\/strong> 50% Indica \/ 50% Sativa <\/li>\n<li>Tage<strong>:<\/strong> 56 Tage<\/li>\n<\/ul>\n<p><\/p>\n<div style=\"text-align: justify\"><span style=\"font-size: 11pt\"><em><strong>WARNUNG:<\/strong> Hanfsamen sind vom gesetzlichen Begriff Cannabis ausgenommen, was bedeutet, dass sie nicht als Bet\u00e4ubungsmittel gelten (L. 412 von 1974, Art. 1, Absatz 1, Buchstabe B; Einheits\u00fcbereinkommen \u00fcber Bet\u00e4ubungsmittel von New York von 1961 und Tabelle II des Ministerialerlasses 27\/7\/1992). In Italien ist der Anbau von Hanf verboten (Artikel 28 und 73 des Pr\u00e4sidialdekrets 309\/90), es sei denn, es liegt eine Sondergenehmigung vor (Artikel 17 des Pr\u00e4sidialdekrets 309\/90). In Ermangelung einer solchen Genehmigung darf das Saatgut nur f\u00fcr andere Zwecke verwendet werden (zootechnische Zwecke, Sammeln usw.). Das Saatgut wird unter dem Vorbehalt verkauft, dass es nicht von Dritten im Widerspruch zu den gesetzlichen Bestimmungen verwendet wird.<\/em><\/span><\/div>\n","protected":false},"excerpt":{"rendered":"<p>\ud83c\udf3f GELONADE\u00ae FEM (SWS123) von SWEET SEEDS \u00b7 \ud83e\uddec Indica \/ Sativa \u00b7 \ud83d\udd25 THC sehr hoch (Sehr hoch (20\u202f%+)) \u00b7 \ud83d\udce6 Ertrag XL.<\/p>\n","protected":false},"featured_media":250349,"comment_status":"open","ping_status":"closed","template":"","meta":[],"product_brand":[],"product_cat":[7952],"product_tag":[10147,10171,8510,8511,8543,9421,9931,10124,10126,10128],"class_list":{"0":"post-250360","1":"product","2":"type-product","3":"status-publish","4":"has-post-thumbnail","6":"product_cat-seedshop-de","7":"product_tag-erdiger","8":"product_tag-suess-fruchtig","9":"product_tag-indica","10":"product_tag-sativa","11":"product_tag-sweet-seeds","12":"product_tag-gelonade-fem-sws123","13":"product_tag-hybrid","14":"product_tag-thc-sehr-hoch","15":"product_tag-cannabis-samen","16":"product_tag-feminisierte-samen","18":"first","19":"instock","20":"taxable","21":"shipping-taxable","22":"purchasable","23":"product-type-variable"},"_links":{"self":[{"href":"https:\/\/www.budream.com\/de\/wp-json\/wp\/v2\/product\/250360","targetHints":{"allow":["GET"]}}],"collection":[{"href":"https:\/\/www.budream.com\/de\/wp-json\/wp\/v2\/product"}],"about":[{"href":"https:\/\/www.budream.com\/de\/wp-json\/wp\/v2\/types\/product"}],"replies":[{"embeddable":true,"href":"https:\/\/www.budream.com\/de\/wp-json\/wp\/v2\/comments?post=250360"}],"version-history":[{"count":2,"href":"https:\/\/www.budream.com\/de\/wp-json\/wp\/v2\/product\/250360\/revisions"}],"predecessor-version":[{"id":260168,"href":"https:\/\/www.budream.com\/de\/wp-json\/wp\/v2\/product\/250360\/revisions\/260168"}],"wp:featuredmedia":[{"embeddable":true,"href":"https:\/\/www.budream.com\/de\/wp-json\/wp\/v2\/media\/250349"}],"wp:attachment":[{"href":"https:\/\/www.budream.com\/de\/wp-json\/wp\/v2\/media?parent=250360"}],"wp:term":[{"taxonomy":"product_brand","embeddable":true,"href":"https:\/\/www.budream.com\/de\/wp-json\/wp\/v2\/product_brand?post=250360"},{"taxonomy":"product_cat","embeddable":true,"href":"https:\/\/www.budream.com\/de\/wp-json\/wp\/v2\/product_cat?post=250360"},{"taxonomy":"product_tag","embeddable":true,"href":"https:\/\/www.budream.com\/de\/wp-json\/wp\/v2\/product_tag?post=250360"}],"curies":[{"name":"wp","href":"https:\/\/api.w.org\/{rel}","templated":true}]}}