{"id":251689,"date":"2026-02-17T12:35:41","date_gmt":"2026-02-17T10:35:41","guid":{"rendered":"https:\/\/www.budream.com\/shop\/barneys-farm-garlic-cookies-fem\/"},"modified":"2026-03-22T10:45:33","modified_gmt":"2026-03-22T08:45:33","slug":"barneys-farm-garlic-cookies-fem","status":"publish","type":"product","link":"https:\/\/www.budream.com\/de\/shop\/barneys-farm-garlic-cookies-fem\/","title":{"rendered":"BARNEY&#8217;S FARM &#8211; GARLIC COOKIES FEM"},"content":{"rendered":"<p><strong>GARLIC COOKIES<\/strong> ist eine \u00fcberwiegend Indica-Sorte mit tiefgreifenden und entspannenden Effekten von BARNEY&#8217;S FARM. Verf\u00fcgbar in Packungen mit 1 Samen feminisiert. Mit sehr hohem THC-Gehalt (Sehr hoch (20\u202f%+)), diese Pflanze richtet sich an erfahrene Z\u00fcchter. Im Anbau, hat einen mittleren Bl\u00fctezyklus von 10-12 Wochen und garantiert reichlich Ertr\u00e4ge. In der Nase und am Gaumen bietet es einen Strau\u00df von Aromen: \ud83c\udf3f Erdiger, \ud83c\udf3f Scharf.<\/p>\n","protected":false},"excerpt":{"rendered":"<p>\ud83c\udf3f GARLIC COOKIES von BARNEY&#8217;S FARM \u00b7 \ud83e\uddec Indica (90%+) \u00b7 \ud83d\udd25 THC sehr hoch (Sehr hoch (20\u202f%+)) \u00b7 \ud83d\udce6 Ertrag XL.<\/p>\n","protected":false},"featured_media":251683,"comment_status":"open","ping_status":"closed","template":"","meta":[],"product_brand":[],"product_cat":[7952],"product_tag":[8645,10126,10147,10128,9435,8510,10127,10124],"class_list":{"0":"post-251689","1":"product","2":"type-product","3":"status-publish","4":"has-post-thumbnail","6":"product_cat-seedshop-de","7":"product_tag-barneys-farm","8":"product_tag-cannabis-samen","9":"product_tag-erdiger","10":"product_tag-feminisierte-samen","11":"product_tag-garlic-cookies","12":"product_tag-indica","13":"product_tag-scharf","14":"product_tag-thc-sehr-hoch","16":"first","17":"instock","18":"taxable","19":"shipping-taxable","20":"purchasable","21":"product-type-variable"},"aioseo_notices":[],"_links":{"self":[{"href":"https:\/\/www.budream.com\/de\/wp-json\/wp\/v2\/product\/251689","targetHints":{"allow":["GET"]}}],"collection":[{"href":"https:\/\/www.budream.com\/de\/wp-json\/wp\/v2\/product"}],"about":[{"href":"https:\/\/www.budream.com\/de\/wp-json\/wp\/v2\/types\/product"}],"replies":[{"embeddable":true,"href":"https:\/\/www.budream.com\/de\/wp-json\/wp\/v2\/comments?post=251689"}],"version-history":[{"count":1,"href":"https:\/\/www.budream.com\/de\/wp-json\/wp\/v2\/product\/251689\/revisions"}],"predecessor-version":[{"id":259666,"href":"https:\/\/www.budream.com\/de\/wp-json\/wp\/v2\/product\/251689\/revisions\/259666"}],"wp:featuredmedia":[{"embeddable":true,"href":"https:\/\/www.budream.com\/de\/wp-json\/wp\/v2\/media\/251683"}],"wp:attachment":[{"href":"https:\/\/www.budream.com\/de\/wp-json\/wp\/v2\/media?parent=251689"}],"wp:term":[{"taxonomy":"product_brand","embeddable":true,"href":"https:\/\/www.budream.com\/de\/wp-json\/wp\/v2\/product_brand?post=251689"},{"taxonomy":"product_cat","embeddable":true,"href":"https:\/\/www.budream.com\/de\/wp-json\/wp\/v2\/product_cat?post=251689"},{"taxonomy":"product_tag","embeddable":true,"href":"https:\/\/www.budream.com\/de\/wp-json\/wp\/v2\/product_tag?post=251689"}],"curies":[{"name":"wp","href":"https:\/\/api.w.org\/{rel}","templated":true}]}}