{"id":251774,"date":"2026-02-17T17:02:47","date_gmt":"2026-02-17T15:02:47","guid":{"rendered":"https:\/\/www.budream.com\/shop\/mephisto-genetics-alien-vs-triangle-auto-fem-32-samen\/"},"modified":"2026-03-30T22:01:22","modified_gmt":"2026-03-30T20:01:22","slug":"mephisto-genetics-alien-vs-triangle-auto-fem-32-samen","status":"publish","type":"product","link":"https:\/\/www.budream.com\/de\/shop\/mephisto-genetics-alien-vs-triangle-auto-fem-32-samen\/","title":{"rendered":"MEPHISTO GENETICS &#8211; ALIEN VS: TRIANGLE AUTO FEM | 3+2 SAMEN"},"content":{"rendered":"<div style=\"text-align: justify\">Urspr\u00fcnglich nur als F1 Limited Edition Hybrid zwischen unseren originalen Ripley&#8217;s OG und Triangle Kush Sorten produziert, wurde diese Sorte so gut aufgenommen, dass wir keine andere Wahl hatten, als sie als F2 zu z\u00fcchten und sie zu unserem urspr\u00fcnglichen Line-Up hinzuzuf\u00fcgen. Mit der Kombination von zwei unserer urspr\u00fcnglichen OG-basierten Sorten, mit Alien OG von Cali Connection und Triangle OGK als Teil ihres Erbes, ist es schwer, etwas falsch zu machen.<\/div>\n<p><\/p>\n<h2><strong>Eigenschaften Alien Vs. Triangle Auto Fem Mephisto Genetik:<\/strong><\/h2>\n<ul style=\"list-style-type: disc\">\n<li><strong>Geschlecht:<\/strong> F5 Feminisierter Autoflowering-Hybrid<\/li>\n<li><strong>Genotyp:<\/strong> Indica: 40% \/ Sativa: 60%<\/li>\n<li><strong>Genetik:<\/strong> Ripley&#8217;s OG x Triangle<\/li>\n<li>Tage<strong>:<\/strong> 75-85 Tage<\/li>\n<\/ul>\n<p><\/p>\n<div style=\"text-align: justify\"><span style=\"font-size: 11pt\"><em><strong>WARNUNG:<\/strong> Hanfsamen sind vom gesetzlichen Begriff Cannabis ausgenommen, was bedeutet, dass sie nicht als Bet\u00e4ubungsmittel gelten (L. 412 von 1974, Art. 1, Absatz 1, Buchstabe B; Einheits\u00fcbereinkommen \u00fcber Bet\u00e4ubungsmittel von New York von 1961 und Tabelle II des Ministerialerlasses 27\/7\/1992). In Italien ist der Anbau von Hanf verboten (Artikel 28 und 73 des Pr\u00e4sidialdekrets 309\/90), es sei denn, es liegt eine Sondergenehmigung vor (Artikel 17 des Pr\u00e4sidialdekrets 309\/90). In Ermangelung einer solchen Genehmigung darf das Saatgut nur f\u00fcr andere Zwecke verwendet werden (zootechnische Zwecke, Sammeln usw.). Das Saatgut wird unter dem Vorbehalt verkauft, dass es nicht von Dritten im Widerspruch zu den gesetzlichen Bestimmungen verwendet wird.<\/em><\/span><\/div>\n","protected":false},"excerpt":{"rendered":"<p>\ud83c\udf3f ALIEN VS: TRIANGLE AUTO FEM | 3+2 SAMEN von MEPHISTO GENETICS \u00b7 \ud83e\uddec Sativa Dominant (60%+) \u00b7 \ud83d\udcaa THC hoch (Hoch (15\u201319\u202f%)).<\/p>\n","protected":false},"featured_media":251763,"comment_status":"open","ping_status":"closed","template":"","meta":[],"product_brand":[],"product_cat":[7952],"product_tag":[10598,10126,10147,10128,9436,8511,10127,10140],"class_list":{"0":"post-251774","1":"product","2":"type-product","3":"status-publish","4":"has-post-thumbnail","6":"product_cat-seedshop-de","7":"product_tag-alien-vs-triangle-auto-fem-32-samen","8":"product_tag-cannabis-samen","9":"product_tag-erdiger","10":"product_tag-feminisierte-samen","11":"product_tag-mephisto-genetics","12":"product_tag-sativa","13":"product_tag-scharf","14":"product_tag-thc-hoch","16":"first","17":"instock","18":"taxable","19":"shipping-taxable","20":"purchasable","21":"product-type-simple"},"aioseo_notices":[],"_links":{"self":[{"href":"https:\/\/www.budream.com\/de\/wp-json\/wp\/v2\/product\/251774","targetHints":{"allow":["GET"]}}],"collection":[{"href":"https:\/\/www.budream.com\/de\/wp-json\/wp\/v2\/product"}],"about":[{"href":"https:\/\/www.budream.com\/de\/wp-json\/wp\/v2\/types\/product"}],"replies":[{"embeddable":true,"href":"https:\/\/www.budream.com\/de\/wp-json\/wp\/v2\/comments?post=251774"}],"version-history":[{"count":2,"href":"https:\/\/www.budream.com\/de\/wp-json\/wp\/v2\/product\/251774\/revisions"}],"predecessor-version":[{"id":260694,"href":"https:\/\/www.budream.com\/de\/wp-json\/wp\/v2\/product\/251774\/revisions\/260694"}],"wp:featuredmedia":[{"embeddable":true,"href":"https:\/\/www.budream.com\/de\/wp-json\/wp\/v2\/media\/251763"}],"wp:attachment":[{"href":"https:\/\/www.budream.com\/de\/wp-json\/wp\/v2\/media?parent=251774"}],"wp:term":[{"taxonomy":"product_brand","embeddable":true,"href":"https:\/\/www.budream.com\/de\/wp-json\/wp\/v2\/product_brand?post=251774"},{"taxonomy":"product_cat","embeddable":true,"href":"https:\/\/www.budream.com\/de\/wp-json\/wp\/v2\/product_cat?post=251774"},{"taxonomy":"product_tag","embeddable":true,"href":"https:\/\/www.budream.com\/de\/wp-json\/wp\/v2\/product_tag?post=251774"}],"curies":[{"name":"wp","href":"https:\/\/api.w.org\/{rel}","templated":true}]}}