{"id":251789,"date":"2026-02-17T17:03:27","date_gmt":"2026-02-17T15:03:27","guid":{"rendered":"https:\/\/www.budream.com\/shop\/mephisto-genetics-creme-de-la-chem-auto-fem-32-samen\/"},"modified":"2026-03-30T22:02:00","modified_gmt":"2026-03-30T20:02:00","slug":"mephisto-genetics-creme-de-la-chem-auto-fem-32-samen","status":"publish","type":"product","link":"https:\/\/www.budream.com\/de\/shop\/mephisto-genetics-creme-de-la-chem-auto-fem-32-samen\/","title":{"rendered":"MEPHISTO GENETICS &#8211; CREME DE LA CHEM AUTO FEM | 3+2 SAMEN"},"content":{"rendered":"<div style=\"text-align: justify\">ChemDogging wurde Anfang 2015 als eines unserer Mephisto-Originale ver\u00f6ffentlicht und ist in seiner reinen Form ein Favorit geblieben, aber wie wir uns kennen, mussten wir es als Basis verwenden, um einige neue Automaten zu schaffen! Von Anfang an, als wir das Projekt planten, wollten wir eine photoperiodische Sorte von au\u00dfergew\u00f6hnlicher Qualit\u00e4t mit einer gemeinsamen genetischen Linie kreuzen. Nach einigen Irrungen und Wirrungen bei der Suche standen die Sterne g\u00fcnstig und wir stie\u00dfen auf eine Auswahl von Stardawg von Top Dawg Seeds.<\/div>\n<p><\/p>\n<h2><strong>Eigenschaften Creme de la Chem Auto Fem Mephisto Genetics:<\/strong><\/h2>\n<ul style=\"list-style-type: disc\">\n<li><strong>Gattung:<\/strong> F5 Feminisierter Autoflowering-Hybrid<\/li>\n<li><strong>Genotyp:<\/strong> Indica: 70% \/ Sativa: 30%<\/li>\n<li><strong>Genetik:<\/strong> Stardowg Illuminati Cut x Chemdogging<\/li>\n<li><strong>Tage:<\/strong> 70-80 Tage<\/li>\n<\/ul>\n<p><\/p>\n<div style=\"text-align: justify\"><span style=\"font-size: 11pt\"><em><strong>WARNUNG:<\/strong> Hanfsamen sind vom gesetzlichen Begriff Cannabis ausgenommen, was bedeutet, dass sie nicht als Bet\u00e4ubungsmittel gelten (L. 412 von 1974, Art. 1, Absatz 1, Buchstabe B; Einheits\u00fcbereinkommen \u00fcber Bet\u00e4ubungsmittel von New York von 1961 und Tabelle II des Ministerialerlasses 27\/7\/1992). In Italien ist der Anbau von Hanf verboten (Artikel 28 und 73 des Pr\u00e4sidialdekrets 309\/90), es sei denn, es liegt eine Sondergenehmigung vor (Artikel 17 des Pr\u00e4sidialdekrets 309\/90). In Ermangelung einer solchen Genehmigung darf das Saatgut nur f\u00fcr andere Zwecke verwendet werden (zootechnische Zwecke, Sammeln usw.). Das Saatgut wird unter dem Vorbehalt verkauft, dass es nicht von Dritten im Widerspruch zu den gesetzlichen Bestimmungen verwendet wird.<\/em><\/span><\/div>\n","protected":false},"excerpt":{"rendered":"<p>\ud83c\udf3f CREME DE LA CHEM AUTO FEM | 3+2 SAMEN von MEPHISTO GENETICS \u00b7 \ud83e\uddec Sativa Dominant (60%+) \u00b7 \ud83d\udd25 THC sehr hoch (Sehr hoch (20\u202f%+)) \u00b7 \ud83d\udce6 Ertrag XL.<\/p>\n","protected":false},"featured_media":251778,"comment_status":"open","ping_status":"closed","template":"","meta":[],"product_brand":[],"product_cat":[7952],"product_tag":[10126,10599,10147,10128,9436,8511,10127,10124],"class_list":{"0":"post-251789","1":"product","2":"type-product","3":"status-publish","4":"has-post-thumbnail","6":"product_cat-seedshop-de","7":"product_tag-cannabis-samen","8":"product_tag-creme-de-la-chem-auto-fem-32-samen","9":"product_tag-erdiger","10":"product_tag-feminisierte-samen","11":"product_tag-mephisto-genetics","12":"product_tag-sativa","13":"product_tag-scharf","14":"product_tag-thc-sehr-hoch","16":"first","17":"instock","18":"taxable","19":"shipping-taxable","20":"purchasable","21":"product-type-simple"},"aioseo_notices":[],"_links":{"self":[{"href":"https:\/\/www.budream.com\/de\/wp-json\/wp\/v2\/product\/251789","targetHints":{"allow":["GET"]}}],"collection":[{"href":"https:\/\/www.budream.com\/de\/wp-json\/wp\/v2\/product"}],"about":[{"href":"https:\/\/www.budream.com\/de\/wp-json\/wp\/v2\/types\/product"}],"replies":[{"embeddable":true,"href":"https:\/\/www.budream.com\/de\/wp-json\/wp\/v2\/comments?post=251789"}],"version-history":[{"count":2,"href":"https:\/\/www.budream.com\/de\/wp-json\/wp\/v2\/product\/251789\/revisions"}],"predecessor-version":[{"id":261679,"href":"https:\/\/www.budream.com\/de\/wp-json\/wp\/v2\/product\/251789\/revisions\/261679"}],"wp:featuredmedia":[{"embeddable":true,"href":"https:\/\/www.budream.com\/de\/wp-json\/wp\/v2\/media\/251778"}],"wp:attachment":[{"href":"https:\/\/www.budream.com\/de\/wp-json\/wp\/v2\/media?parent=251789"}],"wp:term":[{"taxonomy":"product_brand","embeddable":true,"href":"https:\/\/www.budream.com\/de\/wp-json\/wp\/v2\/product_brand?post=251789"},{"taxonomy":"product_cat","embeddable":true,"href":"https:\/\/www.budream.com\/de\/wp-json\/wp\/v2\/product_cat?post=251789"},{"taxonomy":"product_tag","embeddable":true,"href":"https:\/\/www.budream.com\/de\/wp-json\/wp\/v2\/product_tag?post=251789"}],"curies":[{"name":"wp","href":"https:\/\/api.w.org\/{rel}","templated":true}]}}