{"id":251819,"date":"2026-02-17T17:04:47","date_gmt":"2026-02-17T15:04:47","guid":{"rendered":"https:\/\/www.budream.com\/shop\/mephisto-genetics-ice-n-baked-auto-fem-32-samen\/"},"modified":"2026-03-30T22:04:27","modified_gmt":"2026-03-30T20:04:27","slug":"mephisto-genetics-ice-n-baked-auto-fem-32-samen","status":"publish","type":"product","link":"https:\/\/www.budream.com\/de\/shop\/mephisto-genetics-ice-n-baked-auto-fem-32-samen\/","title":{"rendered":"MEPHISTO GENETICS &#8211; ICE &#8218;N&#8216; BAKED AUTO FEM | 3+2 SAMEN"},"content":{"rendered":"<div style=\"text-align: justify\">Ice &#8217;n&#8216; Baked ist der erste Vorsto\u00df in die Welt der Ice &#8217;n&#8216; Baked-Genetik. <\/div>\n<p><\/p>\n<h2><strong>Eigenschaften Ice &#8217;n&#8216; Baked Auto Fem Mephisto Genetics:<\/strong><\/h2>\n<ul style=\"list-style-type: disc\">\n<li><strong>Gattung:<\/strong> F4 Feminisierter Autoflowering-Hybrid<\/li>\n<li><strong>Genotyp:<\/strong> Indica: 70% \/ Sativa: 30%<\/li>\n<li><strong>Genetik:<\/strong> Mephisto&#8220;s Wedding x Ice #41 (Sunset Sherbet x Thin Mint GSC)<\/li>\n<li><strong>Tage:<\/strong> 70-80 Tage<\/li>\n<\/ul>\n<p><\/p>\n<div style=\"text-align: justify\"><span style=\"font-size: 11pt\"><em><strong>ACHTUNG:<\/strong> Hanfsamen fallen nicht unter den Rechtsbegriff Cannabis, was bedeutet, dass sie nicht als Bet\u00e4ubungsmittel gelten (L. 412 von 1974, Art. 1, Absatz 1, Buchstabe B; Einheits\u00fcbereinkommen \u00fcber Bet\u00e4ubungsmittel von New York von 1961 und Tabelle II des Ministerialerlasses vom 27.7.1992). In Italien ist der Anbau von Hanf verboten (Artikel 28 und 73 des Pr\u00e4sidialdekrets 309\/90), es sei denn, es liegt eine Sondergenehmigung vor (Artikel 17 des Pr\u00e4sidialdekrets 309\/90). In Ermangelung einer solchen Genehmigung darf das Saatgut nur f\u00fcr andere Zwecke verwendet werden (zootechnische Zwecke, Sammeln usw.). Das Saatgut wird unter dem Vorbehalt verkauft, dass es nicht von Dritten im Widerspruch zu den gesetzlichen Bestimmungen verwendet wird.<\/em><\/span><\/div>\n","protected":false},"excerpt":{"rendered":"<p>\ud83c\udf3f ICE &#8218;N&#8216; BAKED AUTO FEM | 3+2 SAMEN von MEPHISTO GENETICS \u00b7 \ud83e\uddec Sativa Dominant (60%+) \u00b7 \ud83d\udd25 THC sehr hoch (Sehr hoch (20\u202f%+)) \u00b7 \ud83d\udce6 Ertrag XL.<\/p>\n","protected":false},"featured_media":251808,"comment_status":"open","ping_status":"closed","template":"","meta":[],"product_brand":[],"product_cat":[7952],"product_tag":[10126,10147,10128,10601,9436,8511,10127,10124],"class_list":{"0":"post-251819","1":"product","2":"type-product","3":"status-publish","4":"has-post-thumbnail","6":"product_cat-seedshop-de","7":"product_tag-cannabis-samen","8":"product_tag-erdiger","9":"product_tag-feminisierte-samen","10":"product_tag-ice-n-baked-auto-fem-32-samen","11":"product_tag-mephisto-genetics","12":"product_tag-sativa","13":"product_tag-scharf","14":"product_tag-thc-sehr-hoch","16":"first","17":"instock","18":"taxable","19":"shipping-taxable","20":"purchasable","21":"product-type-simple"},"aioseo_notices":[],"_links":{"self":[{"href":"https:\/\/www.budream.com\/de\/wp-json\/wp\/v2\/product\/251819","targetHints":{"allow":["GET"]}}],"collection":[{"href":"https:\/\/www.budream.com\/de\/wp-json\/wp\/v2\/product"}],"about":[{"href":"https:\/\/www.budream.com\/de\/wp-json\/wp\/v2\/types\/product"}],"replies":[{"embeddable":true,"href":"https:\/\/www.budream.com\/de\/wp-json\/wp\/v2\/comments?post=251819"}],"version-history":[{"count":2,"href":"https:\/\/www.budream.com\/de\/wp-json\/wp\/v2\/product\/251819\/revisions"}],"predecessor-version":[{"id":261683,"href":"https:\/\/www.budream.com\/de\/wp-json\/wp\/v2\/product\/251819\/revisions\/261683"}],"wp:featuredmedia":[{"embeddable":true,"href":"https:\/\/www.budream.com\/de\/wp-json\/wp\/v2\/media\/251808"}],"wp:attachment":[{"href":"https:\/\/www.budream.com\/de\/wp-json\/wp\/v2\/media?parent=251819"}],"wp:term":[{"taxonomy":"product_brand","embeddable":true,"href":"https:\/\/www.budream.com\/de\/wp-json\/wp\/v2\/product_brand?post=251819"},{"taxonomy":"product_cat","embeddable":true,"href":"https:\/\/www.budream.com\/de\/wp-json\/wp\/v2\/product_cat?post=251819"},{"taxonomy":"product_tag","embeddable":true,"href":"https:\/\/www.budream.com\/de\/wp-json\/wp\/v2\/product_tag?post=251819"}],"curies":[{"name":"wp","href":"https:\/\/api.w.org\/{rel}","templated":true}]}}